{"id":2810,"date":"2023-08-31T10:21:45","date_gmt":"2023-08-31T09:21:45","guid":{"rendered":"http:\/\/162.19.247.115\/careers\/"},"modified":"2026-05-06T09:22:13","modified_gmt":"2026-05-06T08:22:13","slug":"careers","status":"publish","type":"page","link":"https:\/\/www.aadf.org\/sq\/careers\/","title":{"rendered":"Karrier\u00eb"},"content":{"rendered":"<h2><strong>Nisni nj\u00eb kapitull t\u00eb ri n\u00eb rrug\u00ebtimin tuaj profesional<\/strong><\/h2>\n<p>Zbuloni mund\u00ebsit\u00eb<\/p>\n<p>Ne besojm\u00eb se \u00e7do individ ka fuqin\u00eb p\u00ebr t\u00eb b\u00ebr\u00eb diferenc\u00ebn dhe AADF ofron ambientin e p\u00ebrshtatsh\u00ebm p\u00ebr zhvillimin e secilit prej tyre. Bashkohuni me ekipin ton\u00eb dinamik t\u00eb p\u00ebrb\u00ebr\u00eb nga vizionar\u00eb t\u00eb angazhuar p\u00ebr t\u00eb sjell\u00eb ndryshimin e domosdosh\u00ebm p\u00ebr p\u00ebrmir\u00ebsimin e jet\u00ebve t\u00eb \u00e7do shqiptari si dhe zhvillimin e q\u00ebndruesh\u00ebm t\u00eb vendit.<\/p>\n<p>M\u00eb shum\u00eb se tridhjet\u00eb profesionist\u00eb t\u00eb rinj me eksperienc\u00eb profesionale t\u00eb pasur jan\u00eb pjes\u00eb e AADF-s\u00eb. P\u00ebrvoja e tyre n\u00eb\u00a0 fusha t\u00eb shum\u00ebllojshme garanton mbar\u00ebvajtjen e projekteve tona t\u00eb cilat kan\u00eb natyr\u00eb nd\u00ebrdisiplinore. Arritjet e AADF-s\u00eb jan\u00eb t\u00eb lidhura n\u00eb m\u00ebnyr\u00eb t\u00eb qen\u00ebsishme me angazhimin, kujdesin p\u00ebr detajet si dhe me aft\u00ebsin\u00eb p\u00ebr t\u00eb zbatuar natyr\u00ebn komplekse t\u00eb ideve tona nga k\u00ebta profesionist\u00eb t\u00eb p\u00ebrkushtuar. S\u00eb bashku le t\u00eb p\u00ebrmbushim potencialin e Shqip\u00ebris\u00eb dhe t\u00eb nd\u00ebrtojm\u00eb nj\u00eb t\u00eb ardhme m\u00eb t\u00eb sigurt p\u00ebr brezat e ardhsh\u00ebm. Rrug\u00ebtimi juaj nis k\u00ebtu.<\/p>\n<p>P\u00ebr \u00e7do pyetje ose informacion t\u00eb m\u00ebtejsh\u00ebm, ju lutemi na kontaktoni n\u00ebp\u00ebrmjet email n\u00eb <a href=\"mailto:careers@aadf.org\">careers@aadf.org<\/a>.<\/p>\n<div class=\"drItemRow apply position-relative d-flex pl-3 pl-md-6 pr-3 py-3 mb-4\">\n<div class=\"descrWrap careers-special\">\n<div class=\" areers-special-button\"><strong>P\u00ebr momentin nuk kemi vende t\u00eb lira pune.<\/strong><\/div>\n<\/div>\n<\/div>\n","protected":false},"excerpt":{"rendered":"<p>Nisni nj\u00eb kapitull t\u00eb ri n\u00eb rrug\u00ebtimin tuaj profesional Zbuloni mund\u00ebsit\u00eb Ne besojm\u00eb se \u00e7do individ ka fuqin\u00eb p\u00ebr t\u00eb b\u00ebr\u00eb diferenc\u00ebn dhe AADF ofron ambientin e p\u00ebrshtatsh\u00ebm p\u00ebr zhvillimin e secilit prej tyre. Bashkohuni me ekipin ton\u00eb dinamik t\u00eb p\u00ebrb\u00ebr\u00eb nga vizionar\u00eb t\u00eb angazhuar p\u00ebr t\u00eb sjell\u00eb ndryshimin e domosdosh\u00ebm p\u00ebr p\u00ebrmir\u00ebsimin e jet\u00ebve [&hellip;]<\/p>\n","protected":false},"author":2,"featured_media":0,"parent":0,"menu_order":0,"comment_status":"closed","ping_status":"closed","template":"","meta":{"_acf_changed":false,"footnotes":""},"class_list":["post-2810","page","type-page","status-publish","hentry"],"acf":[],"yoast_head":"<!-- This site is optimized with the Yoast SEO plugin v27.5 - https:\/\/yoast.com\/product\/yoast-seo-wordpress\/ -->\n<title>Karrier\u00eb | AADF<\/title>\n<meta name=\"robots\" content=\"index, follow, max-snippet:-1, max-image-preview:large, max-video-preview:-1\" \/>\n<link rel=\"canonical\" href=\"https:\/\/www.aadf.org\/sq\/careers\/\" \/>\n<meta property=\"og:locale\" content=\"sq_AL\" \/>\n<meta property=\"og:type\" content=\"article\" \/>\n<meta property=\"og:title\" content=\"Karrier\u00eb | AADF\" \/>\n<meta property=\"og:description\" content=\"Nisni nj\u00eb kapitull t\u00eb ri n\u00eb rrug\u00ebtimin tuaj profesional Zbuloni mund\u00ebsit\u00eb Ne besojm\u00eb se \u00e7do individ ka fuqin\u00eb p\u00ebr t\u00eb b\u00ebr\u00eb diferenc\u00ebn dhe AADF ofron ambientin e p\u00ebrshtatsh\u00ebm p\u00ebr zhvillimin e secilit prej tyre. Bashkohuni me ekipin ton\u00eb dinamik t\u00eb p\u00ebrb\u00ebr\u00eb nga vizionar\u00eb t\u00eb angazhuar p\u00ebr t\u00eb sjell\u00eb ndryshimin e domosdosh\u00ebm p\u00ebr p\u00ebrmir\u00ebsimin e jet\u00ebve [&hellip;]\" \/>\n<meta property=\"og:url\" content=\"https:\/\/www.aadf.org\/sq\/careers\/\" \/>\n<meta property=\"og:site_name\" content=\"Albanian - American Development Foundation\" \/>\n<meta property=\"article:modified_time\" content=\"2026-05-06T08:22:13+00:00\" \/>\n<meta name=\"twitter:card\" content=\"summary_large_image\" \/>\n<meta name=\"twitter:label1\" content=\"Est. reading time\" \/>\n\t<meta name=\"twitter:data1\" content=\"1 minute\" \/>\n<script type=\"application\/ld+json\" class=\"yoast-schema-graph\">{\"@context\":\"https:\\\/\\\/schema.org\",\"@graph\":[{\"@type\":\"WebPage\",\"@id\":\"https:\\\/\\\/www.aadf.org\\\/sq\\\/careers\\\/\",\"url\":\"https:\\\/\\\/www.aadf.org\\\/sq\\\/careers\\\/\",\"name\":\"Karrier\u00eb | AADF\",\"isPartOf\":{\"@id\":\"https:\\\/\\\/www.aadf.org\\\/#website\"},\"datePublished\":\"2023-08-31T09:21:45+00:00\",\"dateModified\":\"2026-05-06T08:22:13+00:00\",\"breadcrumb\":{\"@id\":\"https:\\\/\\\/www.aadf.org\\\/sq\\\/careers\\\/#breadcrumb\"},\"inLanguage\":\"sq-AL\",\"potentialAction\":[{\"@type\":\"ReadAction\",\"target\":[\"https:\\\/\\\/www.aadf.org\\\/sq\\\/careers\\\/\"]}]},{\"@type\":\"BreadcrumbList\",\"@id\":\"https:\\\/\\\/www.aadf.org\\\/sq\\\/careers\\\/#breadcrumb\",\"itemListElement\":[{\"@type\":\"ListItem\",\"position\":1,\"name\":\"Home\",\"item\":\"https:\\\/\\\/www.aadf.org\\\/sq\\\/\"},{\"@type\":\"ListItem\",\"position\":2,\"name\":\"Karrier\u00eb\"}]},{\"@type\":\"WebSite\",\"@id\":\"https:\\\/\\\/www.aadf.org\\\/#website\",\"url\":\"https:\\\/\\\/www.aadf.org\\\/\",\"name\":\"Albanian - American Development Foundation\",\"description\":\"\",\"potentialAction\":[{\"@type\":\"SearchAction\",\"target\":{\"@type\":\"EntryPoint\",\"urlTemplate\":\"https:\\\/\\\/www.aadf.org\\\/?s={search_term_string}\"},\"query-input\":{\"@type\":\"PropertyValueSpecification\",\"valueRequired\":true,\"valueName\":\"search_term_string\"}}],\"inLanguage\":\"sq-AL\"}]}<\/script>\n<!-- \/ Yoast SEO plugin. -->","yoast_head_json":{"title":"Karrier\u00eb | AADF","robots":{"index":"index","follow":"follow","max-snippet":"max-snippet:-1","max-image-preview":"max-image-preview:large","max-video-preview":"max-video-preview:-1"},"canonical":"https:\/\/www.aadf.org\/sq\/careers\/","og_locale":"sq_AL","og_type":"article","og_title":"Karrier\u00eb | AADF","og_description":"Nisni nj\u00eb kapitull t\u00eb ri n\u00eb rrug\u00ebtimin tuaj profesional Zbuloni mund\u00ebsit\u00eb Ne besojm\u00eb se \u00e7do individ ka fuqin\u00eb p\u00ebr t\u00eb b\u00ebr\u00eb diferenc\u00ebn dhe AADF ofron ambientin e p\u00ebrshtatsh\u00ebm p\u00ebr zhvillimin e secilit prej tyre. Bashkohuni me ekipin ton\u00eb dinamik t\u00eb p\u00ebrb\u00ebr\u00eb nga vizionar\u00eb t\u00eb angazhuar p\u00ebr t\u00eb sjell\u00eb ndryshimin e domosdosh\u00ebm p\u00ebr p\u00ebrmir\u00ebsimin e jet\u00ebve [&hellip;]","og_url":"https:\/\/www.aadf.org\/sq\/careers\/","og_site_name":"Albanian - American Development Foundation","article_modified_time":"2026-05-06T08:22:13+00:00","twitter_card":"summary_large_image","twitter_misc":{"Est. reading time":"1 minute"},"schema":{"@context":"https:\/\/schema.org","@graph":[{"@type":"WebPage","@id":"https:\/\/www.aadf.org\/sq\/careers\/","url":"https:\/\/www.aadf.org\/sq\/careers\/","name":"Karrier\u00eb | AADF","isPartOf":{"@id":"https:\/\/www.aadf.org\/#website"},"datePublished":"2023-08-31T09:21:45+00:00","dateModified":"2026-05-06T08:22:13+00:00","breadcrumb":{"@id":"https:\/\/www.aadf.org\/sq\/careers\/#breadcrumb"},"inLanguage":"sq-AL","potentialAction":[{"@type":"ReadAction","target":["https:\/\/www.aadf.org\/sq\/careers\/"]}]},{"@type":"BreadcrumbList","@id":"https:\/\/www.aadf.org\/sq\/careers\/#breadcrumb","itemListElement":[{"@type":"ListItem","position":1,"name":"Home","item":"https:\/\/www.aadf.org\/sq\/"},{"@type":"ListItem","position":2,"name":"Karrier\u00eb"}]},{"@type":"WebSite","@id":"https:\/\/www.aadf.org\/#website","url":"https:\/\/www.aadf.org\/","name":"Albanian - American Development Foundation","description":"","potentialAction":[{"@type":"SearchAction","target":{"@type":"EntryPoint","urlTemplate":"https:\/\/www.aadf.org\/?s={search_term_string}"},"query-input":{"@type":"PropertyValueSpecification","valueRequired":true,"valueName":"search_term_string"}}],"inLanguage":"sq-AL"}]}},"_links":{"self":[{"href":"https:\/\/www.aadf.org\/sq\/wp-json\/wp\/v2\/pages\/2810","targetHints":{"allow":["GET"]}}],"collection":[{"href":"https:\/\/www.aadf.org\/sq\/wp-json\/wp\/v2\/pages"}],"about":[{"href":"https:\/\/www.aadf.org\/sq\/wp-json\/wp\/v2\/types\/page"}],"author":[{"embeddable":true,"href":"https:\/\/www.aadf.org\/sq\/wp-json\/wp\/v2\/users\/2"}],"replies":[{"embeddable":true,"href":"https:\/\/www.aadf.org\/sq\/wp-json\/wp\/v2\/comments?post=2810"}],"version-history":[{"count":56,"href":"https:\/\/www.aadf.org\/sq\/wp-json\/wp\/v2\/pages\/2810\/revisions"}],"predecessor-version":[{"id":7219,"href":"https:\/\/www.aadf.org\/sq\/wp-json\/wp\/v2\/pages\/2810\/revisions\/7219"}],"wp:attachment":[{"href":"https:\/\/www.aadf.org\/sq\/wp-json\/wp\/v2\/media?parent=2810"}],"curies":[{"name":"wp","href":"https:\/\/api.w.org\/{rel}","templated":true}]}}