{"id":3818,"date":"2023-07-22T20:50:17","date_gmt":"2023-07-22T20:50:17","guid":{"rendered":"http:\/\/162.19.247.115\/?page_id=3818"},"modified":"2024-07-30T08:44:22","modified_gmt":"2024-07-30T08:44:22","slug":"kontakt","status":"publish","type":"page","link":"https:\/\/www.aadf.org\/sq\/kontakt\/","title":{"rendered":"Kontakt"},"content":{"rendered":"<p>P\u00ebr t\u00eb na kontaktuar, ju lutemi t\u00eb plot\u00ebsoni formularin e kontaktit dhe ekipi yn\u00eb do t&#8217;i p\u00ebrgjigjet k\u00ebrkes\u00ebs suaj.<\/p>\n<p>Rr.\u201dIbrahim Rugova\u201d, Nd\u00ebrtesa 42, Hyrja 7, Apartamenti 60, Tiran\u00eb, Shqip\u00ebri<\/p>\n<p><strong>Orari:<\/strong><br \/>\nE H\u00ebn\u00eb &#8211; E Premte<br \/>\n09:00-17:00<\/p>\n<p>E: <a href=\"mailto:info@aadf.org\">info@aadf.org<\/a><br \/>\nT: <a href=\"tel:\/\/+355 4 2222408\">+355 4 2222408<\/a><\/p>\n<p><iframe loading=\"lazy\" style=\"border: 0;\" src=\"https:\/\/www.google.com\/maps\/embed?pb=!1m18!1m12!1m3!1d2996.4779196540203!2d19.81575027553042!3d41.32021990015959!2m3!1f0!2f0!3f0!3m2!1i1024!2i768!4f13.1!3m3!1m2!1s0x13503102d6a490ab%3A0x8b6184725a1ca97f!2sAlbanian%20American%20Development%20Foundation!5e0!3m2!1sen!2s!4v1721823898414!5m2!1sen!2s\" width=\"500\" height=\"310\" allowfullscreen=\"allowfullscreen\"><\/iframe><\/p>\n<p>&nbsp;<\/p>\n","protected":false},"excerpt":{"rendered":"<p>P\u00ebr t\u00eb na kontaktuar, ju lutemi t\u00eb plot\u00ebsoni formularin e kontaktit dhe ekipi yn\u00eb do t&#8217;i p\u00ebrgjigjet k\u00ebrkes\u00ebs suaj. Rr.\u201dIbrahim Rugova\u201d, Nd\u00ebrtesa 42, Hyrja 7, Apartamenti 60, Tiran\u00eb, Shqip\u00ebri Orari: E H\u00ebn\u00eb &#8211; E Premte 09:00-17:00 E: info@aadf.org T: +355 4 2222408 &nbsp;<\/p>\n","protected":false},"author":2,"featured_media":0,"parent":0,"menu_order":0,"comment_status":"closed","ping_status":"closed","template":"contact-page.php","meta":{"_acf_changed":false,"footnotes":""},"class_list":["post-3818","page","type-page","status-publish","hentry"],"acf":[],"yoast_head":"<!-- This site is optimized with the Yoast SEO plugin v26.6 - https:\/\/yoast.com\/wordpress\/plugins\/seo\/ -->\n<title>Kontakt - Albanian - American Development Foundation<\/title>\n<meta name=\"robots\" content=\"index, follow, max-snippet:-1, max-image-preview:large, max-video-preview:-1\" \/>\n<link rel=\"canonical\" href=\"https:\/\/www.aadf.org\/sq\/kontakt\/\" \/>\n<meta property=\"og:locale\" content=\"sq_AL\" \/>\n<meta property=\"og:type\" content=\"article\" \/>\n<meta property=\"og:title\" content=\"Kontakt - Albanian - American Development Foundation\" \/>\n<meta property=\"og:description\" content=\"P\u00ebr t\u00eb na kontaktuar, ju lutemi t\u00eb plot\u00ebsoni formularin e kontaktit dhe ekipi yn\u00eb do t&#8217;i p\u00ebrgjigjet k\u00ebrkes\u00ebs suaj. Rr.\u201dIbrahim Rugova\u201d, Nd\u00ebrtesa 42, Hyrja 7, Apartamenti 60, Tiran\u00eb, Shqip\u00ebri Orari: E H\u00ebn\u00eb &#8211; E Premte 09:00-17:00 E: info@aadf.org T: +355 4 2222408 &nbsp;\" \/>\n<meta property=\"og:url\" content=\"https:\/\/www.aadf.org\/sq\/kontakt\/\" \/>\n<meta property=\"og:site_name\" content=\"Albanian - American Development Foundation\" \/>\n<meta property=\"article:modified_time\" content=\"2024-07-30T08:44:22+00:00\" \/>\n<meta name=\"twitter:card\" content=\"summary_large_image\" \/>\n<meta name=\"twitter:label1\" content=\"Est. reading time\" \/>\n\t<meta name=\"twitter:data1\" content=\"1 minute\" \/>\n<script type=\"application\/ld+json\" class=\"yoast-schema-graph\">{\"@context\":\"https:\/\/schema.org\",\"@graph\":[{\"@type\":\"WebPage\",\"@id\":\"https:\/\/www.aadf.org\/sq\/kontakt\/\",\"url\":\"https:\/\/www.aadf.org\/sq\/kontakt\/\",\"name\":\"Kontakt - Albanian - American Development Foundation\",\"isPartOf\":{\"@id\":\"https:\/\/www.aadf.org\/#website\"},\"datePublished\":\"2023-07-22T20:50:17+00:00\",\"dateModified\":\"2024-07-30T08:44:22+00:00\",\"breadcrumb\":{\"@id\":\"https:\/\/www.aadf.org\/sq\/kontakt\/#breadcrumb\"},\"inLanguage\":\"sq-AL\",\"potentialAction\":[{\"@type\":\"ReadAction\",\"target\":[\"https:\/\/www.aadf.org\/sq\/kontakt\/\"]}]},{\"@type\":\"BreadcrumbList\",\"@id\":\"https:\/\/www.aadf.org\/sq\/kontakt\/#breadcrumb\",\"itemListElement\":[{\"@type\":\"ListItem\",\"position\":1,\"name\":\"Home\",\"item\":\"https:\/\/www.aadf.org\/sq\/\"},{\"@type\":\"ListItem\",\"position\":2,\"name\":\"Kontakt\"}]},{\"@type\":\"WebSite\",\"@id\":\"https:\/\/www.aadf.org\/#website\",\"url\":\"https:\/\/www.aadf.org\/\",\"name\":\"Albanian - American Development Foundation\",\"description\":\"\",\"potentialAction\":[{\"@type\":\"SearchAction\",\"target\":{\"@type\":\"EntryPoint\",\"urlTemplate\":\"https:\/\/www.aadf.org\/?s={search_term_string}\"},\"query-input\":{\"@type\":\"PropertyValueSpecification\",\"valueRequired\":true,\"valueName\":\"search_term_string\"}}],\"inLanguage\":\"sq-AL\"}]}<\/script>\n<!-- \/ Yoast SEO plugin. -->","yoast_head_json":{"title":"Kontakt - Albanian - American Development Foundation","robots":{"index":"index","follow":"follow","max-snippet":"max-snippet:-1","max-image-preview":"max-image-preview:large","max-video-preview":"max-video-preview:-1"},"canonical":"https:\/\/www.aadf.org\/sq\/kontakt\/","og_locale":"sq_AL","og_type":"article","og_title":"Kontakt - Albanian - American Development Foundation","og_description":"P\u00ebr t\u00eb na kontaktuar, ju lutemi t\u00eb plot\u00ebsoni formularin e kontaktit dhe ekipi yn\u00eb do t&#8217;i p\u00ebrgjigjet k\u00ebrkes\u00ebs suaj. Rr.\u201dIbrahim Rugova\u201d, Nd\u00ebrtesa 42, Hyrja 7, Apartamenti 60, Tiran\u00eb, Shqip\u00ebri Orari: E H\u00ebn\u00eb &#8211; E Premte 09:00-17:00 E: info@aadf.org T: +355 4 2222408 &nbsp;","og_url":"https:\/\/www.aadf.org\/sq\/kontakt\/","og_site_name":"Albanian - American Development Foundation","article_modified_time":"2024-07-30T08:44:22+00:00","twitter_card":"summary_large_image","twitter_misc":{"Est. reading time":"1 minute"},"schema":{"@context":"https:\/\/schema.org","@graph":[{"@type":"WebPage","@id":"https:\/\/www.aadf.org\/sq\/kontakt\/","url":"https:\/\/www.aadf.org\/sq\/kontakt\/","name":"Kontakt - Albanian - American Development Foundation","isPartOf":{"@id":"https:\/\/www.aadf.org\/#website"},"datePublished":"2023-07-22T20:50:17+00:00","dateModified":"2024-07-30T08:44:22+00:00","breadcrumb":{"@id":"https:\/\/www.aadf.org\/sq\/kontakt\/#breadcrumb"},"inLanguage":"sq-AL","potentialAction":[{"@type":"ReadAction","target":["https:\/\/www.aadf.org\/sq\/kontakt\/"]}]},{"@type":"BreadcrumbList","@id":"https:\/\/www.aadf.org\/sq\/kontakt\/#breadcrumb","itemListElement":[{"@type":"ListItem","position":1,"name":"Home","item":"https:\/\/www.aadf.org\/sq\/"},{"@type":"ListItem","position":2,"name":"Kontakt"}]},{"@type":"WebSite","@id":"https:\/\/www.aadf.org\/#website","url":"https:\/\/www.aadf.org\/","name":"Albanian - American Development Foundation","description":"","potentialAction":[{"@type":"SearchAction","target":{"@type":"EntryPoint","urlTemplate":"https:\/\/www.aadf.org\/?s={search_term_string}"},"query-input":{"@type":"PropertyValueSpecification","valueRequired":true,"valueName":"search_term_string"}}],"inLanguage":"sq-AL"}]}},"_links":{"self":[{"href":"https:\/\/www.aadf.org\/sq\/wp-json\/wp\/v2\/pages\/3818","targetHints":{"allow":["GET"]}}],"collection":[{"href":"https:\/\/www.aadf.org\/sq\/wp-json\/wp\/v2\/pages"}],"about":[{"href":"https:\/\/www.aadf.org\/sq\/wp-json\/wp\/v2\/types\/page"}],"author":[{"embeddable":true,"href":"https:\/\/www.aadf.org\/sq\/wp-json\/wp\/v2\/users\/2"}],"replies":[{"embeddable":true,"href":"https:\/\/www.aadf.org\/sq\/wp-json\/wp\/v2\/comments?post=3818"}],"version-history":[{"count":13,"href":"https:\/\/www.aadf.org\/sq\/wp-json\/wp\/v2\/pages\/3818\/revisions"}],"predecessor-version":[{"id":4273,"href":"https:\/\/www.aadf.org\/sq\/wp-json\/wp\/v2\/pages\/3818\/revisions\/4273"}],"wp:attachment":[{"href":"https:\/\/www.aadf.org\/sq\/wp-json\/wp\/v2\/media?parent=3818"}],"curies":[{"name":"wp","href":"https:\/\/api.w.org\/{rel}","templated":true}]}}