{"id":4292,"date":"2024-01-04T14:21:47","date_gmt":"2024-01-04T13:21:47","guid":{"rendered":"http:\/\/162.19.247.115\/?page_id=4292"},"modified":"2025-02-18T10:01:20","modified_gmt":"2025-02-18T09:01:20","slug":"njoftimi-i-privatesise-se-te-dhenave-dhe-pelqimi-per-perdorimin-e-te-dhenave-te-aplikimit-per-pune","status":"publish","type":"page","link":"https:\/\/www.aadf.org\/sq\/njoftimi-i-privatesise-se-te-dhenave-dhe-pelqimi-per-perdorimin-e-te-dhenave-te-aplikimit-per-pune\/","title":{"rendered":"Njoftimi i privat\u00ebsis\u00eb s\u00eb t\u00eb dh\u00ebnave dhe p\u00eblqimi p\u00ebr p\u00ebrdorimin e t\u00eb dh\u00ebnave t\u00eb aplikimit p\u00ebr pun\u00eb"},"content":{"rendered":"<p>Fondacioni Shqiptaro-Amerikan p\u00ebr Zhvillim (m\u00eb tej referuar si &#8220;AADF&#8221; &#8220;ne&#8221; ose &#8220;jon\u00eb&#8221;) \u00ebsht\u00eb i p\u00ebrkushtuar t\u00eb respektoj\u00eb privat\u00ebsin\u00eb tuaj dhe t\u00eb gjitha ligjet e zbatueshme p\u00ebr mbrojtjen e t\u00eb dh\u00ebnave dhe privat\u00ebsin\u00eb.<\/p>\n<p>Ky Njoftim mbi Privat\u00ebsin\u00eb e t\u00eb Dh\u00ebnave (&#8220;Njoftim mbi Privat\u00ebsin\u00eb&#8221;) synon t&#8217;ju informoj\u00eb se si AADF do t&#8217;i p\u00ebrdor\u00eb t\u00eb dh\u00ebnat q\u00eb dor\u00ebzoni kur aplikoni p\u00ebr nj\u00eb vend t\u00eb lir\u00eb pune n\u00ebp\u00ebrmjet faqes son\u00eb t\u00eb internetit (&#8220;T\u00eb Dh\u00ebnat e Aplikimit p\u00ebr Pun\u00eb&#8221;).<\/p>\n<p><strong>1. \u00c7FAR\u00cb T\u00cb DH\u00cbNASH MBLEDHIM DHE P\u00cbRPUNOJM\u00cb?<\/strong><br \/>\nKy Njoftim mbi Privat\u00ebsin\u00eb zbatohet p\u00ebr t\u00eb Dh\u00ebnat e m\u00ebposhtme t\u00eb Aplikimit p\u00ebr Pun\u00eb q\u00eb dor\u00ebzoni p\u00ebrmes faqes son\u00eb t\u00eb internetit:<br \/>\n\u25cf Emri, mbiemri, data e lindjes, adresa e emailit, numri i telefonit, profili n\u00eb LinkedIn (opsional);<br \/>\n\u25cf Informacioni i dh\u00ebn\u00eb n\u00eb CV-n\u00eb tuaj, letr\u00ebn motivuese dhe dokumente t\u00eb tjera t\u00eb dor\u00ebzuara, duke p\u00ebrfshir\u00eb por pa u kufizuar n\u00eb arsimin, kualifikimet, historin\u00eb e pun\u00ebsimit;<br \/>\n\u25cf Informacioni i dh\u00ebn\u00eb me letra reference (kur k\u00ebrkohet). Ju lutemi vini re se keni detyrimin t\u00eb merrni paraprakisht p\u00eblqimin me shkrim nga \u00e7do referues p\u00ebr t\u00eb ndar\u00eb me ne t\u00eb dh\u00ebnat e tyre personale.<\/p>\n<p><strong>2. SI DO T\u2019I P\u00cbRDORIM T\u00cb DH\u00cbNAT E APLIKIMIT TUAJ P\u00cbR PUN\u00cb?<\/strong><br \/>\nT\u00eb dh\u00ebnat e Aplikimit p\u00ebr Pun\u00eb q\u00eb ju jepni do t\u00eb p\u00ebrdoren nga AADF p\u00ebr t\u00eb vler\u00ebsuar aplikimin tuaj p\u00ebr pun\u00eb, p\u00ebr t\u00eb verifikuar informacionin e dh\u00ebn\u00eb dhe p\u00ebr t\u00eb komunikuar me ju n\u00eb kuad\u00ebr t\u00eb procesit t\u00eb rekrutimit. T\u00eb Dh\u00ebnat e Aplikimit p\u00ebr Pun\u00eb mund t\u00eb p\u00ebrdoren nga AADF p\u00ebr mund\u00ebsi t\u00eb ardhshme pun\u00ebsimi, vet\u00ebm n\u00ebse ju keni dh\u00ebn\u00eb n\u00eb m\u00ebnyr\u00eb specifike p\u00eblqimin tuaj p\u00ebr t&#8217;u konsideruar n\u00eb mund\u00ebsit\u00eb e ardhshme t\u00eb pun\u00ebsimit.<\/p>\n<p>Ne nuk do t\u00eb ruajm\u00eb ose p\u00ebrpunojm\u00eb asnj\u00eb t\u00eb dh\u00ebn\u00eb personale q\u00eb nuk na nevojitet p\u00ebr t\u00eb p\u00ebrmbushur q\u00ebllimet e m\u00ebsip\u00ebrme. Megjithat\u00eb, n\u00ebse konsiderojm\u00eb se \u00ebsht\u00eb e nevojshme dhe e arsyeshme t\u00eb p\u00ebrdorim t\u00eb Dh\u00ebnat tuaja t\u00eb Aplikimit p\u00ebr Pun\u00eb p\u00ebr nj\u00eb q\u00ebllim tjet\u00ebr, ne do t&#8217;ju njoftojm\u00eb dhe do t&#8217;ju shpjegojm\u00eb baz\u00ebn ligjore q\u00eb na lejon ta b\u00ebjm\u00eb k\u00ebt\u00eb.<\/p>\n<p>Ju nuk keni asnj\u00eb detyrim ligjor ose kontraktual p\u00ebr t\u00eb dh\u00ebn\u00eb t\u00eb dh\u00ebna gjat\u00eb procesit t\u00eb rekrutimit. Megjithat\u00eb, n\u00ebse vendosni t\u00eb mos jepni t\u00eb gjitha t\u00eb dh\u00ebnat q\u00eb k\u00ebrkohen nga ne n\u00eb thirrjen ton\u00eb p\u00ebr aplikim, ju lutemi vini re se vler\u00ebsimi juaj si kandidat mund t\u00eb jet\u00eb i kufizuar.<\/p>\n<p><strong>3. SI DO T\u2019I RUAJM\u00cb T\u00cb DH\u00cbNAT E APLIKIMIT TUAJ P\u00cbR PUN\u00cb?<\/strong><br \/>\nT\u00eb Dh\u00ebnat tuaja t\u00eb Aplikimit p\u00ebr Pun\u00eb do t\u00eb ruhen n\u00eb dosjen tuaj t\u00eb aplikimit, n\u00eb sistemet e menaxhimit t\u00eb burimeve njer\u00ebzore ose sisteme t\u00eb tjera TIK (p\u00ebrfshir\u00eb emailin) dhe n\u00eb kopje fizike.<\/p>\n<p><strong>4. CILAT JAN\u00cb DETYRIMET TONA N\u00cb LIDHJE ME SI I P\u00cbRPUNOJM\u00cb T\u00cb DH\u00cbNAT TUAJA PERSONALE?<\/strong><br \/>\nKur p\u00ebrpunojm\u00eb ndonj\u00eb nga t\u00eb Dh\u00ebnat e Aplikimit p\u00ebr Pun\u00eb, ne sigurohemi q\u00eb k\u00ebto t\u00eb dh\u00ebna jan\u00eb:<\/p>\n<p>\u25cf Mbledhur vet\u00ebm p\u00ebr q\u00ebllimet e parashikuara m\u00eb sip\u00ebr;<br \/>\n\u25cf P\u00ebrdorur n\u00eb m\u00ebnyr\u00eb t\u00eb ligjshme, t\u00eb drejt\u00eb dhe transparente;<br \/>\n\u25cf Mbajtur n\u00eb m\u00ebnyr\u00eb t\u00eb sigurt.<\/p>\n<p><strong>5. T\u00cb DREJTAT TUAJA LIGJORE<\/strong><br \/>\nJu keni t\u00eb drejtat e m\u00ebposhtme n\u00eb lidhje me t\u00eb Dh\u00ebnat e Aplikimit p\u00ebr Pun\u00eb q\u00eb keni ndar\u00eb me ne:<br \/>\n\u25cf E drejta e aksesit;<br \/>\n\u25cf E drejta p\u00ebr korrigjim dhe fshirje;<br \/>\n\u25cf E drejta e kufizimit t\u00eb p\u00ebrpunimit;<br \/>\n\u25cf E drejta p\u00ebr transferueshm\u00ebrin\u00eb e t\u00eb dh\u00ebnave;<br \/>\n\u25cf E drejta p\u00ebr t\u00eb kund\u00ebrshtuar.<\/p>\n<p>P\u00ebr m\u00eb shum\u00eb informacion mbi t\u00eb drejtat tuaja ligjore, mund t\u00eb lexoni Politik\u00ebn ton\u00eb t\u00eb Privat\u00ebsis\u00eb https:\/\/aadf.org\/sq\/politikat-e-privatesise\/<\/p>\n<p><strong>6. NDARJA E T\u00cb DH\u00cbNAVE<\/strong><br \/>\nNe mund t\u00eb ndajm\u00eb t\u00eb Dh\u00ebnat tuaja t\u00eb Aplikimit p\u00ebr Pun\u00eb me pal\u00ebt e treta n\u00eb rast se procesi i rekrutimit do t\u00eb ndiqet nga nj\u00eb agjensi rekrutimi. AADF do t\u00eb lidh\u00eb nj\u00eb marr\u00ebveshje paraprake me k\u00ebt\u00eb agjensi rekrutimi p\u00ebr delegimin e p\u00ebrpunimit t\u00ebe t\u00eb dh\u00ebnave personale, duke siguruar q\u00eb agjensia e rekrutimit t\u00eb respektoj\u00eb detyrimet ligjore si p\u00ebrpunues i t\u00eb dh\u00ebnave.<\/p>\n<p><strong>7. SA KOH\u00cb DO T\u2019I RUAJM\u00cb T\u00cb DH\u00cbNAT TUAJA T\u00cb APLIKIMIT P\u00cbR PUN\u00cb?<\/strong><br \/>\nNe do t&#8217;i ruajm\u00eb t\u00eb Dh\u00ebnat tuaja t\u00eb Aplikimit p\u00ebr Pun\u00eb p\u00ebr aq koh\u00eb sa \u00ebsht\u00eb e nevojshme p\u00ebr t\u00eb p\u00ebrmbushur q\u00ebllimet p\u00ebr t\u00eb cilat jan\u00eb mbledhur.<\/p>\n<p>(OPSIONALE) Ju pranoni q\u00eb n\u00ebse aplikimi juaj p\u00ebr pun\u00ebsim \u00ebsht\u00eb i pasuksessh\u00ebm, ne mund t&#8217;i mbajm\u00eb t\u00eb Dh\u00ebnat tuaja t\u00eb Aplikimit p\u00ebr Pun\u00eb p\u00ebr 2 (dy) vite pas p\u00ebrfundimit t\u00eb procesit p\u00ebrkat\u00ebs t\u00eb rekrutimit, p\u00ebr t&#8217;u shqyrtuar p\u00ebr mund\u00ebsi t\u00eb ardhshme pun\u00ebsimi.<\/p>\n<p>N\u00ebse aplikimi juaj p\u00ebr pun\u00ebsim \u00ebsht\u00eb i suksessh\u00ebm, t\u00eb Dh\u00ebnat e Aplikimit p\u00ebr Pun\u00eb t\u00eb mbledhura gjat\u00eb procesit t\u00eb rekrutimit do t\u00eb transferohen n\u00eb dosjen tuaj personale dhe do t\u00eb ruhen gjat\u00eb pun\u00ebsimit tuaj, n\u00eb p\u00ebrputhje me rregulloret e mbrojtjes s\u00eb t\u00eb dh\u00ebnave personale t\u00eb AADF-s\u00eb.<\/p>\n<p>N\u00ebse aplikimi juaj p\u00ebr pun\u00ebsim \u00ebsht\u00eb i pasuksessh\u00ebm, t\u00eb Dh\u00ebnat e Aplikimit p\u00ebr pun\u00eb t\u00eb mbledhura gjat\u00eb procesit t\u00eb rekrutimit do t\u00eb fshihen automatikisht nga sistemi dhe \u00e7do vendndodhje tjet\u00ebr e ruajtjes s\u00eb t\u00eb dh\u00ebnave 6 (gjasht\u00eb) muaj nga p\u00ebrfundimi i procesit t\u00eb p\u00ebrzgjedhjes s\u00eb pun\u00ebsimit, p\u00ebrve\u00e7se n\u00ebse ju keni zgjedhur t\u00eb ruani t\u00eb Dh\u00ebnat tuaja t\u00eb Aplikimit p\u00ebr Pun\u00eb p\u00ebr t&#8217;u konsideruar p\u00ebr mund\u00ebsi t\u00eb ardhshme pun\u00ebsimi.<\/p>\n<p><strong>8. NA KONTAKTONI<\/strong><br \/>\nN\u00ebse keni pyetje n\u00eb lidhje me k\u00ebt\u00eb Politik\u00eb t\u00eb Privat\u00ebsis\u00eb, ju lutemi na d\u00ebrgoni email n\u00eb privacy@aadf.org ose na shkruani n\u00eb adres\u00ebn: Rruga Ibrahim Rugova, godina nr. 42, Hyrja 7, Apartamenti 60, Tiran\u00eb, Shqip\u00ebri.<\/p>\n<p><strong>9. P\u00cbLQIMI JUAJ<\/strong><br \/>\nDuke paraqitur t\u00eb Dh\u00ebnat tuaja t\u00eb Aplikimit p\u00ebr Pun\u00eb, ju po na jepni p\u00eblqimin tuaj p\u00ebr p\u00ebrpunimin e atij informacioni n\u00eb p\u00ebrputhje me k\u00ebt\u00eb Njoftim mbi Privat\u00ebsin\u00eb.<\/p>\n","protected":false},"excerpt":{"rendered":"<p>Fondacioni Shqiptaro-Amerikan p\u00ebr Zhvillim (m\u00eb tej referuar si &#8220;AADF&#8221; &#8220;ne&#8221; ose &#8220;jon\u00eb&#8221;) \u00ebsht\u00eb i p\u00ebrkushtuar t\u00eb respektoj\u00eb privat\u00ebsin\u00eb tuaj dhe t\u00eb gjitha ligjet e zbatueshme p\u00ebr mbrojtjen e t\u00eb dh\u00ebnave dhe privat\u00ebsin\u00eb. Ky Njoftim mbi Privat\u00ebsin\u00eb e t\u00eb Dh\u00ebnave (&#8220;Njoftim mbi Privat\u00ebsin\u00eb&#8221;) synon t&#8217;ju informoj\u00eb se si AADF do t&#8217;i p\u00ebrdor\u00eb t\u00eb dh\u00ebnat q\u00eb dor\u00ebzoni [&hellip;]<\/p>\n","protected":false},"author":15,"featured_media":0,"parent":0,"menu_order":0,"comment_status":"closed","ping_status":"closed","template":"","meta":{"_acf_changed":false,"footnotes":""},"class_list":["post-4292","page","type-page","status-publish","hentry"],"acf":[],"yoast_head":"<!-- This site is optimized with the Yoast SEO plugin v27.5 - https:\/\/yoast.com\/product\/yoast-seo-wordpress\/ -->\n<title>Njoftimi i privat\u00ebsis\u00eb s\u00eb t\u00eb dh\u00ebnave dhe p\u00eblqimi p\u00ebr p\u00ebrdorimin e t\u00eb dh\u00ebnave t\u00eb aplikimit p\u00ebr pun\u00eb - Albanian - American Development Foundation<\/title>\n<meta name=\"robots\" content=\"index, follow, max-snippet:-1, max-image-preview:large, max-video-preview:-1\" \/>\n<link rel=\"canonical\" href=\"https:\/\/www.aadf.org\/sq\/njoftimi-i-privatesise-se-te-dhenave-dhe-pelqimi-per-perdorimin-e-te-dhenave-te-aplikimit-per-pune\/\" \/>\n<meta property=\"og:locale\" content=\"sq_AL\" \/>\n<meta property=\"og:type\" content=\"article\" \/>\n<meta property=\"og:title\" content=\"Njoftimi i privat\u00ebsis\u00eb s\u00eb t\u00eb dh\u00ebnave dhe p\u00eblqimi p\u00ebr p\u00ebrdorimin e t\u00eb dh\u00ebnave t\u00eb aplikimit p\u00ebr pun\u00eb - Albanian - American Development Foundation\" \/>\n<meta property=\"og:description\" content=\"Fondacioni Shqiptaro-Amerikan p\u00ebr Zhvillim (m\u00eb tej referuar si &#8220;AADF&#8221; &#8220;ne&#8221; ose &#8220;jon\u00eb&#8221;) \u00ebsht\u00eb i p\u00ebrkushtuar t\u00eb respektoj\u00eb privat\u00ebsin\u00eb tuaj dhe t\u00eb gjitha ligjet e zbatueshme p\u00ebr mbrojtjen e t\u00eb dh\u00ebnave dhe privat\u00ebsin\u00eb. Ky Njoftim mbi Privat\u00ebsin\u00eb e t\u00eb Dh\u00ebnave (&#8220;Njoftim mbi Privat\u00ebsin\u00eb&#8221;) synon t&#8217;ju informoj\u00eb se si AADF do t&#8217;i p\u00ebrdor\u00eb t\u00eb dh\u00ebnat q\u00eb dor\u00ebzoni [&hellip;]\" \/>\n<meta property=\"og:url\" content=\"https:\/\/www.aadf.org\/sq\/njoftimi-i-privatesise-se-te-dhenave-dhe-pelqimi-per-perdorimin-e-te-dhenave-te-aplikimit-per-pune\/\" \/>\n<meta property=\"og:site_name\" content=\"Albanian - American Development Foundation\" \/>\n<meta property=\"article:modified_time\" content=\"2025-02-18T09:01:20+00:00\" \/>\n<meta name=\"twitter:card\" content=\"summary_large_image\" \/>\n<meta name=\"twitter:label1\" content=\"Est. reading time\" \/>\n\t<meta name=\"twitter:data1\" content=\"4 minutes\" \/>\n<script type=\"application\/ld+json\" class=\"yoast-schema-graph\">{\"@context\":\"https:\\\/\\\/schema.org\",\"@graph\":[{\"@type\":\"WebPage\",\"@id\":\"https:\\\/\\\/www.aadf.org\\\/sq\\\/njoftimi-i-privatesise-se-te-dhenave-dhe-pelqimi-per-perdorimin-e-te-dhenave-te-aplikimit-per-pune\\\/\",\"url\":\"https:\\\/\\\/www.aadf.org\\\/sq\\\/njoftimi-i-privatesise-se-te-dhenave-dhe-pelqimi-per-perdorimin-e-te-dhenave-te-aplikimit-per-pune\\\/\",\"name\":\"Njoftimi i privat\u00ebsis\u00eb s\u00eb t\u00eb dh\u00ebnave dhe p\u00eblqimi p\u00ebr p\u00ebrdorimin e t\u00eb dh\u00ebnave t\u00eb aplikimit p\u00ebr pun\u00eb - Albanian - American Development Foundation\",\"isPartOf\":{\"@id\":\"https:\\\/\\\/www.aadf.org\\\/#website\"},\"datePublished\":\"2024-01-04T13:21:47+00:00\",\"dateModified\":\"2025-02-18T09:01:20+00:00\",\"breadcrumb\":{\"@id\":\"https:\\\/\\\/www.aadf.org\\\/sq\\\/njoftimi-i-privatesise-se-te-dhenave-dhe-pelqimi-per-perdorimin-e-te-dhenave-te-aplikimit-per-pune\\\/#breadcrumb\"},\"inLanguage\":\"sq-AL\",\"potentialAction\":[{\"@type\":\"ReadAction\",\"target\":[\"https:\\\/\\\/www.aadf.org\\\/sq\\\/njoftimi-i-privatesise-se-te-dhenave-dhe-pelqimi-per-perdorimin-e-te-dhenave-te-aplikimit-per-pune\\\/\"]}]},{\"@type\":\"BreadcrumbList\",\"@id\":\"https:\\\/\\\/www.aadf.org\\\/sq\\\/njoftimi-i-privatesise-se-te-dhenave-dhe-pelqimi-per-perdorimin-e-te-dhenave-te-aplikimit-per-pune\\\/#breadcrumb\",\"itemListElement\":[{\"@type\":\"ListItem\",\"position\":1,\"name\":\"Home\",\"item\":\"https:\\\/\\\/www.aadf.org\\\/sq\\\/\"},{\"@type\":\"ListItem\",\"position\":2,\"name\":\"Njoftimi i privat\u00ebsis\u00eb s\u00eb t\u00eb dh\u00ebnave dhe p\u00eblqimi p\u00ebr p\u00ebrdorimin e t\u00eb dh\u00ebnave t\u00eb aplikimit p\u00ebr pun\u00eb\"}]},{\"@type\":\"WebSite\",\"@id\":\"https:\\\/\\\/www.aadf.org\\\/#website\",\"url\":\"https:\\\/\\\/www.aadf.org\\\/\",\"name\":\"Albanian - American Development Foundation\",\"description\":\"\",\"potentialAction\":[{\"@type\":\"SearchAction\",\"target\":{\"@type\":\"EntryPoint\",\"urlTemplate\":\"https:\\\/\\\/www.aadf.org\\\/?s={search_term_string}\"},\"query-input\":{\"@type\":\"PropertyValueSpecification\",\"valueRequired\":true,\"valueName\":\"search_term_string\"}}],\"inLanguage\":\"sq-AL\"}]}<\/script>\n<!-- \/ Yoast SEO plugin. -->","yoast_head_json":{"title":"Njoftimi i privat\u00ebsis\u00eb s\u00eb t\u00eb dh\u00ebnave dhe p\u00eblqimi p\u00ebr p\u00ebrdorimin e t\u00eb dh\u00ebnave t\u00eb aplikimit p\u00ebr pun\u00eb - Albanian - American Development Foundation","robots":{"index":"index","follow":"follow","max-snippet":"max-snippet:-1","max-image-preview":"max-image-preview:large","max-video-preview":"max-video-preview:-1"},"canonical":"https:\/\/www.aadf.org\/sq\/njoftimi-i-privatesise-se-te-dhenave-dhe-pelqimi-per-perdorimin-e-te-dhenave-te-aplikimit-per-pune\/","og_locale":"sq_AL","og_type":"article","og_title":"Njoftimi i privat\u00ebsis\u00eb s\u00eb t\u00eb dh\u00ebnave dhe p\u00eblqimi p\u00ebr p\u00ebrdorimin e t\u00eb dh\u00ebnave t\u00eb aplikimit p\u00ebr pun\u00eb - Albanian - American Development Foundation","og_description":"Fondacioni Shqiptaro-Amerikan p\u00ebr Zhvillim (m\u00eb tej referuar si &#8220;AADF&#8221; &#8220;ne&#8221; ose &#8220;jon\u00eb&#8221;) \u00ebsht\u00eb i p\u00ebrkushtuar t\u00eb respektoj\u00eb privat\u00ebsin\u00eb tuaj dhe t\u00eb gjitha ligjet e zbatueshme p\u00ebr mbrojtjen e t\u00eb dh\u00ebnave dhe privat\u00ebsin\u00eb. Ky Njoftim mbi Privat\u00ebsin\u00eb e t\u00eb Dh\u00ebnave (&#8220;Njoftim mbi Privat\u00ebsin\u00eb&#8221;) synon t&#8217;ju informoj\u00eb se si AADF do t&#8217;i p\u00ebrdor\u00eb t\u00eb dh\u00ebnat q\u00eb dor\u00ebzoni [&hellip;]","og_url":"https:\/\/www.aadf.org\/sq\/njoftimi-i-privatesise-se-te-dhenave-dhe-pelqimi-per-perdorimin-e-te-dhenave-te-aplikimit-per-pune\/","og_site_name":"Albanian - American Development Foundation","article_modified_time":"2025-02-18T09:01:20+00:00","twitter_card":"summary_large_image","twitter_misc":{"Est. reading time":"4 minutes"},"schema":{"@context":"https:\/\/schema.org","@graph":[{"@type":"WebPage","@id":"https:\/\/www.aadf.org\/sq\/njoftimi-i-privatesise-se-te-dhenave-dhe-pelqimi-per-perdorimin-e-te-dhenave-te-aplikimit-per-pune\/","url":"https:\/\/www.aadf.org\/sq\/njoftimi-i-privatesise-se-te-dhenave-dhe-pelqimi-per-perdorimin-e-te-dhenave-te-aplikimit-per-pune\/","name":"Njoftimi i privat\u00ebsis\u00eb s\u00eb t\u00eb dh\u00ebnave dhe p\u00eblqimi p\u00ebr p\u00ebrdorimin e t\u00eb dh\u00ebnave t\u00eb aplikimit p\u00ebr pun\u00eb - Albanian - American Development Foundation","isPartOf":{"@id":"https:\/\/www.aadf.org\/#website"},"datePublished":"2024-01-04T13:21:47+00:00","dateModified":"2025-02-18T09:01:20+00:00","breadcrumb":{"@id":"https:\/\/www.aadf.org\/sq\/njoftimi-i-privatesise-se-te-dhenave-dhe-pelqimi-per-perdorimin-e-te-dhenave-te-aplikimit-per-pune\/#breadcrumb"},"inLanguage":"sq-AL","potentialAction":[{"@type":"ReadAction","target":["https:\/\/www.aadf.org\/sq\/njoftimi-i-privatesise-se-te-dhenave-dhe-pelqimi-per-perdorimin-e-te-dhenave-te-aplikimit-per-pune\/"]}]},{"@type":"BreadcrumbList","@id":"https:\/\/www.aadf.org\/sq\/njoftimi-i-privatesise-se-te-dhenave-dhe-pelqimi-per-perdorimin-e-te-dhenave-te-aplikimit-per-pune\/#breadcrumb","itemListElement":[{"@type":"ListItem","position":1,"name":"Home","item":"https:\/\/www.aadf.org\/sq\/"},{"@type":"ListItem","position":2,"name":"Njoftimi i privat\u00ebsis\u00eb s\u00eb t\u00eb dh\u00ebnave dhe p\u00eblqimi p\u00ebr p\u00ebrdorimin e t\u00eb dh\u00ebnave t\u00eb aplikimit p\u00ebr pun\u00eb"}]},{"@type":"WebSite","@id":"https:\/\/www.aadf.org\/#website","url":"https:\/\/www.aadf.org\/","name":"Albanian - American Development Foundation","description":"","potentialAction":[{"@type":"SearchAction","target":{"@type":"EntryPoint","urlTemplate":"https:\/\/www.aadf.org\/?s={search_term_string}"},"query-input":{"@type":"PropertyValueSpecification","valueRequired":true,"valueName":"search_term_string"}}],"inLanguage":"sq-AL"}]}},"_links":{"self":[{"href":"https:\/\/www.aadf.org\/sq\/wp-json\/wp\/v2\/pages\/4292","targetHints":{"allow":["GET"]}}],"collection":[{"href":"https:\/\/www.aadf.org\/sq\/wp-json\/wp\/v2\/pages"}],"about":[{"href":"https:\/\/www.aadf.org\/sq\/wp-json\/wp\/v2\/types\/page"}],"author":[{"embeddable":true,"href":"https:\/\/www.aadf.org\/sq\/wp-json\/wp\/v2\/users\/15"}],"replies":[{"embeddable":true,"href":"https:\/\/www.aadf.org\/sq\/wp-json\/wp\/v2\/comments?post=4292"}],"version-history":[{"count":5,"href":"https:\/\/www.aadf.org\/sq\/wp-json\/wp\/v2\/pages\/4292\/revisions"}],"predecessor-version":[{"id":5546,"href":"https:\/\/www.aadf.org\/sq\/wp-json\/wp\/v2\/pages\/4292\/revisions\/5546"}],"wp:attachment":[{"href":"https:\/\/www.aadf.org\/sq\/wp-json\/wp\/v2\/media?parent=4292"}],"curies":[{"name":"wp","href":"https:\/\/api.w.org\/{rel}","templated":true}]}}