{"id":4303,"date":"2023-07-07T15:57:45","date_gmt":"2023-07-07T14:57:45","guid":{"rendered":"http:\/\/162.19.247.115\/?page_id=4303"},"modified":"2025-02-19T12:24:34","modified_gmt":"2025-02-19T11:24:34","slug":"politikat-e-privatesise","status":"publish","type":"page","link":"https:\/\/www.aadf.org\/sq\/politikat-e-privatesise\/","title":{"rendered":"Politikat e Privatesise"},"content":{"rendered":"<p><span style=\"font-weight: 400;\">Fondacioni Shqiptaro-Amerikan p\u00ebr Zhvillim (m\u00eb tej referuar si \u201cAADF\u201d \u201cne\u201d ose \u201cjon\u00eb\u201d) \u00ebsht\u00eb i p\u00ebrkushtuar t\u00eb respektoj\u00eb privat\u00ebsin\u00eb tuaj dhe t\u00eb respektoj\u00eb t\u00eb gjitha ligjet e zbatueshme p\u00ebr mbrojtjen e t\u00eb dh\u00ebnave dhe privat\u00ebsin\u00eb.<\/span><\/p>\n<p><span style=\"font-weight: 400;\">Objektivi i k\u00ebsaj politike t\u00eb privat\u00ebsis\u00eb \u00ebsht\u00eb t\u2019ju informoj\u00eb sesi ne i trajtojm\u00eb t\u00eb dh\u00ebnat tuaja personale (\u201cPolitika e privat\u00ebsis\u00eb\u201d). Q\u00ebllimi yn\u00eb \u00ebsht\u00eb t\u00eb mbrojm\u00eb informacionin personal q\u00eb na jepni sa her\u00eb q\u00eb na kontaktoni, vizitoni ose p\u00ebrdorni faqen ton\u00eb t\u00eb internetit. Duke vizituar ose p\u00ebrdorur k\u00ebt\u00eb faqe interneti, ju pranoni k\u00ebto politika dhe praktika.<\/span><\/p>\n<p><b>PARIMET TONA LIDHUR ME PRIVAT\u00cbSIN\u00cb DHE MBROJTJEN E T\u00cb DH\u00cbNAVE T\u00cb P\u00cbRDORUESVE<\/b><span style=\"font-weight: 400;\"><br \/>\n<\/span><span style=\"font-weight: 400;\">Ne besojm\u00eb se privat\u00ebsia dhe mbrojtja e t\u00eb dh\u00ebnave t\u00eb p\u00ebrdoruesve jan\u00eb t\u00eb drejta t\u00eb njeriut;<\/span><span style=\"font-weight: 400;\"><br \/>\n<\/span><span style=\"font-weight: 400;\">Ne e marrim seriozisht mbrojtjen e privat\u00ebsis\u00eb dhe e pranojm\u00eb se kemi nj\u00eb detyr\u00eb t\u00eb kujdesemi ndaj njer\u00ebzve t\u00eb dh\u00ebnat e t\u00eb cil\u00ebve ne mbajm\u00eb;<\/span><span style=\"font-weight: 400;\"><br \/>\n<\/span><span style=\"font-weight: 400;\">Ne do t\u00eb mbledhim dhe p\u00ebrpunojm\u00eb t\u00eb dh\u00ebna vet\u00ebm kur \u00ebsht\u00eb absolutisht e nevojshme, dhe kur ta b\u00ebjm\u00eb, do ta b\u00ebjm\u00eb t\u00eb qart\u00eb pse po e b\u00ebjm\u00eb k\u00ebt\u00eb dhe si do t\u00eb p\u00ebrdoren k\u00ebto t\u00eb dh\u00ebna;<\/span><span style=\"font-weight: 400;\"><br \/>\n<\/span><span style=\"font-weight: 400;\">Ne nuk do t\u00eb ndajm\u00eb informacionin tuaj personal me ask\u00ebnd tjet\u00ebr pa p\u00eblqimin tuaj.<\/span><\/p>\n<p><b>\u00c7FAR\u00cb T\u00cb DH\u00cbNASH MBLEDHIM DHE SI I P\u00cbRDORIM?<\/b><\/p>\n<p><span style=\"font-weight: 400;\">Ne mbledhim dhe p\u00ebrpunojm\u00eb t\u00eb dh\u00ebna personale nga individ\u00eb vet\u00ebm p\u00ebr aq sa \u00ebsht\u00eb e nevojshme p\u00ebr ushtrimin e interesave legjitime, funksioneve dhe p\u00ebrgjegj\u00ebsive t\u00eb AADF-s\u00eb si nj\u00eb organizat\u00eb private, jofitimprur\u00ebse e qeverisur nga nj\u00eb Bord i Drejtor\u00ebve, misioni i t\u00eb cilit \u00ebsht\u00eb t\u00eb leht\u00ebsoj\u00eb zhvillimin e nj\u00eb ekonomie t\u00eb q\u00ebndrueshme t\u00eb sektorit privat dhe t\u00eb nj\u00eb shoq\u00ebrie demokratike n\u00eb Shqip\u00ebri.\u00a0<\/span><\/p>\n<p><span style=\"font-weight: 400;\">Ne mbledhim t\u00eb dh\u00ebnat e m\u00ebposhtme:<\/span><\/p>\n<ol>\n<li><b> Aksesi n\u00eb faqen e internetit<\/b><\/li>\n<\/ol>\n<p><span style=\"font-weight: 400;\">Kur vizitoni faqen ton\u00eb t\u00eb internetit, shfletuesi transmeton automatikisht t\u00eb dh\u00ebnat q\u00eb ruhen n\u00eb nj\u00eb skedar t\u00eb evidenc\u00ebs. AADF p\u00ebrpunon vet\u00ebm t\u00eb dh\u00ebnat q\u00eb k\u00ebrkohen teknikisht p\u00ebr t\u00eb shfaqur sakt\u00eb faqen e internetit dhe p\u00ebr t\u00eb garantuar stabilitetin dhe sigurin\u00eb e saj. Ne p\u00ebrpunojm\u00eb vet\u00ebm t\u00eb dh\u00ebna si vijon: Adresa IP, Faqja q\u00eb keni vizituar, Sa koh\u00eb keni q\u00ebndruar n\u00eb nj\u00eb faqe specifike.<\/span><\/p>\n<ol>\n<li><b> Informacion statistikor dhe analitik<\/b><\/li>\n<\/ol>\n<p><span style=\"font-weight: 400;\">Ne gjithashtu mund t\u00eb mbledhim informacion n\u00eb lidhje me aktivitetin tuaj n\u00eb faqen ton\u00eb t\u00eb internetit. Ky informacion statistikor dhe analitik mblidhet mbi nj\u00eb baz\u00eb specifike t\u00eb p\u00ebrgjithshme dhe jo-individuale t\u00eb t\u00eb gjith\u00eb shfletuesve q\u00eb vizitojn\u00eb faqen e internetit, p\u00ebrve\u00e7 n\u00ebse vendosni t\u00eb na jepni informacionin tuaj individual. Asnj\u00eb e dh\u00ebn\u00eb personale nuk do t\u00eb mblidhet nga AADF pa p\u00eblqimin e vizitor\u00ebve. Nj\u00eb nga q\u00ebllimet tona n\u00eb mbledhjen e informacionit t\u00eb m\u00ebsip\u00ebrm \u00ebsht\u00eb t\u00eb na ndihmoj\u00eb t\u00eb monitorojm\u00eb trafikun n\u00eb faqe, n\u00eb m\u00ebnyr\u00eb q\u00eb t\u00eb mund t\u00eb menaxhojm\u00eb kapacitetin dhe efikasitetin e saj, p\u00ebr q\u00ebllime sigurie si dhe p\u00ebr t\u00eb personalizuar p\u00ebrvoj\u00ebn tuaj si p\u00ebrdorues i faqes. K\u00ebto lloj informacionesh dhe t\u00eb dh\u00ebnash jo-personale mund t\u00eb mblidhen p\u00ebrmes funksionimit standard p\u00ebr server\u00ebt dhe regjistrat e internetit, si dhe mekanizma t\u00eb tjer\u00eb teknik\u00eb.<\/span><\/p>\n<ol>\n<li><b> Kontakti<\/b><\/li>\n<\/ol>\n<p><span style=\"font-weight: 400;\">Kur p\u00ebrdoruesit e faqes son\u00eb t\u00eb internetit na kontaktojn\u00eb p\u00ebr nj\u00eb k\u00ebrkes\u00eb p\u00ebrkat\u00ebse, t\u00eb dh\u00ebnat personale t\u00eb ofruara p\u00ebrmes opsioneve t\u00eb m\u00ebposhtme p\u00ebrpunohen p\u00ebr t\u00eb qen\u00eb n\u00eb gjendje q\u00eb t\u2019i kontaktojm\u00eb ose t\u2019i p\u00ebrgjigjemi k\u00ebrkes\u00ebs s\u00eb tyre:<\/span><\/p>\n<p><span style=\"font-weight: 400;\">Formulari i kontaktit n\u00eb faqen e internetit (emri i plot\u00eb, e-mail, telefon);<\/span><span style=\"font-weight: 400;\"><br \/>\n<\/span><span style=\"font-weight: 400;\">Email;<\/span><span style=\"font-weight: 400;\"><br \/>\n<\/span><span style=\"font-weight: 400;\">Telefoni;<\/span><span style=\"font-weight: 400;\"><br \/>\n<\/span><span style=\"font-weight: 400;\">Let\u00ebr.<\/span><\/p>\n<p><span style=\"font-weight: 400;\">AADF do t\u00eb ruaj\u00eb dhe p\u00ebrpunoj\u00eb t\u00eb dh\u00ebna t\u00eb tilla personale vet\u00ebm n\u00eb mas\u00ebn e nevojshme p\u00ebr t\u00eb kontaktuar p\u00ebrdoruesin dhe p\u00ebr t\u00eb p\u00ebrpunuar k\u00ebrkes\u00ebn e tij\/saj.<\/span><\/p>\n<ol>\n<li><b> Sh\u00ebrbime t\u00eb tjera online<\/b><\/li>\n<\/ol>\n<p><span style=\"font-weight: 400;\">P\u00ebr t\u00eb aksesuar sh\u00ebrbime t\u00eb tjera online n\u00ebp\u00ebrmjet faqes son\u00eb t\u00eb internetit, si aplikime p\u00ebr pun\u00eb, aplikime p\u00ebr tender ose regjistrim n\u00eb programet e AADF-s\u00eb, \u00ebsht\u00eb e nevojshme t\u00eb vendosni t\u00eb dh\u00ebnat personale p\u00ebr p\u00ebrpunim t\u00eb m\u00ebtejsh\u00ebm. Sipas rastit, zbatohen politikat p\u00ebrkat\u00ebse t\u00eb privat\u00ebsis\u00eb s\u00eb t\u00eb dh\u00ebnave.\u00a0<\/span><\/p>\n<p><span style=\"font-weight: 400;\">AADF nuk do t\u00eb mbledh\u00eb ose mbaj\u00eb t\u00eb dh\u00ebnat tuaja personale p\u00ebrve\u00e7se kur \u00ebsht\u00eb e nevojshme p\u00ebr q\u00ebllimin(et) e p\u00ebrshkruara m\u00eb sip\u00ebr, dhe as nuk do t\u2019i mbajm\u00eb t\u00eb dh\u00ebnat tuaja personale p\u00ebr m\u00eb gjat\u00eb se sa \u00ebsht\u00eb e nevojshme.<\/span><\/p>\n<p><b>SI I RUAJM\u00cb T\u00cb DH\u00cbNAT TUAJA<\/b><\/p>\n<p><span style=\"font-weight: 400;\">Ne i ruajm\u00eb n\u00eb m\u00ebnyr\u00eb t\u00eb sigurt t\u00eb dh\u00ebnat tuaja n\u00eb nj\u00eb Datacenter n\u00eb Frankfurt, Gjermani.<\/span><\/p>\n<p><span style=\"font-weight: 400;\">Ne i mbajm\u00eb t\u00eb dh\u00ebnat n\u00eb skedarin e regjistrit t\u00eb aksesit t\u00eb faqes s\u00eb internetit p\u00ebr 4 (kat\u00ebr) muaj, me p\u00ebrjashtim t\u00eb t\u00eb dh\u00ebnave personale t\u00eb mbledhura dhe t\u00eb p\u00ebrpunuara sipas sh\u00ebrbimeve t\u00eb tjera online, p\u00ebr t\u00eb cilat zbatohen politikat p\u00ebrkat\u00ebse. M\u00eb pas, t\u00eb dh\u00ebnat tuaja personale do t\u00eb fshihen ose anonimizohen automatikisht.<\/span><\/p>\n<p><b>SIGURIA E T\u00cb DH\u00cbNAVE PERSONALE<\/b><\/p>\n<p><span style=\"font-weight: 400;\">Mbrojtja e sekretit dhe konfidencialitetit t\u00eb t\u00eb dh\u00ebnave tuaja personale \u00ebsht\u00eb e shum\u00eb e r\u00ebnd\u00ebsishme p\u00ebr AADF-n\u00eb dhe partner\u00ebt e saj. P\u00ebr k\u00ebt\u00eb arsye, ne zbatojm\u00eb procedurat e nevojshme organizative, teknike dhe fizike t\u00eb siguris\u00eb p\u00ebr t\u00eb mbrojtur t\u00eb dh\u00ebnat personale q\u00eb na jepni. Vet\u00ebm punonj\u00ebsit e autorizuar lejohen t\u00eb ken\u00eb akses n\u00eb informacionin personal dhe ata mund ta b\u00ebjn\u00eb k\u00ebt\u00eb vet\u00ebm p\u00ebr funksionet e lejuara si m\u00eb sip\u00ebr. Ne p\u00ebrdorim praktika t\u00eb standardeve t\u00eb industris\u00eb si komunikimi i koduar, muret e zjarrit (<\/span><i><span style=\"font-weight: 400;\">firewalls<\/span><\/i><span style=\"font-weight: 400;\">) dhe sistemet e zbulimit t\u00eb nd\u00ebrhyrjeve p\u00ebr t\u00eb mbrojtur konfidencialitetin e t\u00eb dh\u00ebnave personale t\u00eb p\u00ebrdoruesve dhe p\u00ebr t\u00eb ndihmuar n\u00eb parandalimin e personave t\u00eb paautorizuar q\u00eb t\u00eb ken\u00eb akses n\u00eb informacionin tuaj.\u00a0<\/span><\/p>\n<p><b>NDARJA E T\u00cb DH\u00cbNAVE PERSONALE<\/b><span style=\"font-weight: 400;\"><br \/>\n<\/span><span style=\"font-weight: 400;\">AADF nuk jep, shet ose zbulon informacionin tuaj personal te asnj\u00eb pal\u00eb e tret\u00eb p\u00ebr q\u00ebllime ose sh\u00ebrbime q\u00eb nuk i keni k\u00ebrkuar ose p\u00ebr q\u00ebllime marketingu pa p\u00eblqimin tuaj.\u00a0<\/span><\/p>\n<p><span style=\"font-weight: 400;\">Ne rezervojm\u00eb t\u00eb drejt\u00ebn p\u00ebr t\u00eb ndar\u00eb t\u00eb dh\u00ebnat tuaja personale me kompani dhe organizata t\u00eb tjera n\u00eb p\u00ebrgjigje t\u00eb \u00e7do pretendimi ose procesi ligjor p\u00ebr t\u00eb krijuar ose ushtruar t\u00eb drejtat tona ligjore, p\u00ebr t\u2019u mbrojtur kund\u00ebr \u00e7do pretendimi ose si\u00e7 mund t\u00eb k\u00ebrkohet ndryshe nga ligji, si dhe p\u00ebr q\u00ebllime t\u00eb mbrojtjes nga mashtrimi.<\/span><\/p>\n<p><b>CILAT JAN\u00cb T\u00cb DREJTAT TUAJA P\u00cbR MBROJTJEN E T\u00cb DH\u00cbNAVE?<\/b><\/p>\n<p><span style=\"font-weight: 400;\">AADF d\u00ebshiron t\u00eb sigurohet q\u00eb ju jeni plot\u00ebsisht t\u00eb vet\u00ebdijsh\u00ebm p\u00ebr t\u00eb gjitha t\u00eb drejtat q\u00eb keni p\u00ebr mbrojtjen e t\u00eb dh\u00ebnave. \u00c7do p\u00ebrdorues ka t\u00eb drejt\u00eb p\u00ebr sa vijon:<\/span><\/p>\n<p><span style=\"font-weight: 400;\">\u2013 e drejta e aksesit: ju keni t\u00eb drejt\u00eb t\u00eb k\u00ebrkoni nga AADF kopje t\u00eb t\u00eb dh\u00ebnave tuaja personale.<\/span><span style=\"font-weight: 400;\"><br \/>\n<\/span><span style=\"font-weight: 400;\">\u2013 e drejta p\u00ebr korrigjim: ju keni t\u00eb drejt\u00eb t\u00eb k\u00ebrkoni q\u00eb AADF t\u00eb korrigjoj\u00eb \u00e7do informacion q\u00eb mendoni se \u00ebsht\u00eb i pasakt\u00eb. Ju gjithashtu keni t\u00eb drejt\u00eb t\u00eb k\u00ebrkoni nga AADF t\u00eb plot\u00ebsoj\u00eb informacionin q\u00eb mendoni se \u00ebsht\u00eb i paplot\u00eb.<\/span><span style=\"font-weight: 400;\"><br \/>\n<\/span><span style=\"font-weight: 400;\">\u2013 e drejta e fshirjes: Ju keni t\u00eb drejt\u00eb t\u00eb k\u00ebrkoni q\u00eb AADF t\u00eb fshij\u00eb t\u00eb dh\u00ebnat tuaja personale, n\u00eb var\u00ebsi t\u00eb ligjeve n\u00eb fuqi dhe periudhave t\u00eb ruajtjes n\u00eb p\u00ebrputhje me politikat dhe procedurat e AADF-s\u00eb.<\/span><span style=\"font-weight: 400;\"><br \/>\n<\/span><span style=\"font-weight: 400;\">\u2013 e drejta p\u00ebr t\u00eb kufizuar p\u00ebrpunimin: ju keni t\u00eb drejt\u00eb t\u00eb k\u00ebrkoni q\u00eb AADF t\u00eb kufizoj\u00eb p\u00ebrpunimin e t\u00eb dh\u00ebnave tuaja personale, n\u00eb kushte t\u00eb caktuara. <\/span><span style=\"font-weight: 400;\"><br \/>\n<\/span><span style=\"font-weight: 400;\">\u2013 e drejta p\u00ebr t\u00eb kund\u00ebrshtuar p\u00ebrpunimin: ju keni t\u00eb drejt\u00eb t\u00eb kund\u00ebrshtoni p\u00ebrpunimin e t\u00eb dh\u00ebnave tuaja personale nga AADF, n\u00eb kushte t\u00eb caktuara.<\/span><span style=\"font-weight: 400;\"><br \/>\n<\/span><span style=\"font-weight: 400;\">\u2013 e drejta e transportueshm\u00ebris\u00eb s\u00eb t\u00eb dh\u00ebnave: ju keni t\u00eb drejt\u00eb t\u00eb k\u00ebrkoni q\u00eb AADF t\u2019i transferoj\u00eb t\u00eb dh\u00ebnat q\u00eb ka mbledhur n\u00eb nj\u00eb organizat\u00eb tjet\u00ebr, ose drejtp\u00ebrdrejt tek ju, n\u00eb kushte t\u00eb caktuara.<\/span><\/p>\n<p><span style=\"font-weight: 400;\">Ju mund t\u2019i ushtroni k\u00ebto t\u00eb drejta n\u00eb \u00e7do koh\u00eb duke d\u00ebrguar nj\u00eb k\u00ebrkes\u00eb me shkrim n\u00eb AADF n\u00eb adres\u00ebn: Rruga Ibrahim Rugova, Nd\u00ebrtesa nr. 42, Hyrja 7, Apartament 60, Tirane, Shqiperi. N\u00ebse b\u00ebni nj\u00eb k\u00ebrkes\u00eb, ne kemi 30 dit\u00eb afat p\u00ebr t\u2019ju p\u00ebrgjigjur. Kjo periudh\u00eb mund t\u00eb zgjatet me 60 (gjasht\u00ebdhjet\u00eb) dit\u00eb t\u00eb tjera kur \u00ebsht\u00eb e nevojshme, duke marr\u00eb parasysh kompleksitetin dhe numrin e k\u00ebrkesave. Ne do t\u2019ju informojm\u00eb p\u00ebr \u00e7do zgjatje t\u00eb till\u00eb brenda 30 dit\u00ebve nga marrja e k\u00ebrkes\u00ebs, s\u00eb bashku me arsyet e vones\u00ebs.<\/span><\/p>\n<p><b>BISKOTAT (COOKIES)<\/b><span style=\"font-weight: 400;\"><br \/>\n<\/span><span style=\"font-weight: 400;\">A. \u00c7far\u00eb jan\u00eb biskotat (cookies)?<\/span><span style=\"font-weight: 400;\"><br \/>\n<\/span><span style=\"font-weight: 400;\">Biskotat jan\u00eb skedar\u00eb t\u00eb vegj\u00ebl t\u00eb dh\u00ebnash q\u00eb nj\u00eb faqe interneti mund t\u2019i p\u00ebrdor\u00eb p\u00ebr t\u00eb njohur vizitor\u00ebt q\u00eb rivizitojn\u00eb nj\u00eb faqe interneti, p\u00ebr shembull duke i caktuar nj\u00eb num\u00ebr unik vizitorit, n\u00eb m\u00ebnyr\u00eb q\u00eb t\u00eb leht\u00ebsoj\u00eb aksesin e tyre t\u00eb vazhduesh\u00ebm dhe p\u00ebrdorimin e faqes s\u00eb internetit.<\/span><\/p>\n<ol>\n<li><span style=\"font-weight: 400;\"> Si i p\u00ebrdorim biskotat?<\/span><span style=\"font-weight: 400;\"><br \/>\n<\/span><span style=\"font-weight: 400;\">Ne i p\u00ebrdorim biskotat n\u00eb nj\u00eb s\u00ebr\u00eb m\u00ebnyrash p\u00ebr t\u00eb p\u00ebrmir\u00ebsuar p\u00ebrvoj\u00ebn tuaj n\u00eb faqen ton\u00eb t\u00eb internetit, duke p\u00ebrfshir\u00eb:<\/span><\/li>\n<\/ol>\n<p><span style=\"font-weight: 400;\">\u2013 P\u00ebr tju mbajtur t\u00eb loguar, kur \u00ebsht\u00eb e aplikueshme;<\/span><span style=\"font-weight: 400;\"><br \/>\n<\/span><span style=\"font-weight: 400;\">\u2013 P\u00ebr t\u00eb kuptuar se si e p\u00ebrdorni faqen ton\u00eb t\u00eb internetit;<\/span><span style=\"font-weight: 400;\"><br \/>\n<\/span><span style=\"font-weight: 400;\">\u2013 P\u00ebr t\u00eb kuptuar se nga e aksesoni faqen e internetit;<\/span><\/p>\n<ol>\n<li><span style=\"font-weight: 400;\"> \u00c7far\u00eb lloj biskotash p\u00ebrdorim ne?<\/span><span style=\"font-weight: 400;\"><br \/>\n<\/span><span style=\"font-weight: 400;\">Faqja e internetit e AADF-s\u00eb p\u00ebrdor vet\u00ebm biskota t\u00eb nevojshme dhe preferenciale, t\u00eb cilat jan\u00eb thelb\u00ebsore p\u00ebr t\u00eb ofruar funksionalitetin e nevojsh\u00ebm t\u00eb faqes n\u00eb internet, p\u00ebr t\u00eb p\u00ebrmir\u00ebsuar p\u00ebrvoj\u00ebn tuaj dhe p\u00ebr t\u00eb analizuar trafikun ton\u00eb.<\/span><\/li>\n<li><span style=\"font-weight: 400;\"> Si t\u00eb menaxhoni biskotat<\/span><span style=\"font-weight: 400;\"><br \/>\n<\/span><span style=\"font-weight: 400;\">Mund ta vendosni shfletuesin tuaj q\u00eb t\u00eb mos pranoj\u00eb biskota dhe faqja e m\u00ebsip\u00ebrme e internetit ju tregon se si t\u00eb hiqni biskotat nga shfletuesi juaj. Megjithat\u00eb, n\u00eb disa raste, disa nga ve\u00e7orit\u00eb e faqes son\u00eb t\u00eb internetit mund t\u00eb mos funksionojn\u00eb gjithashtu.<\/span><\/li>\n<\/ol>\n<p><span style=\"font-weight: 400;\">P\u00ebr m\u00eb shum\u00eb informacion, vizitoni Politik\u00ebn ton\u00eb t\u00eb Biskotave {https:\/\/www.aadf.org\/sq\/cookies-policy\/}.<\/span><\/p>\n<p><b>FAQET E INTERNETIT T\u00cb PAL\u00cbVE T\u00cb TRETA<\/b><\/p>\n<p><span style=\"font-weight: 400;\">N\u00ebse ndonj\u00eb pjes\u00eb e faqes s\u00eb internetit www.aadf.org ju lidh me faqe t\u00eb tjera t\u00eb internetit (si p.sh. faqet e internetit t\u00eb partner\u00ebve t\u00eb AADF-s\u00eb), ato faqe interneti nuk funksionojn\u00eb sipas k\u00ebsaj Politike t\u00eb Privat\u00ebsis\u00eb. Ne ju rekomandojm\u00eb t\u00eb shqyrtoni deklaratat e privat\u00ebsis\u00eb t\u00eb postuara n\u00eb ato faqe t\u00eb tjera t\u00eb internetit p\u00ebr t\u00eb kuptuar procedurat e tyre p\u00ebr mbledhjen, p\u00ebrdorimin dhe zbulimin e informacionit personal.\u00a0<\/span><\/p>\n<p><b>RRJETET E KOMUNITETIT DHE SOCIALE<\/b><\/p>\n<p><span style=\"font-weight: 400;\">AADF \u00ebsht\u00eb an\u00ebtar i disa komuniteteve dhe rrjeteve sociale t\u00eb pal\u00ebve t\u00eb treta dhe faqja jon\u00eb e internetit p\u00ebrmban lidhje me k\u00ebto rrjete. K\u00ebto kompani gjithashtu p\u00ebrpunojn\u00eb t\u00eb dh\u00ebna personale dhe ju duhet t\u00eb kontrolloni politikat e tyre t\u00eb privat\u00ebsis\u00eb p\u00ebrpara se t\u00eb ndani informacione personale:<\/span><\/p>\n<p><span style=\"font-weight: 400;\">Twitter;<\/span><span style=\"font-weight: 400;\"><br \/>\n<\/span><span style=\"font-weight: 400;\">Facebook;<\/span><span style=\"font-weight: 400;\"><br \/>\n<\/span><span style=\"font-weight: 400;\">LinkedIn;<\/span><span style=\"font-weight: 400;\"><br \/>\n<\/span><span style=\"font-weight: 400;\">Instagram;<\/span><span style=\"font-weight: 400;\"><br \/>\n<\/span><span style=\"font-weight: 400;\">YouTube.<\/span><\/p>\n<p><b>NDRYSHIMET N\u00cb POLITIK\u00cbN TON\u00cb T\u00cb PRIVAT\u00cbSIS\u00cb<\/b><span style=\"font-weight: 400;\"><br \/>\n<\/span><span style=\"font-weight: 400;\">AADF e mban politik\u00ebn e saj t\u00eb privat\u00ebsis\u00eb n\u00ebn rishikim t\u00eb rregullt dhe vendos \u00e7do p\u00ebrdit\u00ebsim t\u00eb saj n\u00eb k\u00ebt\u00eb faqe interneti. AADF mund t\u00eb ndryshoj\u00eb ose p\u00ebrdit\u00ebsoj\u00eb k\u00ebt\u00eb Politik\u00eb t\u00eb Privat\u00ebsis\u00eb n\u00eb t\u00eb ardhmen. \u00c7do ndryshim n\u00eb Politik\u00ebn ton\u00eb t\u00eb Privat\u00ebsis\u00eb do t\u00eb hyj\u00eb n\u00eb fuqi me publikimin e tij n\u00eb faqen e internetit t\u00eb AADF-s\u00eb.\u00a0<\/span><\/p>\n<p><span style=\"font-weight: 400;\">Kjo politik\u00eb e privat\u00ebsis\u00eb u p\u00ebrdit\u00ebsua p\u00ebr her\u00eb t\u00eb fundit m\u00eb 18\/02\/2025<\/span><\/p>\n<p><b>NA KONTAKTONI<\/b><span style=\"font-weight: 400;\"><br \/>\n<\/span><span style=\"font-weight: 400;\">N\u00ebse keni pyetje rreth k\u00ebsaj Politike t\u00eb Privat\u00ebsis\u00eb, ju lutemi na d\u00ebrgoni e-mail n\u00eb privacy@aadf.org ose na shkruani n\u00eb adres\u00ebn: Rruga Ibrahim Rugova, Nd\u00ebrtesa nr. 42, Hyrja 7, Apartamenti 60, Tiran\u00eb, Shqiperi.<\/span><\/p>\n","protected":false},"excerpt":{"rendered":"<p>Fondacioni Shqiptaro-Amerikan p\u00ebr Zhvillim (m\u00eb tej referuar si \u201cAADF\u201d \u201cne\u201d ose \u201cjon\u00eb\u201d) \u00ebsht\u00eb i p\u00ebrkushtuar t\u00eb respektoj\u00eb privat\u00ebsin\u00eb tuaj dhe t\u00eb respektoj\u00eb t\u00eb gjitha ligjet e zbatueshme p\u00ebr mbrojtjen e t\u00eb dh\u00ebnave dhe privat\u00ebsin\u00eb. Objektivi i k\u00ebsaj politike t\u00eb privat\u00ebsis\u00eb \u00ebsht\u00eb t\u2019ju informoj\u00eb sesi ne i trajtojm\u00eb t\u00eb dh\u00ebnat tuaja personale (\u201cPolitika e privat\u00ebsis\u00eb\u201d). Q\u00ebllimi [&hellip;]<\/p>\n","protected":false},"author":15,"featured_media":0,"parent":0,"menu_order":0,"comment_status":"closed","ping_status":"closed","template":"","meta":{"_acf_changed":false,"footnotes":""},"class_list":["post-4303","page","type-page","status-publish","hentry"],"acf":[],"yoast_head":"<!-- This site is optimized with the Yoast SEO plugin v27.5 - https:\/\/yoast.com\/product\/yoast-seo-wordpress\/ -->\n<title>Politikat e Privatesise - Albanian - American Development Foundation<\/title>\n<meta name=\"robots\" content=\"index, follow, max-snippet:-1, max-image-preview:large, max-video-preview:-1\" \/>\n<link rel=\"canonical\" href=\"https:\/\/www.aadf.org\/sq\/politikat-e-privatesise\/\" \/>\n<meta property=\"og:locale\" content=\"sq_AL\" \/>\n<meta property=\"og:type\" content=\"article\" \/>\n<meta property=\"og:title\" content=\"Politikat e Privatesise - Albanian - American Development Foundation\" \/>\n<meta property=\"og:description\" content=\"Fondacioni Shqiptaro-Amerikan p\u00ebr Zhvillim (m\u00eb tej referuar si \u201cAADF\u201d \u201cne\u201d ose \u201cjon\u00eb\u201d) \u00ebsht\u00eb i p\u00ebrkushtuar t\u00eb respektoj\u00eb privat\u00ebsin\u00eb tuaj dhe t\u00eb respektoj\u00eb t\u00eb gjitha ligjet e zbatueshme p\u00ebr mbrojtjen e t\u00eb dh\u00ebnave dhe privat\u00ebsin\u00eb. Objektivi i k\u00ebsaj politike t\u00eb privat\u00ebsis\u00eb \u00ebsht\u00eb t\u2019ju informoj\u00eb sesi ne i trajtojm\u00eb t\u00eb dh\u00ebnat tuaja personale (\u201cPolitika e privat\u00ebsis\u00eb\u201d). Q\u00ebllimi [&hellip;]\" \/>\n<meta property=\"og:url\" content=\"https:\/\/www.aadf.org\/sq\/politikat-e-privatesise\/\" \/>\n<meta property=\"og:site_name\" content=\"Albanian - American Development Foundation\" \/>\n<meta property=\"article:modified_time\" content=\"2025-02-19T11:24:34+00:00\" \/>\n<meta name=\"twitter:card\" content=\"summary_large_image\" \/>\n<meta name=\"twitter:label1\" content=\"Est. reading time\" \/>\n\t<meta name=\"twitter:data1\" content=\"8 minutes\" \/>\n<script type=\"application\/ld+json\" class=\"yoast-schema-graph\">{\"@context\":\"https:\\\/\\\/schema.org\",\"@graph\":[{\"@type\":\"WebPage\",\"@id\":\"https:\\\/\\\/www.aadf.org\\\/sq\\\/politikat-e-privatesise\\\/\",\"url\":\"https:\\\/\\\/www.aadf.org\\\/sq\\\/politikat-e-privatesise\\\/\",\"name\":\"Politikat e Privatesise - Albanian - American Development Foundation\",\"isPartOf\":{\"@id\":\"https:\\\/\\\/www.aadf.org\\\/#website\"},\"datePublished\":\"2023-07-07T14:57:45+00:00\",\"dateModified\":\"2025-02-19T11:24:34+00:00\",\"breadcrumb\":{\"@id\":\"https:\\\/\\\/www.aadf.org\\\/sq\\\/politikat-e-privatesise\\\/#breadcrumb\"},\"inLanguage\":\"sq-AL\",\"potentialAction\":[{\"@type\":\"ReadAction\",\"target\":[\"https:\\\/\\\/www.aadf.org\\\/sq\\\/politikat-e-privatesise\\\/\"]}]},{\"@type\":\"BreadcrumbList\",\"@id\":\"https:\\\/\\\/www.aadf.org\\\/sq\\\/politikat-e-privatesise\\\/#breadcrumb\",\"itemListElement\":[{\"@type\":\"ListItem\",\"position\":1,\"name\":\"Home\",\"item\":\"https:\\\/\\\/www.aadf.org\\\/sq\\\/\"},{\"@type\":\"ListItem\",\"position\":2,\"name\":\"Politikat e Privatesise\"}]},{\"@type\":\"WebSite\",\"@id\":\"https:\\\/\\\/www.aadf.org\\\/#website\",\"url\":\"https:\\\/\\\/www.aadf.org\\\/\",\"name\":\"Albanian - American Development Foundation\",\"description\":\"\",\"potentialAction\":[{\"@type\":\"SearchAction\",\"target\":{\"@type\":\"EntryPoint\",\"urlTemplate\":\"https:\\\/\\\/www.aadf.org\\\/?s={search_term_string}\"},\"query-input\":{\"@type\":\"PropertyValueSpecification\",\"valueRequired\":true,\"valueName\":\"search_term_string\"}}],\"inLanguage\":\"sq-AL\"}]}<\/script>\n<!-- \/ Yoast SEO plugin. -->","yoast_head_json":{"title":"Politikat e Privatesise - Albanian - American Development Foundation","robots":{"index":"index","follow":"follow","max-snippet":"max-snippet:-1","max-image-preview":"max-image-preview:large","max-video-preview":"max-video-preview:-1"},"canonical":"https:\/\/www.aadf.org\/sq\/politikat-e-privatesise\/","og_locale":"sq_AL","og_type":"article","og_title":"Politikat e Privatesise - Albanian - American Development Foundation","og_description":"Fondacioni Shqiptaro-Amerikan p\u00ebr Zhvillim (m\u00eb tej referuar si \u201cAADF\u201d \u201cne\u201d ose \u201cjon\u00eb\u201d) \u00ebsht\u00eb i p\u00ebrkushtuar t\u00eb respektoj\u00eb privat\u00ebsin\u00eb tuaj dhe t\u00eb respektoj\u00eb t\u00eb gjitha ligjet e zbatueshme p\u00ebr mbrojtjen e t\u00eb dh\u00ebnave dhe privat\u00ebsin\u00eb. Objektivi i k\u00ebsaj politike t\u00eb privat\u00ebsis\u00eb \u00ebsht\u00eb t\u2019ju informoj\u00eb sesi ne i trajtojm\u00eb t\u00eb dh\u00ebnat tuaja personale (\u201cPolitika e privat\u00ebsis\u00eb\u201d). Q\u00ebllimi [&hellip;]","og_url":"https:\/\/www.aadf.org\/sq\/politikat-e-privatesise\/","og_site_name":"Albanian - American Development Foundation","article_modified_time":"2025-02-19T11:24:34+00:00","twitter_card":"summary_large_image","twitter_misc":{"Est. reading time":"8 minutes"},"schema":{"@context":"https:\/\/schema.org","@graph":[{"@type":"WebPage","@id":"https:\/\/www.aadf.org\/sq\/politikat-e-privatesise\/","url":"https:\/\/www.aadf.org\/sq\/politikat-e-privatesise\/","name":"Politikat e Privatesise - Albanian - American Development Foundation","isPartOf":{"@id":"https:\/\/www.aadf.org\/#website"},"datePublished":"2023-07-07T14:57:45+00:00","dateModified":"2025-02-19T11:24:34+00:00","breadcrumb":{"@id":"https:\/\/www.aadf.org\/sq\/politikat-e-privatesise\/#breadcrumb"},"inLanguage":"sq-AL","potentialAction":[{"@type":"ReadAction","target":["https:\/\/www.aadf.org\/sq\/politikat-e-privatesise\/"]}]},{"@type":"BreadcrumbList","@id":"https:\/\/www.aadf.org\/sq\/politikat-e-privatesise\/#breadcrumb","itemListElement":[{"@type":"ListItem","position":1,"name":"Home","item":"https:\/\/www.aadf.org\/sq\/"},{"@type":"ListItem","position":2,"name":"Politikat e Privatesise"}]},{"@type":"WebSite","@id":"https:\/\/www.aadf.org\/#website","url":"https:\/\/www.aadf.org\/","name":"Albanian - American Development Foundation","description":"","potentialAction":[{"@type":"SearchAction","target":{"@type":"EntryPoint","urlTemplate":"https:\/\/www.aadf.org\/?s={search_term_string}"},"query-input":{"@type":"PropertyValueSpecification","valueRequired":true,"valueName":"search_term_string"}}],"inLanguage":"sq-AL"}]}},"_links":{"self":[{"href":"https:\/\/www.aadf.org\/sq\/wp-json\/wp\/v2\/pages\/4303","targetHints":{"allow":["GET"]}}],"collection":[{"href":"https:\/\/www.aadf.org\/sq\/wp-json\/wp\/v2\/pages"}],"about":[{"href":"https:\/\/www.aadf.org\/sq\/wp-json\/wp\/v2\/types\/page"}],"author":[{"embeddable":true,"href":"https:\/\/www.aadf.org\/sq\/wp-json\/wp\/v2\/users\/15"}],"replies":[{"embeddable":true,"href":"https:\/\/www.aadf.org\/sq\/wp-json\/wp\/v2\/comments?post=4303"}],"version-history":[{"count":6,"href":"https:\/\/www.aadf.org\/sq\/wp-json\/wp\/v2\/pages\/4303\/revisions"}],"predecessor-version":[{"id":5551,"href":"https:\/\/www.aadf.org\/sq\/wp-json\/wp\/v2\/pages\/4303\/revisions\/5551"}],"wp:attachment":[{"href":"https:\/\/www.aadf.org\/sq\/wp-json\/wp\/v2\/media?parent=4303"}],"curies":[{"name":"wp","href":"https:\/\/api.w.org\/{rel}","templated":true}]}}