{"id":4938,"date":"2024-11-25T09:19:55","date_gmt":"2024-11-25T09:19:55","guid":{"rendered":"https:\/\/www.aadf.org\/?page_id=4938"},"modified":"2024-11-25T15:26:21","modified_gmt":"2024-11-25T15:26:21","slug":"drejtuesi-ja-i-e-kampusit-42-tirana-detaje","status":"publish","type":"page","link":"https:\/\/www.aadf.org\/sq\/drejtuesi-ja-i-e-kampusit-42-tirana-detaje\/","title":{"rendered":"Drejtues i Kampusit 42 Tirana- Detaje"},"content":{"rendered":"<h2><strong>P\u00ebrshkrimi i pozicionit<\/strong><\/h2>\n<p>42 \u00ebsht\u00eb nj\u00eb nd\u00ebr shkollat me m\u00eb em\u00ebr n\u00eb Franc\u00eb dhe n\u00eb bot\u00eb, me nje rrjet global edukimi t\u00eb bazuar n\u00eb<br \/>\nmetodologjin\u00eb e t\u00eb m\u00ebsuarit mes bashk\u00ebmoshatar\u00ebve, pa pedagog. Kjo form\u00eb inovative e m\u00ebsim\u00ebdh\u00ebnies mund\u00ebson individ\u00ebt, pavar\u00ebsisht formimit t\u00eb tyre arsimor, t\u00eb ndjekin karrier\u00eb n\u00eb fush\u00ebn e IT-s\u00eb. Kampusi 42 Tirana, mb\u00ebshtetur nga AADF dhe Bashkia e Tiran\u00ebs, ka p\u00ebr q\u00ebllim t\u00eb p\u00ebrmir\u00ebsoj\u00eb<br \/>\narsimimin n\u00eb k\u00ebt\u00eb fush\u00eb duke p\u00ebrdorur teknologjin\u00eb m\u00eb t\u00eb fundit, nj\u00eb kurrikul\u00eb cil\u00ebsore dhe t\u00eb ofroj\u00eb mund\u00ebsi p\u00ebr rritje p\u00ebr t\u00eb gjith\u00eb student\u00ebt n\u00eb aspektin profesional dhe personal.<\/p>\n<p>42 Tirana synon t\u00eb zvog\u00ebloj\u00eb hendekun ekzistues digjital n\u00eb Shqip\u00ebri duke fuqizuar profesionist\u00ebt e fush\u00ebs s\u00eb teknologjis\u00eb dhe duke nxitur p\u00ebrparimin e m\u00ebtejsh\u00ebm t\u00eb dijes n\u00eb k\u00ebt\u00eb sektor n\u00eb Shqip\u00ebri.<\/p>\n<h2>Q\u00ebllimi Kryesor:<\/h2>\n<p>Drejtuesi\/ja i\/e Kampusit (n\u00eb vijim referuar si DK) \u00ebsht\u00eb p\u00ebrgjegj\u00ebs\/e p\u00ebr mbikqyrjen e t\u00eb gjith\u00eb veprimtaris\u00eb s\u00eb Kampusit 42 Tirana. DK do t\u00eb menaxhoj\u00eb ekipin dhe aspektet operacionale t\u00eb Kampusit. Ai\/Ajo do t\u00eb kontribuoj\u00eb n\u00eb m\u00ebnyr\u00eb aktive n\u00eb zhvillimin e Kampusit, si dhe do t\u00eb sh\u00ebrbej\u00eb si pika e kontaktit p\u00ebr partner\u00ebt kryesor\u00eb.<\/p>\n<h2>P\u00ebrgjegj\u00ebsit\u00eb Kryesore:<\/h2>\n<p>&#8211; Menaxhimi i p\u00ebrgjithsh\u00ebm: DK do t\u00eb mbik\u00ebqyr\u00eb operacionet e p\u00ebrgjigjithshme te Ecole 42, t\u00eb procesit t\u00eb arsimit t\u00eb student\u00ebve, ekzekutimit t\u00eb kurrikul\u00ebs, n\u00eb t\u00eb gjitha aspektet e arsimit, teknologjis\u00eb, komunikimit dhe menaxhimit t\u00eb ekipit, nd\u00ebr t\u00eb tjera.<br \/>\n&#8211; Ngritja dhe Menaxhimi i Kampusit 42 Tirana: P\u00ebrcaktimi i parametrave t\u00eb menaxhimit, ngritja dhe ekzekutimi i procedurave operacionale t\u00eb Kampusit, n\u00eb p\u00ebrputhje me rrjetin dhe kuadrin e Kampuseve t\u00eb 42.<br \/>\n&#8211; Koordinimi i Burimeve: Identifikimi dhe sigurimi i burimeve njer\u00ebzore, financiare e materiale t\u00eb nevojshme p\u00ebr hapjen dhe operimin e Kampusit. K\u00ebtu p\u00ebrfshihet dhe koordinimi dhe mir\u00ebmbajtja e p\u00ebrdorimit t\u00eb hap\u00ebsirave dhe pajisjeve t\u00eb Kampusit, pun\u00ebsimi dhe form\u00ebsimi i ekipit, po ashtu dhe angazhimi i partner\u00ebve publik\u00eb dhe privat\u00eb.<br \/>\n&#8211; Zhvillimi Financiar: Menaxhimi dhe monitorimi efektiv financiar p\u00ebr t\u00eb nxitur ekosistemin e Kampusit<br \/>\ndhe p\u00ebr t\u00eb garantuar qendrueshm\u00ebrin\u00eb e modelit gjat\u00eb funksionimit t\u00eb tij.<br \/>\n&#8211; Zhvillimi i Strategjive t\u00eb Komunikimit dhe K\u00ebrkimit: Zhvillimi dhe zbatimi i nj\u00eb plani strategjik t\u00eb<br \/>\nkomunikimit dhe k\u00ebrkimit, duke nd\u00ebrvepruar me nj\u00eb s\u00ebr\u00eb aktor\u00ebsh dhe komponent\u00ebsh t\u00eb ekosistemit<br \/>\nlokal, p\u00ebrfshir\u00eb biznese, sektor\u00eb t\u00eb ndrysh\u00ebm dhe komunitete.<br \/>\n&#8211; Koordinimi me partneret kryesore si 42, AADF dhe Bashkia Tiran\u00eb p\u00ebr t\u00eb garantuar ekzekutimin dhe mbajtjen e standartit t\u00eb lart\u00eb t\u00eb partner\u00ebve p\u00ebrkat\u00ebs.<\/p>\n<h2>P\u00ebrgjegj\u00ebsit\u00eb Dyt\u00ebsore:<\/h2>\n<p>&#8211; P\u00ebrfaq\u00ebsim i Kampusit me Pal\u00eb t\u00eb Treta: DK vepron si p\u00ebrfaq\u00ebsuesi kryesor i Kampusit n\u00eb angazhime me pal\u00eb t\u00eb treta dhe forume publike dhe n\u00eb \u00e7do form\u00eb tjet\u00ebr ku do t\u00eb k\u00ebrkohet prezantimi dhe p\u00ebrfaq\u00ebsimi i 42 Tirana, si n\u00eb planin vendor ashtu edhe nd\u00ebrkomb\u00ebtar.<br \/>\n&#8211; P\u00ebrfaq\u00ebsim i Brendsh\u00ebm i Kampusit: Komunikimi dhe nd\u00ebrmjet\u00ebsimi i marr\u00ebdh\u00ebnieve me student\u00ebt, si dhe nxitja e nj\u00eb mjedisi pozitiv n\u00eb mb\u00ebshtetje t\u00eb nevojave t\u00eb tyre.<br \/>\n&#8211; Menaxhimi i Riskut: Drejtimi dhe koordinimi me p\u00ebrgjegj\u00ebsi dhe profesionaliz\u00ebm i kampusit n\u00eb \u00e7do rrethan\u00eb apo situate kritike, duke siguruar zgjedhje dhe opsione efektive p\u00ebr zgjidhjen.<\/p>\n<h2>Njohurit\u00eb dhe Eksperienca e K\u00ebrkuar:<\/h2>\n<p>&#8211; T\u00eb pakt\u00ebn 5 vite eksperienc\u00eb pune, preferuar n\u00eb fush\u00ebn e teknologjis\u00eb, me eksperienc\u00eb n\u00eb nivelet e<br \/>\nmenaxhimit, komunikimit, ose marr\u00ebdh\u00ebnieve me publikun.<br \/>\n&#8211; Aft\u00ebsi t\u00eb shk\u00eblqyera komunikimi verbale dhe t\u00eb shkruara.<br \/>\n&#8211; Njohuri mbi trendet dhe risit\u00eb e teknologjive.<br \/>\n&#8211; Eksperienc\u00eb e provuar n\u00eb krijimin dhe mbajtjen e marr\u00ebdh\u00ebnieve me institucionet relevante.<br \/>\n&#8211; Njohja me Ekosistemin e 42, konsiderohet p\u00ebrpar\u00ebsi.<br \/>\n&#8211; P\u00ebrvoj\u00eb e demostruar n\u00eb zhvillimin, realizimin dhe menaxhimin e projekteve komplekse.<br \/>\n&#8211; Aft\u00ebsi p\u00ebr t\u00eb gjeneruar ide dhe propozime inovative p\u00ebr projekte.<br \/>\n&#8211; Eksperienc\u00eb n\u00eb nxitjen e bashk\u00ebpunimit me aktor\u00eb publike dhe privat\u00eb.<br \/>\n&#8211; Aft\u00ebsi e provuar p\u00ebr t\u00eb drejtuar dhe menaxhuar ekipe n\u00eb m\u00ebnyr\u00eb efektive.<br \/>\n&#8211; Eksperienc\u00eb n\u00eb hartimin e buxheteve dhe mbikqyrjen financiare.<br \/>\n&#8211; Aft\u00ebsi t\u00eb shk\u00eblqyera analitike dhe raportuese n\u00eb anglisht (njohja e Fr\u00ebngjishtes \u00ebsht\u00eb nj\u00eb p\u00ebrpar\u00ebsi).<br \/>\n&#8211; Aft\u00ebsi p\u00ebr t\u00eb identifikuar dhe siguruar burime financiare dhe t\u00eb tjera.<br \/>\n&#8211; Aft\u00ebsi p\u00ebr t\u00eb identifikuar dhe angazhuar partner\u00eb dhe individ\u00eb ky\u00e7.<br \/>\n&#8211; Aft\u00ebsi p\u00ebr t\u00eb nd\u00ebrmarr\u00eb iniciativa, p\u00ebr t\u00eb d\u00ebgjuar n\u00eb m\u00ebnyr\u00eb aktive dhe p\u00ebr t\u00eb propozuar zgjidhje kreative.<br \/>\n&#8211; I vet\u00eb-motivuar dhe i orientuar nga detajet.<br \/>\n&#8211; Aft\u00ebsi t\u00eb mira n\u00eb nd\u00ebrtimin e marr\u00ebdh\u00ebnieve nd\u00ebrpersonale<br \/>\n&#8211; Aft\u00ebsi p\u00ebr menaxhuar situata komplekse me ndjeshm\u00ebri dhe fleksibilitet.<\/p>\n<p>Kandidat\u00ebt e interesuar duhet t\u00eb dor\u00ebzojn\u00eb Jet\u00ebshkrimin (Curriculum Vitae) e tyre dhe Letr\u00ebn e Motivimit n\u00eb adres\u00ebn n\u00eb vijim: careers@aadf.org dhe ju lutem referoni titullin e pozicionit q\u00eb po aplikoni<br \/>\nn\u00eb mesazhin tuaj. Pranohen vet\u00ebm aplikimet elektronike. T\u00eb gjith\u00eb aplikant\u00ebt do t\u00eb marrin nj\u00eb konfimim<br \/>\nq\u00eb aplikimi i tyre elektronik \u00ebsht\u00eb marr\u00eb. Vet\u00ebm kandidat\u00ebt q\u00eb do t\u00eb p\u00ebrzgjidhen p\u00ebr faz\u00ebn e intervist\u00ebs<br \/>\ndo t\u00eb kontaktohen.<\/p>\n<p>Afati p\u00ebr aplikim \u00ebsht\u00eb 8 Dhjetor 2024.<\/p>\n<p><a href=\"https:\/\/www.aadf.org\/sq\/drejtuesi-i-kampusit-42-tirana\"><span style=\"text-decoration: underline;\">Kthehu tek formulari<\/span><\/a><\/p>\n","protected":false},"excerpt":{"rendered":"<p>P\u00ebrshkrimi i pozicionit 42 \u00ebsht\u00eb nj\u00eb nd\u00ebr shkollat me m\u00eb em\u00ebr n\u00eb Franc\u00eb dhe n\u00eb bot\u00eb, me nje rrjet global edukimi t\u00eb bazuar n\u00eb metodologjin\u00eb e t\u00eb m\u00ebsuarit mes bashk\u00ebmoshatar\u00ebve, pa pedagog. Kjo form\u00eb inovative e m\u00ebsim\u00ebdh\u00ebnies mund\u00ebson individ\u00ebt, pavar\u00ebsisht formimit t\u00eb tyre arsimor, t\u00eb ndjekin karrier\u00eb n\u00eb fush\u00ebn e IT-s\u00eb. Kampusi 42 Tirana, mb\u00ebshtetur [&hellip;]<\/p>\n","protected":false},"author":16,"featured_media":0,"parent":0,"menu_order":0,"comment_status":"closed","ping_status":"closed","template":"","meta":{"_acf_changed":false,"footnotes":""},"class_list":["post-4938","page","type-page","status-publish","hentry"],"acf":[],"yoast_head":"<!-- This site is optimized with the Yoast SEO plugin v26.6 - https:\/\/yoast.com\/wordpress\/plugins\/seo\/ -->\n<title>Drejtues i Kampusit 42 Tirana- Detaje - Albanian - American Development Foundation<\/title>\n<meta name=\"robots\" content=\"index, follow, max-snippet:-1, max-image-preview:large, max-video-preview:-1\" \/>\n<link rel=\"canonical\" href=\"https:\/\/www.aadf.org\/sq\/drejtuesi-ja-i-e-kampusit-42-tirana-detaje\/\" \/>\n<meta property=\"og:locale\" content=\"sq_AL\" \/>\n<meta property=\"og:type\" content=\"article\" \/>\n<meta property=\"og:title\" content=\"Drejtues i Kampusit 42 Tirana- Detaje - Albanian - American Development Foundation\" \/>\n<meta property=\"og:description\" content=\"P\u00ebrshkrimi i pozicionit 42 \u00ebsht\u00eb nj\u00eb nd\u00ebr shkollat me m\u00eb em\u00ebr n\u00eb Franc\u00eb dhe n\u00eb bot\u00eb, me nje rrjet global edukimi t\u00eb bazuar n\u00eb metodologjin\u00eb e t\u00eb m\u00ebsuarit mes bashk\u00ebmoshatar\u00ebve, pa pedagog. Kjo form\u00eb inovative e m\u00ebsim\u00ebdh\u00ebnies mund\u00ebson individ\u00ebt, pavar\u00ebsisht formimit t\u00eb tyre arsimor, t\u00eb ndjekin karrier\u00eb n\u00eb fush\u00ebn e IT-s\u00eb. Kampusi 42 Tirana, mb\u00ebshtetur [&hellip;]\" \/>\n<meta property=\"og:url\" content=\"https:\/\/www.aadf.org\/sq\/drejtuesi-ja-i-e-kampusit-42-tirana-detaje\/\" \/>\n<meta property=\"og:site_name\" content=\"Albanian - American Development Foundation\" \/>\n<meta property=\"article:modified_time\" content=\"2024-11-25T15:26:21+00:00\" \/>\n<meta name=\"twitter:card\" content=\"summary_large_image\" \/>\n<meta name=\"twitter:label1\" content=\"Est. reading time\" \/>\n\t<meta name=\"twitter:data1\" content=\"4 minutes\" \/>\n<script type=\"application\/ld+json\" class=\"yoast-schema-graph\">{\"@context\":\"https:\/\/schema.org\",\"@graph\":[{\"@type\":\"WebPage\",\"@id\":\"https:\/\/www.aadf.org\/sq\/drejtuesi-ja-i-e-kampusit-42-tirana-detaje\/\",\"url\":\"https:\/\/www.aadf.org\/sq\/drejtuesi-ja-i-e-kampusit-42-tirana-detaje\/\",\"name\":\"Drejtues i Kampusit 42 Tirana- Detaje - Albanian - American Development Foundation\",\"isPartOf\":{\"@id\":\"https:\/\/www.aadf.org\/#website\"},\"datePublished\":\"2024-11-25T09:19:55+00:00\",\"dateModified\":\"2024-11-25T15:26:21+00:00\",\"breadcrumb\":{\"@id\":\"https:\/\/www.aadf.org\/sq\/drejtuesi-ja-i-e-kampusit-42-tirana-detaje\/#breadcrumb\"},\"inLanguage\":\"sq-AL\",\"potentialAction\":[{\"@type\":\"ReadAction\",\"target\":[\"https:\/\/www.aadf.org\/sq\/drejtuesi-ja-i-e-kampusit-42-tirana-detaje\/\"]}]},{\"@type\":\"BreadcrumbList\",\"@id\":\"https:\/\/www.aadf.org\/sq\/drejtuesi-ja-i-e-kampusit-42-tirana-detaje\/#breadcrumb\",\"itemListElement\":[{\"@type\":\"ListItem\",\"position\":1,\"name\":\"Home\",\"item\":\"https:\/\/www.aadf.org\/sq\/\"},{\"@type\":\"ListItem\",\"position\":2,\"name\":\"Drejtues i Kampusit 42 Tirana- Detaje\"}]},{\"@type\":\"WebSite\",\"@id\":\"https:\/\/www.aadf.org\/#website\",\"url\":\"https:\/\/www.aadf.org\/\",\"name\":\"Albanian - American Development Foundation\",\"description\":\"\",\"potentialAction\":[{\"@type\":\"SearchAction\",\"target\":{\"@type\":\"EntryPoint\",\"urlTemplate\":\"https:\/\/www.aadf.org\/?s={search_term_string}\"},\"query-input\":{\"@type\":\"PropertyValueSpecification\",\"valueRequired\":true,\"valueName\":\"search_term_string\"}}],\"inLanguage\":\"sq-AL\"}]}<\/script>\n<!-- \/ Yoast SEO plugin. -->","yoast_head_json":{"title":"Drejtues i Kampusit 42 Tirana- Detaje - Albanian - American Development Foundation","robots":{"index":"index","follow":"follow","max-snippet":"max-snippet:-1","max-image-preview":"max-image-preview:large","max-video-preview":"max-video-preview:-1"},"canonical":"https:\/\/www.aadf.org\/sq\/drejtuesi-ja-i-e-kampusit-42-tirana-detaje\/","og_locale":"sq_AL","og_type":"article","og_title":"Drejtues i Kampusit 42 Tirana- Detaje - Albanian - American Development Foundation","og_description":"P\u00ebrshkrimi i pozicionit 42 \u00ebsht\u00eb nj\u00eb nd\u00ebr shkollat me m\u00eb em\u00ebr n\u00eb Franc\u00eb dhe n\u00eb bot\u00eb, me nje rrjet global edukimi t\u00eb bazuar n\u00eb metodologjin\u00eb e t\u00eb m\u00ebsuarit mes bashk\u00ebmoshatar\u00ebve, pa pedagog. Kjo form\u00eb inovative e m\u00ebsim\u00ebdh\u00ebnies mund\u00ebson individ\u00ebt, pavar\u00ebsisht formimit t\u00eb tyre arsimor, t\u00eb ndjekin karrier\u00eb n\u00eb fush\u00ebn e IT-s\u00eb. Kampusi 42 Tirana, mb\u00ebshtetur [&hellip;]","og_url":"https:\/\/www.aadf.org\/sq\/drejtuesi-ja-i-e-kampusit-42-tirana-detaje\/","og_site_name":"Albanian - American Development Foundation","article_modified_time":"2024-11-25T15:26:21+00:00","twitter_card":"summary_large_image","twitter_misc":{"Est. reading time":"4 minutes"},"schema":{"@context":"https:\/\/schema.org","@graph":[{"@type":"WebPage","@id":"https:\/\/www.aadf.org\/sq\/drejtuesi-ja-i-e-kampusit-42-tirana-detaje\/","url":"https:\/\/www.aadf.org\/sq\/drejtuesi-ja-i-e-kampusit-42-tirana-detaje\/","name":"Drejtues i Kampusit 42 Tirana- Detaje - Albanian - American Development Foundation","isPartOf":{"@id":"https:\/\/www.aadf.org\/#website"},"datePublished":"2024-11-25T09:19:55+00:00","dateModified":"2024-11-25T15:26:21+00:00","breadcrumb":{"@id":"https:\/\/www.aadf.org\/sq\/drejtuesi-ja-i-e-kampusit-42-tirana-detaje\/#breadcrumb"},"inLanguage":"sq-AL","potentialAction":[{"@type":"ReadAction","target":["https:\/\/www.aadf.org\/sq\/drejtuesi-ja-i-e-kampusit-42-tirana-detaje\/"]}]},{"@type":"BreadcrumbList","@id":"https:\/\/www.aadf.org\/sq\/drejtuesi-ja-i-e-kampusit-42-tirana-detaje\/#breadcrumb","itemListElement":[{"@type":"ListItem","position":1,"name":"Home","item":"https:\/\/www.aadf.org\/sq\/"},{"@type":"ListItem","position":2,"name":"Drejtues i Kampusit 42 Tirana- Detaje"}]},{"@type":"WebSite","@id":"https:\/\/www.aadf.org\/#website","url":"https:\/\/www.aadf.org\/","name":"Albanian - American Development Foundation","description":"","potentialAction":[{"@type":"SearchAction","target":{"@type":"EntryPoint","urlTemplate":"https:\/\/www.aadf.org\/?s={search_term_string}"},"query-input":{"@type":"PropertyValueSpecification","valueRequired":true,"valueName":"search_term_string"}}],"inLanguage":"sq-AL"}]}},"_links":{"self":[{"href":"https:\/\/www.aadf.org\/sq\/wp-json\/wp\/v2\/pages\/4938","targetHints":{"allow":["GET"]}}],"collection":[{"href":"https:\/\/www.aadf.org\/sq\/wp-json\/wp\/v2\/pages"}],"about":[{"href":"https:\/\/www.aadf.org\/sq\/wp-json\/wp\/v2\/types\/page"}],"author":[{"embeddable":true,"href":"https:\/\/www.aadf.org\/sq\/wp-json\/wp\/v2\/users\/16"}],"replies":[{"embeddable":true,"href":"https:\/\/www.aadf.org\/sq\/wp-json\/wp\/v2\/comments?post=4938"}],"version-history":[{"count":7,"href":"https:\/\/www.aadf.org\/sq\/wp-json\/wp\/v2\/pages\/4938\/revisions"}],"predecessor-version":[{"id":4977,"href":"https:\/\/www.aadf.org\/sq\/wp-json\/wp\/v2\/pages\/4938\/revisions\/4977"}],"wp:attachment":[{"href":"https:\/\/www.aadf.org\/sq\/wp-json\/wp\/v2\/media?parent=4938"}],"curies":[{"name":"wp","href":"https:\/\/api.w.org\/{rel}","templated":true}]}}