{"id":4967,"date":"2024-11-25T10:18:48","date_gmt":"2024-11-25T10:18:48","guid":{"rendered":"https:\/\/www.aadf.org\/?page_id=4967"},"modified":"2024-11-25T14:17:37","modified_gmt":"2024-11-25T14:17:37","slug":"menaxheri-i-komunikimit-i-kampusit-42-tirana","status":"publish","type":"page","link":"https:\/\/www.aadf.org\/sq\/menaxheri-i-komunikimit-i-kampusit-42-tirana\/","title":{"rendered":"Menaxheri i Komunikimit i Kampusit 42 Tirana"},"content":{"rendered":"<h2><strong>P\u00ebrshkrimi i pozicionit<\/strong><\/h2>\n<p>42 \u00ebsht\u00eb nj\u00eb nd\u00ebr shkollat me m\u00eb em\u00ebr n\u00eb Franc\u00eb dhe n\u00eb bot\u00eb, me nje rrjet global edukimi t\u00eb bazuar n\u00eb metodologjin\u00eb e t\u00eb m\u00ebsuarit mes bashk\u00ebmoshatar\u00ebve, pa pedagog. Kjo form\u00eb inovative e m\u00ebsim\u00ebdh\u00ebnies mund\u00ebson individ\u00ebt, pavar\u00ebsisht formimit t\u00eb tyre arsimor, t\u00eb ndjekin karrier\u00eb n\u00eb fush\u00ebn e IT-s\u00eb. Kampusi 42 Tirana, mb\u00ebshtetur nga AADF dhe Bashkia e Tiran\u00ebs, ka p\u00ebr q\u00ebllim t\u00eb p\u00ebrmir\u00ebsoj\u00eb arsimimin n\u00eb k\u00ebt\u00eb fush\u00eb duke p\u00ebrdorur teknologjin\u00eb m\u00eb t\u00eb fundit, nj\u00eb kurrikul\u00eb cil\u00ebsore dhe t\u00eb ofroj\u00eb mund\u00ebsi p\u00ebr rritje p\u00ebr t\u00eb gjith\u00eb student\u00ebt n\u00eb aspektin profesional dhe personal.<\/p>\n<p>42 Tirana synon t\u00eb zvog\u00ebloj\u00eb hendekun ekzistues digjital n\u00eb Shqip\u00ebri duke fuqizuar profesionist\u00ebt e fush\u00ebs s\u00eb teknologjis\u00eb dhe duke nxitur p\u00ebrparimin e m\u00ebtejsh\u00ebm t\u00eb dijes n\u00eb k\u00ebt\u00eb sektor n\u00eb Shqip\u00ebri.<\/p>\n<h2>Q\u00ebllimi Kryesor:<\/h2>\n<p>Menaxheri i Komunikimit (n\u00eb vijim referuar si MK) \u00ebsht\u00eb personi p\u00ebrgjegj\u00ebs p\u00ebr nd\u00ebrveprimin e Kampusit me publikun dhe pal\u00ebt e treta n\u00eb Shqip\u00ebri. MK luan nj\u00eb rol kryesor n\u00eb promovimin e imazhit t\u00eb<br \/>\nKampusit. Ky rol fokusohet n\u00eb p\u00ebrpjekjen p\u00ebr t\u00eb t\u00ebrhequr student\u00eb t\u00eb ardhsh\u00ebm, p\u00ebr t\u00eb organizuar evente t\u00eb r\u00ebnd\u00ebsishme, p\u00ebr t\u00eb menaxhuar marr\u00ebdh\u00ebniet me median dhe p\u00ebr t\u00eb promovuar misionin unik t\u00eb kampusit n\u00eb platforma t\u00eb ndryshme.<\/p>\n<p><a href=\"https:\/\/www.aadf.org\/sq\/menaxheri-i-komunikimit-i-kampusit-42-tirana-detaje\">Lexo m\u00eb shum\u00eb<\/a><\/p>\n\n<p><a href=\"https:\/\/www.aadf.org\/sq\/njoftimi-i-privatesise-se-te-dhenave-dhe-pelqimi-per-perdorimin-e-te-dhenave-te-aplikimit-per-pune\/\">Njoftimi i privat\u00ebsis\u00eb s\u00eb t\u00eb dh\u00ebnave dhe p\u00eblqimi p\u00ebr p\u00ebrdorimin e t\u00eb dh\u00ebnave t\u00eb aplikimit p\u00ebr pun\u00eb<\/a><\/p>\n","protected":false},"excerpt":{"rendered":"<p>P\u00ebrshkrimi i pozicionit 42 \u00ebsht\u00eb nj\u00eb nd\u00ebr shkollat me m\u00eb em\u00ebr n\u00eb Franc\u00eb dhe n\u00eb bot\u00eb, me nje rrjet global edukimi t\u00eb bazuar n\u00eb metodologjin\u00eb e t\u00eb m\u00ebsuarit mes bashk\u00ebmoshatar\u00ebve, pa pedagog. Kjo form\u00eb inovative e m\u00ebsim\u00ebdh\u00ebnies mund\u00ebson individ\u00ebt, pavar\u00ebsisht formimit t\u00eb tyre arsimor, t\u00eb ndjekin karrier\u00eb n\u00eb fush\u00ebn e IT-s\u00eb. Kampusi 42 Tirana, mb\u00ebshtetur [&hellip;]<\/p>\n","protected":false},"author":16,"featured_media":0,"parent":0,"menu_order":0,"comment_status":"closed","ping_status":"closed","template":"","meta":{"_acf_changed":false,"footnotes":""},"class_list":["post-4967","page","type-page","status-publish","hentry"],"acf":[],"yoast_head":"<!-- This site is optimized with the Yoast SEO plugin v27.5 - https:\/\/yoast.com\/product\/yoast-seo-wordpress\/ -->\n<title>Menaxheri i Komunikimit i Kampusit 42 Tirana - Albanian - American Development Foundation<\/title>\n<meta name=\"description\" content=\"Menaxheri i Komunikimit \u00ebsht\u00eb personi p\u00ebrgjegj\u00ebs p\u00ebr nd\u00ebrveprimin e Kampusit me publikun dhe pal\u00ebt e treta n\u00eb Shqip\u00ebri.\" \/>\n<meta name=\"robots\" content=\"index, follow, max-snippet:-1, max-image-preview:large, max-video-preview:-1\" \/>\n<link rel=\"canonical\" href=\"https:\/\/www.aadf.org\/sq\/menaxheri-i-komunikimit-i-kampusit-42-tirana\/\" \/>\n<meta property=\"og:locale\" content=\"sq_AL\" \/>\n<meta property=\"og:type\" content=\"article\" \/>\n<meta property=\"og:title\" content=\"Menaxheri i Komunikimit i Kampusit 42 Tirana - Albanian - American Development Foundation\" \/>\n<meta property=\"og:description\" content=\"Menaxheri i Komunikimit \u00ebsht\u00eb personi p\u00ebrgjegj\u00ebs p\u00ebr nd\u00ebrveprimin e Kampusit me publikun dhe pal\u00ebt e treta n\u00eb Shqip\u00ebri.\" \/>\n<meta property=\"og:url\" content=\"https:\/\/www.aadf.org\/sq\/menaxheri-i-komunikimit-i-kampusit-42-tirana\/\" \/>\n<meta property=\"og:site_name\" content=\"Albanian - American Development Foundation\" \/>\n<meta property=\"article:modified_time\" content=\"2024-11-25T14:17:37+00:00\" \/>\n<meta name=\"twitter:card\" content=\"summary_large_image\" \/>\n<meta name=\"twitter:label1\" content=\"Est. reading time\" \/>\n\t<meta name=\"twitter:data1\" content=\"1 minute\" \/>\n<script type=\"application\/ld+json\" class=\"yoast-schema-graph\">{\"@context\":\"https:\\\/\\\/schema.org\",\"@graph\":[{\"@type\":\"WebPage\",\"@id\":\"https:\\\/\\\/www.aadf.org\\\/sq\\\/menaxheri-i-komunikimit-i-kampusit-42-tirana\\\/\",\"url\":\"https:\\\/\\\/www.aadf.org\\\/sq\\\/menaxheri-i-komunikimit-i-kampusit-42-tirana\\\/\",\"name\":\"Menaxheri i Komunikimit i Kampusit 42 Tirana - Albanian - American Development Foundation\",\"isPartOf\":{\"@id\":\"https:\\\/\\\/www.aadf.org\\\/#website\"},\"datePublished\":\"2024-11-25T10:18:48+00:00\",\"dateModified\":\"2024-11-25T14:17:37+00:00\",\"description\":\"Menaxheri i Komunikimit \u00ebsht\u00eb personi p\u00ebrgjegj\u00ebs p\u00ebr nd\u00ebrveprimin e Kampusit me publikun dhe pal\u00ebt e treta n\u00eb Shqip\u00ebri.\",\"breadcrumb\":{\"@id\":\"https:\\\/\\\/www.aadf.org\\\/sq\\\/menaxheri-i-komunikimit-i-kampusit-42-tirana\\\/#breadcrumb\"},\"inLanguage\":\"sq-AL\",\"potentialAction\":[{\"@type\":\"ReadAction\",\"target\":[\"https:\\\/\\\/www.aadf.org\\\/sq\\\/menaxheri-i-komunikimit-i-kampusit-42-tirana\\\/\"]}]},{\"@type\":\"BreadcrumbList\",\"@id\":\"https:\\\/\\\/www.aadf.org\\\/sq\\\/menaxheri-i-komunikimit-i-kampusit-42-tirana\\\/#breadcrumb\",\"itemListElement\":[{\"@type\":\"ListItem\",\"position\":1,\"name\":\"Home\",\"item\":\"https:\\\/\\\/www.aadf.org\\\/sq\\\/\"},{\"@type\":\"ListItem\",\"position\":2,\"name\":\"Menaxheri i Komunikimit i Kampusit 42 Tirana\"}]},{\"@type\":\"WebSite\",\"@id\":\"https:\\\/\\\/www.aadf.org\\\/#website\",\"url\":\"https:\\\/\\\/www.aadf.org\\\/\",\"name\":\"Albanian - American Development Foundation\",\"description\":\"\",\"potentialAction\":[{\"@type\":\"SearchAction\",\"target\":{\"@type\":\"EntryPoint\",\"urlTemplate\":\"https:\\\/\\\/www.aadf.org\\\/?s={search_term_string}\"},\"query-input\":{\"@type\":\"PropertyValueSpecification\",\"valueRequired\":true,\"valueName\":\"search_term_string\"}}],\"inLanguage\":\"sq-AL\"}]}<\/script>\n<!-- \/ Yoast SEO plugin. -->","yoast_head_json":{"title":"Menaxheri i Komunikimit i Kampusit 42 Tirana - Albanian - American Development Foundation","description":"Menaxheri i Komunikimit \u00ebsht\u00eb personi p\u00ebrgjegj\u00ebs p\u00ebr nd\u00ebrveprimin e Kampusit me publikun dhe pal\u00ebt e treta n\u00eb Shqip\u00ebri.","robots":{"index":"index","follow":"follow","max-snippet":"max-snippet:-1","max-image-preview":"max-image-preview:large","max-video-preview":"max-video-preview:-1"},"canonical":"https:\/\/www.aadf.org\/sq\/menaxheri-i-komunikimit-i-kampusit-42-tirana\/","og_locale":"sq_AL","og_type":"article","og_title":"Menaxheri i Komunikimit i Kampusit 42 Tirana - Albanian - American Development Foundation","og_description":"Menaxheri i Komunikimit \u00ebsht\u00eb personi p\u00ebrgjegj\u00ebs p\u00ebr nd\u00ebrveprimin e Kampusit me publikun dhe pal\u00ebt e treta n\u00eb Shqip\u00ebri.","og_url":"https:\/\/www.aadf.org\/sq\/menaxheri-i-komunikimit-i-kampusit-42-tirana\/","og_site_name":"Albanian - American Development Foundation","article_modified_time":"2024-11-25T14:17:37+00:00","twitter_card":"summary_large_image","twitter_misc":{"Est. reading time":"1 minute"},"schema":{"@context":"https:\/\/schema.org","@graph":[{"@type":"WebPage","@id":"https:\/\/www.aadf.org\/sq\/menaxheri-i-komunikimit-i-kampusit-42-tirana\/","url":"https:\/\/www.aadf.org\/sq\/menaxheri-i-komunikimit-i-kampusit-42-tirana\/","name":"Menaxheri i Komunikimit i Kampusit 42 Tirana - Albanian - American Development Foundation","isPartOf":{"@id":"https:\/\/www.aadf.org\/#website"},"datePublished":"2024-11-25T10:18:48+00:00","dateModified":"2024-11-25T14:17:37+00:00","description":"Menaxheri i Komunikimit \u00ebsht\u00eb personi p\u00ebrgjegj\u00ebs p\u00ebr nd\u00ebrveprimin e Kampusit me publikun dhe pal\u00ebt e treta n\u00eb Shqip\u00ebri.","breadcrumb":{"@id":"https:\/\/www.aadf.org\/sq\/menaxheri-i-komunikimit-i-kampusit-42-tirana\/#breadcrumb"},"inLanguage":"sq-AL","potentialAction":[{"@type":"ReadAction","target":["https:\/\/www.aadf.org\/sq\/menaxheri-i-komunikimit-i-kampusit-42-tirana\/"]}]},{"@type":"BreadcrumbList","@id":"https:\/\/www.aadf.org\/sq\/menaxheri-i-komunikimit-i-kampusit-42-tirana\/#breadcrumb","itemListElement":[{"@type":"ListItem","position":1,"name":"Home","item":"https:\/\/www.aadf.org\/sq\/"},{"@type":"ListItem","position":2,"name":"Menaxheri i Komunikimit i Kampusit 42 Tirana"}]},{"@type":"WebSite","@id":"https:\/\/www.aadf.org\/#website","url":"https:\/\/www.aadf.org\/","name":"Albanian - American Development Foundation","description":"","potentialAction":[{"@type":"SearchAction","target":{"@type":"EntryPoint","urlTemplate":"https:\/\/www.aadf.org\/?s={search_term_string}"},"query-input":{"@type":"PropertyValueSpecification","valueRequired":true,"valueName":"search_term_string"}}],"inLanguage":"sq-AL"}]}},"_links":{"self":[{"href":"https:\/\/www.aadf.org\/sq\/wp-json\/wp\/v2\/pages\/4967","targetHints":{"allow":["GET"]}}],"collection":[{"href":"https:\/\/www.aadf.org\/sq\/wp-json\/wp\/v2\/pages"}],"about":[{"href":"https:\/\/www.aadf.org\/sq\/wp-json\/wp\/v2\/types\/page"}],"author":[{"embeddable":true,"href":"https:\/\/www.aadf.org\/sq\/wp-json\/wp\/v2\/users\/16"}],"replies":[{"embeddable":true,"href":"https:\/\/www.aadf.org\/sq\/wp-json\/wp\/v2\/comments?post=4967"}],"version-history":[{"count":2,"href":"https:\/\/www.aadf.org\/sq\/wp-json\/wp\/v2\/pages\/4967\/revisions"}],"predecessor-version":[{"id":4972,"href":"https:\/\/www.aadf.org\/sq\/wp-json\/wp\/v2\/pages\/4967\/revisions\/4972"}],"wp:attachment":[{"href":"https:\/\/www.aadf.org\/sq\/wp-json\/wp\/v2\/media?parent=4967"}],"curies":[{"name":"wp","href":"https:\/\/api.w.org\/{rel}","templated":true}]}}