{"id":4970,"date":"2024-11-25T10:18:54","date_gmt":"2024-11-25T10:18:54","guid":{"rendered":"https:\/\/www.aadf.org\/?page_id=4970"},"modified":"2024-11-25T14:16:48","modified_gmt":"2024-11-25T14:16:48","slug":"menaxheri-i-komunikimit-i-kampusit-42-tirana-detaje","status":"publish","type":"page","link":"https:\/\/www.aadf.org\/sq\/menaxheri-i-komunikimit-i-kampusit-42-tirana-detaje\/","title":{"rendered":"Menaxheri i Komunikimit i Kampusit 42 Tirana- Detaje"},"content":{"rendered":"<h2><strong>P\u00ebrshkrimi i pozicionit<\/strong><\/h2>\n<p>42 \u00ebsht\u00eb nj\u00eb nd\u00ebr shkollat me m\u00eb em\u00ebr n\u00eb Franc\u00eb dhe n\u00eb bot\u00eb, me nje rrjet global edukimi t\u00eb bazuar n\u00eb<br \/>\nmetodologjin\u00eb e t\u00eb m\u00ebsuarit mes bashk\u00ebmoshatar\u00ebve, pa pedagog. Kjo form\u00eb inovative e m\u00ebsim\u00ebdh\u00ebnies mund\u00ebson individ\u00ebt, pavar\u00ebsisht formimit t\u00eb tyre arsimor, t\u00eb ndjekin karrier\u00eb n\u00eb fush\u00ebn e IT-s\u00eb. Kampusi 42 Tirana, mb\u00ebshtetur nga AADF dhe Bashkia e Tiran\u00ebs, ka p\u00ebr q\u00ebllim t\u00eb p\u00ebrmir\u00ebsoj\u00eb<br \/>\narsimimin n\u00eb k\u00ebt\u00eb fush\u00eb duke p\u00ebrdorur teknologjin\u00eb m\u00eb t\u00eb fundit, nj\u00eb kurrikul\u00eb cil\u00ebsore dhe t\u00eb ofroj\u00eb mund\u00ebsi p\u00ebr rritje p\u00ebr t\u00eb gjith\u00eb student\u00ebt n\u00eb aspektin profesional dhe personal.<\/p>\n<p>42 Tirana synon t\u00eb zvog\u00ebloj\u00eb hendekun ekzistues digjital n\u00eb Shqip\u00ebri duke fuqizuar profesionist\u00ebt e fush\u00ebs s\u00eb teknologjis\u00eb dhe duke nxitur p\u00ebrparimin e m\u00ebtejsh\u00ebm t\u00eb dijes n\u00eb k\u00ebt\u00eb sektor n\u00eb Shqip\u00ebri.<\/p>\n<h2>Q\u00ebllimi Kryesor:<\/h2>\n<p>Menaxheri i Komunikimit (n\u00eb vijim referuar si MK) \u00ebsht\u00eb personi p\u00ebrgjegj\u00ebs p\u00ebr nd\u00ebrveprimin e Kampusit me publikun dhe pal\u00ebt e treta n\u00eb Shqip\u00ebri. MK luan nj\u00eb rol kryesor n\u00eb promovimin e imazhit t\u00eb<br \/>\nKampusit. Ky rol fokusohet n\u00eb p\u00ebrpjekjen p\u00ebr t\u00eb t\u00ebrhequr student\u00eb t\u00eb ardhsh\u00ebm, p\u00ebr t\u00eb organizuar evente t\u00eb r\u00ebnd\u00ebsishme, p\u00ebr t\u00eb menaxhuar marr\u00ebdh\u00ebniet me median dhe p\u00ebr t\u00eb promovuar misionin unik t\u00eb kampusit n\u00eb platforma t\u00eb ndryshme.<\/p>\n<h2>P\u00ebrgjegj\u00ebsit\u00eb Kryesore:<\/h2>\n<p>&#8211; Komunikimi me Publikun: Hartimi dhe zbatimi i nj\u00eb strategjie komunikimi t\u00eb qart\u00eb dhe efektive.<br \/>\n&#8211; Angazhimi me Student\u00ebt: Zhvillimi dhe ekzekutimi i politikave dhe fushatave efektive me q\u00ebllim t\u00ebrheqjen e student\u00ebve potencial si dhe p\u00ebr siguruar nj\u00eb norm\u00eb t\u00eb q\u00ebndrueshme e n\u00eb rritje t\u00eb aplikimeve dhe regjistrimeve, n\u00eb p\u00ebrputhje me udh\u00ebzimet e 42.<br \/>\n&#8211; Organizimi i Eventeve: Planifikimi, koordinimi dhe zhvillimi i aktiviteteve dhe eventeve brenda dhe jasht\u00eb kampusit p\u00ebr t\u00eb promovuar vlerat dhe objektivat e 42 Tirana, duke ndjekur standardet e 42.<br \/>\n&#8211; Marr\u00ebdh\u00ebnia me Publikun dhe Median: MK sh\u00ebrben si pika e kontaktit p\u00ebr mediat dhe influencuesit, duke nd\u00ebrtuar bashk\u00ebpunime t\u00eb frytshme q\u00eb kontribuojn\u00eb n\u00eb rritjen e vizibilitetit t\u00eb Kampusit, n\u00eb p\u00ebrputhje me udh\u00ebzimet p\u00ebr komunikimin me publikun e 42.<br \/>\n&#8211; MK \u00ebsht\u00eb p\u00ebrgjegj\u00ebs p\u00ebr krijimin dhe mbajtjen e kontakteve me rrjetin e shtypit t\u00eb shkruar dhe pamor, I zhvillon dhe i kuron ato marr\u00ebdh\u00ebnie n\u00eb funksion t\u00eb politikave t\u00eb zhvillimit t\u00eb kampusit 42 n\u00eb Shqip\u00ebri.<br \/>\n&#8211; Menaxhimi i Rrjeteve Sociale: Drejtimi i strategjis\u00eb s\u00eb rrjeteve sociale dhe krijimi i p\u00ebrmbatjes p\u00ebr t\u00eb p\u00ebrfshir\u00eb audienc\u00ebn, promovimin e Kampusit dhe rritur numrin e regjistrimeve.<br \/>\n&#8211; Krijimi i P\u00ebrmbajtjes: Krijimi dhe menaxhimi i p\u00ebrmbajtjes s\u00eb postimeve n\u00eb platforma t\u00eb ndryshme me q\u00ebllim sigurimin q\u00eb mesazhet e transmetuara jan\u00eb t\u00eb qarta, t\u00eb q\u00ebndrueshme dhe n\u00eb p\u00ebrputhje me identitetin dhe standardet e 42 Tirana.<\/p>\n<h2>P\u00ebrgjegj\u00ebsit\u00eb Dyt\u00ebsore:<\/h2>\n<p>&#8211; Monitorimi i Medias dhe Studimi i Tregut: Monitorimi i mbulimit mediatik q\u00eb lidhet me Kampusin<br \/>\ndhe zhvillimi i studimeve p\u00ebr t\u00eb kuptuar m\u00eb s\u00eb miri nevojat dhe preferencat e audienc\u00ebs s\u00eb synuar.<br \/>\n&#8211; Marr\u00ebdh\u00ebniet me Rrjetin Alumni: Mb\u00ebshtetje p\u00ebr t\u00eb zhvilluar dhe forcuar marr\u00ebdh\u00ebnie me alumnit, duke krijuar mund\u00ebsi n\u00eb platforma t\u00eb ndryshme p\u00ebr bashk\u00ebpunim.<br \/>\n&#8211; MK koordinon me partneret kryesore t\u00eb kampusit \u2013 42, AADF dhe Bashkia Tiran\u00eb fushatat sensibilizuese dhe sigurohet q\u00eb ato jan\u00eb n\u00eb p\u00ebrputhje me standartet dhe politikat p\u00ebrkat\u00ebse t\u00eb k\u00ebtyre partner\u00ebve.<\/p>\n<h2>Njohurit\u00eb dhe Eksperienca e K\u00ebrkuar:<\/h2>\n<p>&#8211; Diplom\u00eb t\u00eb nivelit Bachelor n\u00eb Komunikim, Marketing, Marr\u00ebdh\u00ebnie me Publikun, ose n\u00eb nj\u00eb fush\u00eb t\u00eb ngjashme.<br \/>\n&#8211; T\u00eb pakt\u00ebn 3 vite pun\u00eb n\u00eb fush\u00ebn e komunikimit ose marr\u00ebdh\u00ebnieve me publikun, mund\u00ebsisht n\u00eb sektorin e edukimit ose n\u00eb industrin\u00eb e teknologjis\u00eb.<br \/>\n&#8211; Aft\u00ebsi t\u00eb shk\u00eblqyera komunikimi dhe nd\u00ebrpersonale, si dhe p\u00ebr t\u00eb angazhuar n\u00eb m\u00ebnyr\u00eb efektive audienca t\u00eb ndryshme.<br \/>\n&#8211; Njohuri t\u00eb mira mbi platformat e mediave sociale, p\u00ebrvoj\u00eb n\u00eb organizimin e eventeve dhe krijimin e p\u00ebrmbajtjes.<br \/>\n&#8211; Aft\u00ebsi t\u00eb shk\u00eblqyera komunikimi t\u00eb shkruara dhe verbale.<br \/>\n&#8211; Aft\u00ebsi t\u00eb shk\u00eblqyera n\u00eb t\u00eb shkruar, analiz\u00eb dhe sintez\u00eb n\u00eb anglisht (njohja e Fr\u00ebngjishtes \u00ebsht\u00eb nj\u00eb p\u00ebrpar\u00ebsi).<br \/>\n&#8211; Njohuri mbi trendet dhe risit\u00eb teknologjike.<br \/>\n&#8211; Aft\u00ebsi p\u00ebr t\u00eb nd\u00ebrmarr\u00eb iniciativa, p\u00ebr t\u00eb d\u00ebgjuar n\u00eb m\u00ebnyr\u00eb aktive dhe p\u00ebr t\u00eb propozuar zgjidhje kreative.<br \/>\n&#8211; I vet\u00eb-motivuar dhe i orientuar nga detajet.<br \/>\n&#8211; Aft\u00ebsi t\u00eb mira n\u00eb nd\u00ebrtimin e marr\u00ebdh\u00ebnieve nd\u00ebrpersonale.<br \/>\n&#8211; Aft\u00ebsi p\u00ebr menaxhuar situata komplekse me ndjeshm\u00ebri dhe fleksibilitet.<\/p>\n<p>Kandidat\u00ebt e interesuar duhet t\u00eb dor\u00ebzojn\u00eb Jet\u00ebshkrimin (Curriculum Vitae) e tyre dhe Letr\u00ebn e Motivimit n\u00eb adres\u00ebn n\u00eb vijim: careers@aadf.org dhe ju lutem referoni titullin e pozicionit q\u00eb po aplikoni<br \/>\nn\u00eb mesazhin tuaj. Pranohen vet\u00ebm aplikimet elektronike. T\u00eb gjith\u00eb aplikant\u00ebt do t\u00eb marrin nj\u00eb konfimim<br \/>\nq\u00eb aplikimi i tyre elektronik \u00ebsht\u00eb marr\u00eb. Vet\u00ebm kandidat\u00ebt q\u00eb do t\u00eb p\u00ebrzgjidhen p\u00ebr faz\u00ebn e intervist\u00ebs<br \/>\ndo t\u00eb kontaktohen.<\/p>\n<p>Afati p\u00ebr aplikim \u00ebsht\u00eb 8 Dhjetor 2024.<\/p>\n<p><a href=\"https:\/\/www.aadf.org\/sq\/menaxheri-i-komunikimit-i-kampusit-42-tirana\"><span style=\"text-decoration: underline;\">Kthehu tek formulari<\/span><\/a><\/p>\n","protected":false},"excerpt":{"rendered":"<p>P\u00ebrshkrimi i pozicionit 42 \u00ebsht\u00eb nj\u00eb nd\u00ebr shkollat me m\u00eb em\u00ebr n\u00eb Franc\u00eb dhe n\u00eb bot\u00eb, me nje rrjet global edukimi t\u00eb bazuar n\u00eb metodologjin\u00eb e t\u00eb m\u00ebsuarit mes bashk\u00ebmoshatar\u00ebve, pa pedagog. Kjo form\u00eb inovative e m\u00ebsim\u00ebdh\u00ebnies mund\u00ebson individ\u00ebt, pavar\u00ebsisht formimit t\u00eb tyre arsimor, t\u00eb ndjekin karrier\u00eb n\u00eb fush\u00ebn e IT-s\u00eb. Kampusi 42 Tirana, mb\u00ebshtetur [&hellip;]<\/p>\n","protected":false},"author":16,"featured_media":0,"parent":0,"menu_order":0,"comment_status":"closed","ping_status":"closed","template":"","meta":{"_acf_changed":false,"footnotes":""},"class_list":["post-4970","page","type-page","status-publish","hentry"],"acf":[],"yoast_head":"<!-- This site is optimized with the Yoast SEO plugin v27.5 - https:\/\/yoast.com\/product\/yoast-seo-wordpress\/ -->\n<title>Menaxheri i Komunikimit i Kampusit 42 Tirana- Detaje - Albanian - American Development Foundation<\/title>\n<meta name=\"description\" content=\"Menaxheri i Komunikimit \u00ebsht\u00eb personi p\u00ebrgjegj\u00ebs p\u00ebr nd\u00ebrveprimin e Kampusit me publikun dhe pal\u00ebt e treta n\u00eb Shqip\u00ebri.\" \/>\n<meta name=\"robots\" content=\"index, follow, max-snippet:-1, max-image-preview:large, max-video-preview:-1\" \/>\n<link rel=\"canonical\" href=\"https:\/\/www.aadf.org\/sq\/menaxheri-i-komunikimit-i-kampusit-42-tirana-detaje\/\" \/>\n<meta property=\"og:locale\" content=\"sq_AL\" \/>\n<meta property=\"og:type\" content=\"article\" \/>\n<meta property=\"og:title\" content=\"Menaxheri i Komunikimit i Kampusit 42 Tirana- Detaje - Albanian - American Development Foundation\" \/>\n<meta property=\"og:description\" content=\"Menaxheri i Komunikimit \u00ebsht\u00eb personi p\u00ebrgjegj\u00ebs p\u00ebr nd\u00ebrveprimin e Kampusit me publikun dhe pal\u00ebt e treta n\u00eb Shqip\u00ebri.\" \/>\n<meta property=\"og:url\" content=\"https:\/\/www.aadf.org\/sq\/menaxheri-i-komunikimit-i-kampusit-42-tirana-detaje\/\" \/>\n<meta property=\"og:site_name\" content=\"Albanian - American Development Foundation\" \/>\n<meta property=\"article:modified_time\" content=\"2024-11-25T14:16:48+00:00\" \/>\n<meta name=\"twitter:card\" content=\"summary_large_image\" \/>\n<meta name=\"twitter:label1\" content=\"Est. reading time\" \/>\n\t<meta name=\"twitter:data1\" content=\"4 minutes\" \/>\n<script type=\"application\/ld+json\" class=\"yoast-schema-graph\">{\"@context\":\"https:\\\/\\\/schema.org\",\"@graph\":[{\"@type\":\"WebPage\",\"@id\":\"https:\\\/\\\/www.aadf.org\\\/sq\\\/menaxheri-i-komunikimit-i-kampusit-42-tirana-detaje\\\/\",\"url\":\"https:\\\/\\\/www.aadf.org\\\/sq\\\/menaxheri-i-komunikimit-i-kampusit-42-tirana-detaje\\\/\",\"name\":\"Menaxheri i Komunikimit i Kampusit 42 Tirana- Detaje - Albanian - American Development Foundation\",\"isPartOf\":{\"@id\":\"https:\\\/\\\/www.aadf.org\\\/#website\"},\"datePublished\":\"2024-11-25T10:18:54+00:00\",\"dateModified\":\"2024-11-25T14:16:48+00:00\",\"description\":\"Menaxheri i Komunikimit \u00ebsht\u00eb personi p\u00ebrgjegj\u00ebs p\u00ebr nd\u00ebrveprimin e Kampusit me publikun dhe pal\u00ebt e treta n\u00eb Shqip\u00ebri.\",\"breadcrumb\":{\"@id\":\"https:\\\/\\\/www.aadf.org\\\/sq\\\/menaxheri-i-komunikimit-i-kampusit-42-tirana-detaje\\\/#breadcrumb\"},\"inLanguage\":\"sq-AL\",\"potentialAction\":[{\"@type\":\"ReadAction\",\"target\":[\"https:\\\/\\\/www.aadf.org\\\/sq\\\/menaxheri-i-komunikimit-i-kampusit-42-tirana-detaje\\\/\"]}]},{\"@type\":\"BreadcrumbList\",\"@id\":\"https:\\\/\\\/www.aadf.org\\\/sq\\\/menaxheri-i-komunikimit-i-kampusit-42-tirana-detaje\\\/#breadcrumb\",\"itemListElement\":[{\"@type\":\"ListItem\",\"position\":1,\"name\":\"Home\",\"item\":\"https:\\\/\\\/www.aadf.org\\\/sq\\\/\"},{\"@type\":\"ListItem\",\"position\":2,\"name\":\"Menaxheri i Komunikimit i Kampusit 42 Tirana- Detaje\"}]},{\"@type\":\"WebSite\",\"@id\":\"https:\\\/\\\/www.aadf.org\\\/#website\",\"url\":\"https:\\\/\\\/www.aadf.org\\\/\",\"name\":\"Albanian - American Development Foundation\",\"description\":\"\",\"potentialAction\":[{\"@type\":\"SearchAction\",\"target\":{\"@type\":\"EntryPoint\",\"urlTemplate\":\"https:\\\/\\\/www.aadf.org\\\/?s={search_term_string}\"},\"query-input\":{\"@type\":\"PropertyValueSpecification\",\"valueRequired\":true,\"valueName\":\"search_term_string\"}}],\"inLanguage\":\"sq-AL\"}]}<\/script>\n<!-- \/ Yoast SEO plugin. -->","yoast_head_json":{"title":"Menaxheri i Komunikimit i Kampusit 42 Tirana- Detaje - Albanian - American Development Foundation","description":"Menaxheri i Komunikimit \u00ebsht\u00eb personi p\u00ebrgjegj\u00ebs p\u00ebr nd\u00ebrveprimin e Kampusit me publikun dhe pal\u00ebt e treta n\u00eb Shqip\u00ebri.","robots":{"index":"index","follow":"follow","max-snippet":"max-snippet:-1","max-image-preview":"max-image-preview:large","max-video-preview":"max-video-preview:-1"},"canonical":"https:\/\/www.aadf.org\/sq\/menaxheri-i-komunikimit-i-kampusit-42-tirana-detaje\/","og_locale":"sq_AL","og_type":"article","og_title":"Menaxheri i Komunikimit i Kampusit 42 Tirana- Detaje - Albanian - American Development Foundation","og_description":"Menaxheri i Komunikimit \u00ebsht\u00eb personi p\u00ebrgjegj\u00ebs p\u00ebr nd\u00ebrveprimin e Kampusit me publikun dhe pal\u00ebt e treta n\u00eb Shqip\u00ebri.","og_url":"https:\/\/www.aadf.org\/sq\/menaxheri-i-komunikimit-i-kampusit-42-tirana-detaje\/","og_site_name":"Albanian - American Development Foundation","article_modified_time":"2024-11-25T14:16:48+00:00","twitter_card":"summary_large_image","twitter_misc":{"Est. reading time":"4 minutes"},"schema":{"@context":"https:\/\/schema.org","@graph":[{"@type":"WebPage","@id":"https:\/\/www.aadf.org\/sq\/menaxheri-i-komunikimit-i-kampusit-42-tirana-detaje\/","url":"https:\/\/www.aadf.org\/sq\/menaxheri-i-komunikimit-i-kampusit-42-tirana-detaje\/","name":"Menaxheri i Komunikimit i Kampusit 42 Tirana- Detaje - Albanian - American Development Foundation","isPartOf":{"@id":"https:\/\/www.aadf.org\/#website"},"datePublished":"2024-11-25T10:18:54+00:00","dateModified":"2024-11-25T14:16:48+00:00","description":"Menaxheri i Komunikimit \u00ebsht\u00eb personi p\u00ebrgjegj\u00ebs p\u00ebr nd\u00ebrveprimin e Kampusit me publikun dhe pal\u00ebt e treta n\u00eb Shqip\u00ebri.","breadcrumb":{"@id":"https:\/\/www.aadf.org\/sq\/menaxheri-i-komunikimit-i-kampusit-42-tirana-detaje\/#breadcrumb"},"inLanguage":"sq-AL","potentialAction":[{"@type":"ReadAction","target":["https:\/\/www.aadf.org\/sq\/menaxheri-i-komunikimit-i-kampusit-42-tirana-detaje\/"]}]},{"@type":"BreadcrumbList","@id":"https:\/\/www.aadf.org\/sq\/menaxheri-i-komunikimit-i-kampusit-42-tirana-detaje\/#breadcrumb","itemListElement":[{"@type":"ListItem","position":1,"name":"Home","item":"https:\/\/www.aadf.org\/sq\/"},{"@type":"ListItem","position":2,"name":"Menaxheri i Komunikimit i Kampusit 42 Tirana- Detaje"}]},{"@type":"WebSite","@id":"https:\/\/www.aadf.org\/#website","url":"https:\/\/www.aadf.org\/","name":"Albanian - American Development Foundation","description":"","potentialAction":[{"@type":"SearchAction","target":{"@type":"EntryPoint","urlTemplate":"https:\/\/www.aadf.org\/?s={search_term_string}"},"query-input":{"@type":"PropertyValueSpecification","valueRequired":true,"valueName":"search_term_string"}}],"inLanguage":"sq-AL"}]}},"_links":{"self":[{"href":"https:\/\/www.aadf.org\/sq\/wp-json\/wp\/v2\/pages\/4970","targetHints":{"allow":["GET"]}}],"collection":[{"href":"https:\/\/www.aadf.org\/sq\/wp-json\/wp\/v2\/pages"}],"about":[{"href":"https:\/\/www.aadf.org\/sq\/wp-json\/wp\/v2\/types\/page"}],"author":[{"embeddable":true,"href":"https:\/\/www.aadf.org\/sq\/wp-json\/wp\/v2\/users\/16"}],"replies":[{"embeddable":true,"href":"https:\/\/www.aadf.org\/sq\/wp-json\/wp\/v2\/comments?post=4970"}],"version-history":[{"count":1,"href":"https:\/\/www.aadf.org\/sq\/wp-json\/wp\/v2\/pages\/4970\/revisions"}],"predecessor-version":[{"id":4971,"href":"https:\/\/www.aadf.org\/sq\/wp-json\/wp\/v2\/pages\/4970\/revisions\/4971"}],"wp:attachment":[{"href":"https:\/\/www.aadf.org\/sq\/wp-json\/wp\/v2\/media?parent=4970"}],"curies":[{"name":"wp","href":"https:\/\/api.w.org\/{rel}","templated":true}]}}