{"id":6121,"date":"2025-07-21T11:04:30","date_gmt":"2025-07-21T10:04:30","guid":{"rendered":"https:\/\/www.aadf.org\/?page_id=6121"},"modified":"2025-08-18T12:13:23","modified_gmt":"2025-08-18T11:13:23","slug":"ekspert-komunikimi","status":"publish","type":"page","link":"https:\/\/www.aadf.org\/sq\/ekspert-komunikimi\/","title":{"rendered":"Ekspert i Komunikimit"},"content":{"rendered":"<p>Fondacioni Shqiptaro-Amerikan p\u00ebr Zhvillim (AADF) shpall nj\u00eb mund\u00ebsi t\u00eb re pun\u00ebsimi p\u00ebr pozicionin Ekspert i Komunikimit.<\/p>\n<h3>Q\u00cbLLIMI KRYESOR<\/h3>\n<p>Eksperti i Komunikimit \u00ebsht\u00eb p\u00ebrgjegj\u00ebs p\u00ebr drejtimin e zhvillimit dhe zbatimit t\u00eb strategjis\u00eb s\u00eb<br \/>\nkomunikimit dhe marr\u00ebdh\u00ebnieve me publikun t\u00eb Fondacionit. Roli siguron nj\u00eb komunikim t\u00eb<br \/>\nq\u00ebndruesh\u00ebm, t\u00eb qart\u00eb dhe me ndikim n\u00eb t\u00eb gjitha platformat, forcon reputacionin e Fondacionit dhe mb\u00ebshtet zbatimin e suksessh\u00ebm t\u00eb misionit dhe programeve t\u00eb tij p\u00ebrmes kontakteve me median, angazhimit me aktor\u00eb t\u00eb ndrysh\u00ebm dhe zhvillimit t\u00eb p\u00ebrmbajtjes.<\/p>\n<p><a href=\"https:\/\/www.aadf.org\/sq\/?page_id=6122\">Lexo m\u00eb shum\u00eb<\/a><\/p>\n<p><strong>Ky pozicion nuk pranon m\u00eb aplikime.<\/strong><\/p>\n<p><a href=\"https:\/\/www.aadf.org\/sq\/njoftimi-i-privatesise-se-te-dhenave-dhe-pelqimi-per-perdorimin-e-te-dhenave-te-aplikimit-per-pune\/\">Njoftimi i privat\u00ebsis\u00eb s\u00eb t\u00eb dh\u00ebnave dhe p\u00eblqimi p\u00ebr p\u00ebrdorimin e t\u00eb dh\u00ebnave t\u00eb aplikimit p\u00ebr pun\u00eb<\/a><\/p>\n","protected":false},"excerpt":{"rendered":"<p>Fondacioni Shqiptaro-Amerikan p\u00ebr Zhvillim (AADF) shpall nj\u00eb mund\u00ebsi t\u00eb re pun\u00ebsimi p\u00ebr pozicionin Ekspert i Komunikimit. Q\u00cbLLIMI KRYESOR Eksperti i Komunikimit \u00ebsht\u00eb p\u00ebrgjegj\u00ebs p\u00ebr drejtimin e zhvillimit dhe zbatimit t\u00eb strategjis\u00eb s\u00eb komunikimit dhe marr\u00ebdh\u00ebnieve me publikun t\u00eb Fondacionit. Roli siguron nj\u00eb komunikim t\u00eb q\u00ebndruesh\u00ebm, t\u00eb qart\u00eb dhe me ndikim n\u00eb t\u00eb gjitha platformat, forcon [&hellip;]<\/p>\n","protected":false},"author":16,"featured_media":0,"parent":0,"menu_order":0,"comment_status":"closed","ping_status":"closed","template":"","meta":{"_acf_changed":false,"footnotes":""},"class_list":["post-6121","page","type-page","status-publish","hentry"],"acf":[],"yoast_head":"<!-- This site is optimized with the Yoast SEO plugin v26.6 - https:\/\/yoast.com\/wordpress\/plugins\/seo\/ -->\n<title>Ekspert i Komunikimit - Albanian - American Development Foundation<\/title>\n<meta name=\"description\" content=\"Fondacioni Shqiptaro-Amerikan p\u00ebr Zhvillim (AADF) shpall nj\u00eb mund\u00ebsi t\u00eb re pun\u00ebsimi p\u00ebr pozicioninMenaxher i komunikimit.\" \/>\n<meta name=\"robots\" content=\"index, follow, max-snippet:-1, max-image-preview:large, max-video-preview:-1\" \/>\n<link rel=\"canonical\" href=\"https:\/\/www.aadf.org\/sq\/ekspert-komunikimi\/\" \/>\n<meta property=\"og:locale\" content=\"sq_AL\" \/>\n<meta property=\"og:type\" content=\"article\" \/>\n<meta property=\"og:title\" content=\"Ekspert i Komunikimit - Albanian - American Development Foundation\" \/>\n<meta property=\"og:description\" content=\"Fondacioni Shqiptaro-Amerikan p\u00ebr Zhvillim (AADF) shpall nj\u00eb mund\u00ebsi t\u00eb re pun\u00ebsimi p\u00ebr pozicioninMenaxher i komunikimit.\" \/>\n<meta property=\"og:url\" content=\"https:\/\/www.aadf.org\/sq\/ekspert-komunikimi\/\" \/>\n<meta property=\"og:site_name\" content=\"Albanian - American Development Foundation\" \/>\n<meta property=\"article:modified_time\" content=\"2025-08-18T11:13:23+00:00\" \/>\n<meta name=\"twitter:card\" content=\"summary_large_image\" \/>\n<meta name=\"twitter:label1\" content=\"Est. reading time\" \/>\n\t<meta name=\"twitter:data1\" content=\"1 minute\" \/>\n<script type=\"application\/ld+json\" class=\"yoast-schema-graph\">{\"@context\":\"https:\/\/schema.org\",\"@graph\":[{\"@type\":\"WebPage\",\"@id\":\"https:\/\/www.aadf.org\/sq\/ekspert-komunikimi\/\",\"url\":\"https:\/\/www.aadf.org\/sq\/ekspert-komunikimi\/\",\"name\":\"Ekspert i Komunikimit - Albanian - American Development Foundation\",\"isPartOf\":{\"@id\":\"https:\/\/www.aadf.org\/#website\"},\"datePublished\":\"2025-07-21T10:04:30+00:00\",\"dateModified\":\"2025-08-18T11:13:23+00:00\",\"description\":\"Fondacioni Shqiptaro-Amerikan p\u00ebr Zhvillim (AADF) shpall nj\u00eb mund\u00ebsi t\u00eb re pun\u00ebsimi p\u00ebr pozicioninMenaxher i komunikimit.\",\"breadcrumb\":{\"@id\":\"https:\/\/www.aadf.org\/sq\/ekspert-komunikimi\/#breadcrumb\"},\"inLanguage\":\"sq-AL\",\"potentialAction\":[{\"@type\":\"ReadAction\",\"target\":[\"https:\/\/www.aadf.org\/sq\/ekspert-komunikimi\/\"]}]},{\"@type\":\"BreadcrumbList\",\"@id\":\"https:\/\/www.aadf.org\/sq\/ekspert-komunikimi\/#breadcrumb\",\"itemListElement\":[{\"@type\":\"ListItem\",\"position\":1,\"name\":\"Home\",\"item\":\"https:\/\/www.aadf.org\/sq\/\"},{\"@type\":\"ListItem\",\"position\":2,\"name\":\"Ekspert i Komunikimit\"}]},{\"@type\":\"WebSite\",\"@id\":\"https:\/\/www.aadf.org\/#website\",\"url\":\"https:\/\/www.aadf.org\/\",\"name\":\"Albanian - American Development Foundation\",\"description\":\"\",\"potentialAction\":[{\"@type\":\"SearchAction\",\"target\":{\"@type\":\"EntryPoint\",\"urlTemplate\":\"https:\/\/www.aadf.org\/?s={search_term_string}\"},\"query-input\":{\"@type\":\"PropertyValueSpecification\",\"valueRequired\":true,\"valueName\":\"search_term_string\"}}],\"inLanguage\":\"sq-AL\"}]}<\/script>\n<!-- \/ Yoast SEO plugin. -->","yoast_head_json":{"title":"Ekspert i Komunikimit - Albanian - American Development Foundation","description":"Fondacioni Shqiptaro-Amerikan p\u00ebr Zhvillim (AADF) shpall nj\u00eb mund\u00ebsi t\u00eb re pun\u00ebsimi p\u00ebr pozicioninMenaxher i komunikimit.","robots":{"index":"index","follow":"follow","max-snippet":"max-snippet:-1","max-image-preview":"max-image-preview:large","max-video-preview":"max-video-preview:-1"},"canonical":"https:\/\/www.aadf.org\/sq\/ekspert-komunikimi\/","og_locale":"sq_AL","og_type":"article","og_title":"Ekspert i Komunikimit - Albanian - American Development Foundation","og_description":"Fondacioni Shqiptaro-Amerikan p\u00ebr Zhvillim (AADF) shpall nj\u00eb mund\u00ebsi t\u00eb re pun\u00ebsimi p\u00ebr pozicioninMenaxher i komunikimit.","og_url":"https:\/\/www.aadf.org\/sq\/ekspert-komunikimi\/","og_site_name":"Albanian - American Development Foundation","article_modified_time":"2025-08-18T11:13:23+00:00","twitter_card":"summary_large_image","twitter_misc":{"Est. reading time":"1 minute"},"schema":{"@context":"https:\/\/schema.org","@graph":[{"@type":"WebPage","@id":"https:\/\/www.aadf.org\/sq\/ekspert-komunikimi\/","url":"https:\/\/www.aadf.org\/sq\/ekspert-komunikimi\/","name":"Ekspert i Komunikimit - Albanian - American Development Foundation","isPartOf":{"@id":"https:\/\/www.aadf.org\/#website"},"datePublished":"2025-07-21T10:04:30+00:00","dateModified":"2025-08-18T11:13:23+00:00","description":"Fondacioni Shqiptaro-Amerikan p\u00ebr Zhvillim (AADF) shpall nj\u00eb mund\u00ebsi t\u00eb re pun\u00ebsimi p\u00ebr pozicioninMenaxher i komunikimit.","breadcrumb":{"@id":"https:\/\/www.aadf.org\/sq\/ekspert-komunikimi\/#breadcrumb"},"inLanguage":"sq-AL","potentialAction":[{"@type":"ReadAction","target":["https:\/\/www.aadf.org\/sq\/ekspert-komunikimi\/"]}]},{"@type":"BreadcrumbList","@id":"https:\/\/www.aadf.org\/sq\/ekspert-komunikimi\/#breadcrumb","itemListElement":[{"@type":"ListItem","position":1,"name":"Home","item":"https:\/\/www.aadf.org\/sq\/"},{"@type":"ListItem","position":2,"name":"Ekspert i Komunikimit"}]},{"@type":"WebSite","@id":"https:\/\/www.aadf.org\/#website","url":"https:\/\/www.aadf.org\/","name":"Albanian - American Development Foundation","description":"","potentialAction":[{"@type":"SearchAction","target":{"@type":"EntryPoint","urlTemplate":"https:\/\/www.aadf.org\/?s={search_term_string}"},"query-input":{"@type":"PropertyValueSpecification","valueRequired":true,"valueName":"search_term_string"}}],"inLanguage":"sq-AL"}]}},"_links":{"self":[{"href":"https:\/\/www.aadf.org\/sq\/wp-json\/wp\/v2\/pages\/6121","targetHints":{"allow":["GET"]}}],"collection":[{"href":"https:\/\/www.aadf.org\/sq\/wp-json\/wp\/v2\/pages"}],"about":[{"href":"https:\/\/www.aadf.org\/sq\/wp-json\/wp\/v2\/types\/page"}],"author":[{"embeddable":true,"href":"https:\/\/www.aadf.org\/sq\/wp-json\/wp\/v2\/users\/16"}],"replies":[{"embeddable":true,"href":"https:\/\/www.aadf.org\/sq\/wp-json\/wp\/v2\/comments?post=6121"}],"version-history":[{"count":12,"href":"https:\/\/www.aadf.org\/sq\/wp-json\/wp\/v2\/pages\/6121\/revisions"}],"predecessor-version":[{"id":6184,"href":"https:\/\/www.aadf.org\/sq\/wp-json\/wp\/v2\/pages\/6121\/revisions\/6184"}],"wp:attachment":[{"href":"https:\/\/www.aadf.org\/sq\/wp-json\/wp\/v2\/media?parent=6121"}],"curies":[{"name":"wp","href":"https:\/\/api.w.org\/{rel}","templated":true}]}}