{"id":6122,"date":"2025-07-21T11:04:17","date_gmt":"2025-07-21T10:04:17","guid":{"rendered":"https:\/\/www.aadf.org\/?page_id=6122"},"modified":"2025-07-22T12:37:44","modified_gmt":"2025-07-22T11:37:44","slug":"ekspert-komunikimi-detaje","status":"publish","type":"page","link":"https:\/\/www.aadf.org\/sq\/ekspert-komunikimi-detaje\/","title":{"rendered":"Ekspert i Komunikimit &#8211; Detaje"},"content":{"rendered":"<p><!--more-->Fondacioni Shqiptaro-Amerikan p\u00ebr Zhvillim (AADF) shpall nj\u00eb mund\u00ebsi t\u00eb re pun\u00ebsimi p\u00ebr pozicionin Ekspert i Komunikimit.<\/p>\n<h3>Q\u00cbLLIMI KRYESOR<\/h3>\n<p>Eksperti i Komunikimit \u00ebsht\u00eb p\u00ebrgjegj\u00ebs p\u00ebr drejtimin e zhvillimit dhe zbatimit t\u00eb strategjis\u00eb s\u00eb<br \/>\nkomunikimit dhe marr\u00ebdh\u00ebnieve me publikun t\u00eb Fondacionit. Roli siguron nj\u00eb komunikim t\u00eb q\u00ebndruesh\u00ebm, t\u00eb qart\u00eb dhe me ndikim n\u00eb t\u00eb gjitha platformat, forcon dukshm\u00ebrin\u00eb dhe reputacionin e Fondacionit dhe mb\u00ebshtet zbatimin e suksessh\u00ebm t\u00eb misionit dhe programeve t\u00eb tij p\u00ebrmes kontakteve<br \/>\nme median, angazhimit me aktor\u00eb t\u00eb ndrysh\u00ebm dhe zhvillimit t\u00eb p\u00ebrmbajtjes.<\/p>\n<h3>P\u00cbRGJEGJ\u00cbSIT\u00cb KRYESORE<\/h3>\n<ul>\n<li>Drejton strategjin\u00eb e p\u00ebrgjithshme t\u00eb komunikimit t\u00eb AADF-s\u00eb, duke siguruar nj\u00eb mesazh t\u00eb unifikuar p\u00ebrmes nj\u00eb portofoli t\u00eb larmish\u00ebm me mbi 40 projekte komb\u00ebtare n\u00eb fusha si arsimi, lidershipi, sip\u00ebrmarrja, turizmi dhe trash\u00ebgimia kulturore.<\/li>\n<li>Harton, zbaton dhe mbik\u00ebqyr planet dhe fushatat e integruara t\u00eb komunikimit n\u00eb t\u00eb gjitha kanalet: komunikim korporativ, marr\u00ebdh\u00ebnie me median, media digjitale, evente, publikime, website dhe komunikim t\u00eb brendsh\u00ebm.<\/li>\n<li>Siguron p\u00ebrputhshm\u00ebri me identitetin vizual dhe udh\u00ebzimet editoriale t\u00eb AADF n\u00eb t\u00eb gjitha<br \/>\nmaterialet dhe platformat e komunikimit.<\/li>\n<li>Drejton komunikimin e jasht\u00ebm dhe diplomacin\u00eb me pal\u00eb t\u00eb tjera, p\u00ebrfshir\u00eb fushata nd\u00ebrgjegj\u00ebsimi dhe evente strategjike, n\u00eb bashk\u00ebpunim t\u00eb ngusht\u00eb me partner\u00eb nd\u00ebrkomb\u00ebtar\u00eb, institucione shtet\u00ebrore dhe organizata t\u00eb tjera.<\/li>\n<li>Krijon p\u00ebrmbajtje t\u00ebrheq\u00ebse multimedia q\u00eb paraqet raste suksesi t\u00eb p\u00ebrfituesve, t\u00eb dh\u00ebnat e ndikimit dhe rezultatet e programeve. Identifikon k\u00ebndv\u00ebshtrime t\u00eb reja p\u00ebr rr\u00ebfime dhe zhvillon qasje kreative p\u00ebr t\u00eb rritur dukshm\u00ebrin\u00eb.<\/li>\n<li>Drejton zhvillimin e pranis\u00eb digjitale t\u00eb AADF, p\u00ebrfshir\u00eb planifikimin dhe strategjin\u00eb p\u00ebr rrjetet sociale. Mbik\u00ebqyr krijuesit e p\u00ebrmbajtjes, ekipet digjitale dhe agjencit\u00eb p\u00ebr t\u00eb ofruar p\u00ebrmbajtje dhe fushata me cil\u00ebsi t\u00eb lart\u00eb n\u00eb t\u00eb gjitha platformat.<\/li>\n<li>Mbik\u00ebqyr zhvillimin dhe menaxhimin e p\u00ebrmbajtjes s\u00eb website-it p\u00ebr t\u00eb siguruar p\u00ebrdit\u00ebsime n\u00eb koh\u00eb, p\u00ebrmbajtje t\u00eb vlefshme dhe angazhim t\u00eb audienc\u00ebs.<\/li>\n<li>Vepron si pika kryesore e kontaktit p\u00ebr marr\u00ebdh\u00ebniet me jasht\u00eb, duke menaxhuar k\u00ebrkesat nga media, intervistat, njoftimet p\u00ebr shtyp dhe mund\u00ebsit\u00eb p\u00ebr informim. Nd\u00ebrton dhe mban marr\u00ebdh\u00ebnie me median dhe p\u00ebrfaq\u00ebsues t\u00eb industris\u00eb. Monitoron mbulimin mediatik, vler\u00ebson performanc\u00ebn e fushatave dhe ofron raporte e rekomandime p\u00ebr p\u00ebrmir\u00ebsime t\u00eb vazhdueshme.<\/li>\n<li>Krijon dhe mban marr\u00ebdh\u00ebnie me partner\u00eb t\u00eb nivelit t\u00eb lart\u00eb, p\u00ebrfshir\u00eb institucione shtet\u00ebrore, partner\u00eb nga sektori privat, donator\u00eb nd\u00ebrkomb\u00ebtar\u00eb dhe media.<\/li>\n<li>Planifikon dhe realizon evente me dukshm\u00ebri t\u00eb lart\u00eb n\u00eb nivel komb\u00ebtar \u2013 p\u00ebrfshir\u00eb konferenca, vizita zyrtare, p\u00ebrurime projektesh dhe aktivitete p\u00ebrvjetor\u00ebsh.<\/li>\n<li>Planifikon, buxheton dhe menaxhon kalendarin vjetor t\u00eb aktiviteteve t\u00eb komunikimit dhe medias t\u00eb Fondacionit, duke p\u00ebrfshir\u00eb edhe nevojat e ve\u00e7anta t\u00eb projekteve.<\/li>\n<\/ul>\n<h3>KUALIFIKIMET DHE EKSPERIENCA<\/h3>\n<ul>\n<li>Diplom\u00eb universitare n\u00eb Komunikim, Marketing, Gazetari, Marr\u00ebdh\u00ebnie me Publikun ose fusha t\u00eb ngjashme<\/li>\n<li>Minimumi 8 vite p\u00ebrvoj\u00eb n\u00eb fush\u00ebn e komunikimit<\/li>\n<li>Eksperienc\u00eb e provuar n\u00eb zhvillimin e p\u00ebrmbajtjes, marr\u00ebdh\u00ebniet me median dhe planifikimin<br \/>\nstrategjik<\/li>\n<li>Njohuri t\u00eb forta n\u00eb marketingun digjital, branding dhe strategji t\u00eb rrjeteve sociale<\/li>\n<li>Eksperienca n\u00eb agjenci komunikimi konsiderohet p\u00ebrpar\u00ebsi<\/li>\n<li>Njohuri t\u00eb shk\u00eblqyera t\u00eb gjuh\u00ebs angleze me shkrim dhe me goj\u00eb<\/li>\n<li>Aft\u00ebsi t\u00eb shk\u00eblqyera komunikimi, si n\u00eb t\u00eb shkruar ashtu edhe n\u00eb t\u00eb folur<\/li>\n<li>Aft\u00ebsi k\u00ebrkimore dhe analitike, me fokus n\u00eb qart\u00ebsin\u00eb dhe sakt\u00ebsin\u00eb e mesazhit<\/li>\n<li>Aft\u00ebsi t\u00eb zhvilluara organizative, me kapacitet p\u00ebr t\u00eb menaxhuar detyra t\u00eb shumta dhe afate<br \/>\nkohore<\/li>\n<li>Integritet i lart\u00eb, profesionaliz\u00ebm dhe p\u00ebrkushtim ndaj standardeve etike.<\/li>\n<\/ul>\n<p>Kandidat\u00ebt e interesuar ftohen t\u00eb dor\u00ebzojn\u00eb CV-n\u00eb, Let\u00ebr Motivimi dhe t\u00eb plot\u00ebsojn\u00eb formularin e aplikimit t\u00eb disponuesh\u00ebm n\u00eb website t\u00eb AADF. Do t\u00eb pranohen vet\u00ebm aplikimet elektronike.<\/p>\n<p>T\u00eb gjith\u00eb aplikant\u00ebt do t\u00eb marrin nj\u00eb konfirmim p\u00ebr dor\u00ebzimin e suksessh\u00ebm t\u00eb aplikimit. Vet\u00ebm kandidat\u00ebt e p\u00ebrzgjedhur p\u00ebr intervist\u00eb do t\u00eb kontaktohen.<\/p>\n<p>Afati p\u00ebr aplikime: <strong>15 Gusht 2025<\/strong>.<\/p>\n<h2><a style=\"font-size: 16px;\" href=\"https:\/\/www.aadf.org\/sq\/?page_id=6121\">Kthehu tek formulari<\/a><\/h2>\n","protected":false},"excerpt":{"rendered":"","protected":false},"author":16,"featured_media":0,"parent":0,"menu_order":0,"comment_status":"closed","ping_status":"closed","template":"","meta":{"_acf_changed":false,"footnotes":""},"class_list":["post-6122","page","type-page","status-publish","hentry"],"acf":[],"yoast_head":"<!-- This site is optimized with the Yoast SEO plugin v26.6 - https:\/\/yoast.com\/wordpress\/plugins\/seo\/ -->\n<title>Ekspert i Komunikimit - Detaje - Albanian - American Development Foundation<\/title>\n<meta name=\"description\" content=\"Menaxher i komunikimit \u00ebsht\u00eb p\u00ebrgjegj\u00ebs p\u00ebr drejtimin e zhvillimit dhe zbatimit t\u00eb strategjis\u00eb s\u00eb komunikimit dhe marr\u00ebdh\u00ebnieve me publikun.\" \/>\n<meta name=\"robots\" content=\"index, follow, max-snippet:-1, max-image-preview:large, max-video-preview:-1\" \/>\n<link rel=\"canonical\" href=\"https:\/\/www.aadf.org\/sq\/ekspert-komunikimi-detaje\/\" \/>\n<meta property=\"og:locale\" content=\"sq_AL\" \/>\n<meta property=\"og:type\" content=\"article\" \/>\n<meta property=\"og:title\" content=\"Ekspert i Komunikimit - Detaje - Albanian - American Development Foundation\" \/>\n<meta property=\"og:description\" content=\"Menaxher i komunikimit \u00ebsht\u00eb p\u00ebrgjegj\u00ebs p\u00ebr drejtimin e zhvillimit dhe zbatimit t\u00eb strategjis\u00eb s\u00eb komunikimit dhe marr\u00ebdh\u00ebnieve me publikun.\" \/>\n<meta property=\"og:url\" content=\"https:\/\/www.aadf.org\/sq\/ekspert-komunikimi-detaje\/\" \/>\n<meta property=\"og:site_name\" content=\"Albanian - American Development Foundation\" \/>\n<meta property=\"article:modified_time\" content=\"2025-07-22T11:37:44+00:00\" \/>\n<meta name=\"twitter:card\" content=\"summary_large_image\" \/>\n<meta name=\"twitter:label1\" content=\"Est. reading time\" \/>\n\t<meta name=\"twitter:data1\" content=\"3 minutes\" \/>\n<script type=\"application\/ld+json\" class=\"yoast-schema-graph\">{\"@context\":\"https:\/\/schema.org\",\"@graph\":[{\"@type\":\"WebPage\",\"@id\":\"https:\/\/www.aadf.org\/sq\/ekspert-komunikimi-detaje\/\",\"url\":\"https:\/\/www.aadf.org\/sq\/ekspert-komunikimi-detaje\/\",\"name\":\"Ekspert i Komunikimit - Detaje - Albanian - American Development Foundation\",\"isPartOf\":{\"@id\":\"https:\/\/www.aadf.org\/#website\"},\"datePublished\":\"2025-07-21T10:04:17+00:00\",\"dateModified\":\"2025-07-22T11:37:44+00:00\",\"description\":\"Menaxher i komunikimit \u00ebsht\u00eb p\u00ebrgjegj\u00ebs p\u00ebr drejtimin e zhvillimit dhe zbatimit t\u00eb strategjis\u00eb s\u00eb komunikimit dhe marr\u00ebdh\u00ebnieve me publikun.\",\"breadcrumb\":{\"@id\":\"https:\/\/www.aadf.org\/sq\/ekspert-komunikimi-detaje\/#breadcrumb\"},\"inLanguage\":\"sq-AL\",\"potentialAction\":[{\"@type\":\"ReadAction\",\"target\":[\"https:\/\/www.aadf.org\/sq\/ekspert-komunikimi-detaje\/\"]}]},{\"@type\":\"BreadcrumbList\",\"@id\":\"https:\/\/www.aadf.org\/sq\/ekspert-komunikimi-detaje\/#breadcrumb\",\"itemListElement\":[{\"@type\":\"ListItem\",\"position\":1,\"name\":\"Home\",\"item\":\"https:\/\/www.aadf.org\/sq\/\"},{\"@type\":\"ListItem\",\"position\":2,\"name\":\"Ekspert i Komunikimit &#8211; Detaje\"}]},{\"@type\":\"WebSite\",\"@id\":\"https:\/\/www.aadf.org\/#website\",\"url\":\"https:\/\/www.aadf.org\/\",\"name\":\"Albanian - American Development Foundation\",\"description\":\"\",\"potentialAction\":[{\"@type\":\"SearchAction\",\"target\":{\"@type\":\"EntryPoint\",\"urlTemplate\":\"https:\/\/www.aadf.org\/?s={search_term_string}\"},\"query-input\":{\"@type\":\"PropertyValueSpecification\",\"valueRequired\":true,\"valueName\":\"search_term_string\"}}],\"inLanguage\":\"sq-AL\"}]}<\/script>\n<!-- \/ Yoast SEO plugin. -->","yoast_head_json":{"title":"Ekspert i Komunikimit - Detaje - Albanian - American Development Foundation","description":"Menaxher i komunikimit \u00ebsht\u00eb p\u00ebrgjegj\u00ebs p\u00ebr drejtimin e zhvillimit dhe zbatimit t\u00eb strategjis\u00eb s\u00eb komunikimit dhe marr\u00ebdh\u00ebnieve me publikun.","robots":{"index":"index","follow":"follow","max-snippet":"max-snippet:-1","max-image-preview":"max-image-preview:large","max-video-preview":"max-video-preview:-1"},"canonical":"https:\/\/www.aadf.org\/sq\/ekspert-komunikimi-detaje\/","og_locale":"sq_AL","og_type":"article","og_title":"Ekspert i Komunikimit - Detaje - Albanian - American Development Foundation","og_description":"Menaxher i komunikimit \u00ebsht\u00eb p\u00ebrgjegj\u00ebs p\u00ebr drejtimin e zhvillimit dhe zbatimit t\u00eb strategjis\u00eb s\u00eb komunikimit dhe marr\u00ebdh\u00ebnieve me publikun.","og_url":"https:\/\/www.aadf.org\/sq\/ekspert-komunikimi-detaje\/","og_site_name":"Albanian - American Development Foundation","article_modified_time":"2025-07-22T11:37:44+00:00","twitter_card":"summary_large_image","twitter_misc":{"Est. reading time":"3 minutes"},"schema":{"@context":"https:\/\/schema.org","@graph":[{"@type":"WebPage","@id":"https:\/\/www.aadf.org\/sq\/ekspert-komunikimi-detaje\/","url":"https:\/\/www.aadf.org\/sq\/ekspert-komunikimi-detaje\/","name":"Ekspert i Komunikimit - Detaje - Albanian - American Development Foundation","isPartOf":{"@id":"https:\/\/www.aadf.org\/#website"},"datePublished":"2025-07-21T10:04:17+00:00","dateModified":"2025-07-22T11:37:44+00:00","description":"Menaxher i komunikimit \u00ebsht\u00eb p\u00ebrgjegj\u00ebs p\u00ebr drejtimin e zhvillimit dhe zbatimit t\u00eb strategjis\u00eb s\u00eb komunikimit dhe marr\u00ebdh\u00ebnieve me publikun.","breadcrumb":{"@id":"https:\/\/www.aadf.org\/sq\/ekspert-komunikimi-detaje\/#breadcrumb"},"inLanguage":"sq-AL","potentialAction":[{"@type":"ReadAction","target":["https:\/\/www.aadf.org\/sq\/ekspert-komunikimi-detaje\/"]}]},{"@type":"BreadcrumbList","@id":"https:\/\/www.aadf.org\/sq\/ekspert-komunikimi-detaje\/#breadcrumb","itemListElement":[{"@type":"ListItem","position":1,"name":"Home","item":"https:\/\/www.aadf.org\/sq\/"},{"@type":"ListItem","position":2,"name":"Ekspert i Komunikimit &#8211; Detaje"}]},{"@type":"WebSite","@id":"https:\/\/www.aadf.org\/#website","url":"https:\/\/www.aadf.org\/","name":"Albanian - American Development Foundation","description":"","potentialAction":[{"@type":"SearchAction","target":{"@type":"EntryPoint","urlTemplate":"https:\/\/www.aadf.org\/?s={search_term_string}"},"query-input":{"@type":"PropertyValueSpecification","valueRequired":true,"valueName":"search_term_string"}}],"inLanguage":"sq-AL"}]}},"_links":{"self":[{"href":"https:\/\/www.aadf.org\/sq\/wp-json\/wp\/v2\/pages\/6122","targetHints":{"allow":["GET"]}}],"collection":[{"href":"https:\/\/www.aadf.org\/sq\/wp-json\/wp\/v2\/pages"}],"about":[{"href":"https:\/\/www.aadf.org\/sq\/wp-json\/wp\/v2\/types\/page"}],"author":[{"embeddable":true,"href":"https:\/\/www.aadf.org\/sq\/wp-json\/wp\/v2\/users\/16"}],"replies":[{"embeddable":true,"href":"https:\/\/www.aadf.org\/sq\/wp-json\/wp\/v2\/comments?post=6122"}],"version-history":[{"count":7,"href":"https:\/\/www.aadf.org\/sq\/wp-json\/wp\/v2\/pages\/6122\/revisions"}],"predecessor-version":[{"id":6173,"href":"https:\/\/www.aadf.org\/sq\/wp-json\/wp\/v2\/pages\/6122\/revisions\/6173"}],"wp:attachment":[{"href":"https:\/\/www.aadf.org\/sq\/wp-json\/wp\/v2\/media?parent=6122"}],"curies":[{"name":"wp","href":"https:\/\/api.w.org\/{rel}","templated":true}]}}