{"id":6600,"date":"2025-11-14T15:22:12","date_gmt":"2025-11-14T14:22:12","guid":{"rendered":"https:\/\/www.aadf.org\/?page_id=6600"},"modified":"2025-11-14T15:58:17","modified_gmt":"2025-11-14T14:58:17","slug":"project-lead-food-safety","status":"publish","type":"page","link":"https:\/\/www.aadf.org\/sq\/project-lead-food-safety\/","title":{"rendered":"Project Lead Food Safety"},"content":{"rendered":"<p>Fondacioni Shqiptaro-Amerikan p\u00ebr Zhvillim (AADF) u krijua n\u00eb vitin 2009 nga Fondi Shqiptaro-Amerikan i Nd\u00ebrmarrjeve, me mb\u00ebshtetjen dhe inkurajimin e Agjencis\u00eb s\u00eb Shteteve t\u00eb Bashkuara p\u00ebr Zhvillim Nd\u00ebrkomb\u00ebtar (USAID) dhe Qeveris\u00eb s\u00eb Shteteve t\u00eb Bashkuara.<br \/>\nMisioni i AADF \u00ebsht\u00eb t\u00eb leht\u00ebsoj\u00eb zhvillimin e nj\u00eb ekonomie t\u00eb q\u00ebndrueshme t\u00eb sektorit privat dhe nj\u00eb shoq\u00ebrie demokratike n\u00eb Shqip\u00ebri, si dhe t\u00eb kontribuoj\u00eb n\u00eb stabilitetin e Evrop\u00ebs Juglindore.<\/p>\n<p>Si pjes\u00eb e portofolit t\u00eb sektorit t\u00eb Sip\u00ebrmarrjes dhe Arsimit, AADF po zbaton projektin TOKA, i cili p\u00ebrcakton nj\u00eb kuad\u00ebr bashk\u00ebpunimi q\u00eb bashkon aktor\u00ebt komb\u00ebtar\u00eb dhe vendor\u00eb, institucionet arsimore dhe k\u00ebrkimore, organizatat e fermer\u00ebve dhe sektorin privat. Kat\u00ebr shtyllat kryesore jan\u00eb:<\/p>\n<ol>\n<li style=\"font-weight: 400;\" aria-level=\"1\">Zhvillimi i Sektorit Bujq\u00ebsor<\/li>\n<li style=\"font-weight: 400;\" aria-level=\"1\">Sistemet e Njohurive dhe Inovacionit Bujq\u00ebsor (AKIS)<\/li>\n<li style=\"font-weight: 400;\" aria-level=\"1\">Siguria Ushqimore (Food Safety)<\/li>\n<li style=\"font-weight: 400;\" aria-level=\"1\">Nd\u00ebrtimi i Kapaciteteve \u2014 si nj\u00eb shtyll\u00eb e pavarur dhe nj\u00eb element nd\u00ebrsektorial i integruar me t\u00eb tjerat.<\/li>\n<\/ol>\n<p>P\u00ebr zbatimin e projektit TOKA, AADF k\u00ebrkon t\u00eb pun\u00ebsoj\u00eb Project Lead Food Safety, me vendndodhje n\u00eb Kor\u00e7\u00eb.<\/p>\n<p><a href=\"https:\/\/www.aadf.org\/sq\/project-lead-food-safety-detajet\/\">Lexo m\u00eb shum\u00eb<\/a><\/p>\n<p><span class=\"a_GcMg font-feature-liga-off font-feature-clig-off font-feature-calt-off text-decoration-none text-strikethrough-none\"><\/span><\/p>\n<p><a href=\"https:\/\/www.aadf.org\/sq\/njoftimi-i-privatesise-se-te-dhenave-dhe-pelqimi-per-perdorimin-e-te-dhenave-te-aplikimit-per-pune\/\">Data Privacy Notice and Consent to Use Job Application Data<\/a><\/p>\n","protected":false},"excerpt":{"rendered":"<p>Fondacioni Shqiptaro-Amerikan p\u00ebr Zhvillim (AADF) u krijua n\u00eb vitin 2009 nga Fondi Shqiptaro-Amerikan i Nd\u00ebrmarrjeve, me mb\u00ebshtetjen dhe inkurajimin e Agjencis\u00eb s\u00eb Shteteve t\u00eb Bashkuara p\u00ebr Zhvillim Nd\u00ebrkomb\u00ebtar (USAID) dhe Qeveris\u00eb s\u00eb Shteteve t\u00eb Bashkuara. Misioni i AADF \u00ebsht\u00eb t\u00eb leht\u00ebsoj\u00eb zhvillimin e nj\u00eb ekonomie t\u00eb q\u00ebndrueshme t\u00eb sektorit privat dhe nj\u00eb shoq\u00ebrie demokratike n\u00eb [&hellip;]<\/p>\n","protected":false},"author":16,"featured_media":0,"parent":0,"menu_order":0,"comment_status":"closed","ping_status":"closed","template":"","meta":{"_acf_changed":false,"footnotes":""},"class_list":["post-6600","page","type-page","status-publish","hentry"],"acf":[],"yoast_head":"<!-- This site is optimized with the Yoast SEO plugin v26.6 - https:\/\/yoast.com\/wordpress\/plugins\/seo\/ -->\n<title>Project Lead Food Safety - Albanian - American Development Foundation<\/title>\n<meta name=\"robots\" content=\"index, follow, max-snippet:-1, max-image-preview:large, max-video-preview:-1\" \/>\n<link rel=\"canonical\" href=\"https:\/\/www.aadf.org\/sq\/project-lead-food-safety\/\" \/>\n<meta property=\"og:locale\" content=\"sq_AL\" \/>\n<meta property=\"og:type\" content=\"article\" \/>\n<meta property=\"og:title\" content=\"Project Lead Food Safety - Albanian - American Development Foundation\" \/>\n<meta property=\"og:description\" content=\"Fondacioni Shqiptaro-Amerikan p\u00ebr Zhvillim (AADF) u krijua n\u00eb vitin 2009 nga Fondi Shqiptaro-Amerikan i Nd\u00ebrmarrjeve, me mb\u00ebshtetjen dhe inkurajimin e Agjencis\u00eb s\u00eb Shteteve t\u00eb Bashkuara p\u00ebr Zhvillim Nd\u00ebrkomb\u00ebtar (USAID) dhe Qeveris\u00eb s\u00eb Shteteve t\u00eb Bashkuara. Misioni i AADF \u00ebsht\u00eb t\u00eb leht\u00ebsoj\u00eb zhvillimin e nj\u00eb ekonomie t\u00eb q\u00ebndrueshme t\u00eb sektorit privat dhe nj\u00eb shoq\u00ebrie demokratike n\u00eb [&hellip;]\" \/>\n<meta property=\"og:url\" content=\"https:\/\/www.aadf.org\/sq\/project-lead-food-safety\/\" \/>\n<meta property=\"og:site_name\" content=\"Albanian - American Development Foundation\" \/>\n<meta property=\"article:modified_time\" content=\"2025-11-14T14:58:17+00:00\" \/>\n<meta name=\"twitter:card\" content=\"summary_large_image\" \/>\n<meta name=\"twitter:label1\" content=\"Est. reading time\" \/>\n\t<meta name=\"twitter:data1\" content=\"1 minute\" \/>\n<script type=\"application\/ld+json\" class=\"yoast-schema-graph\">{\"@context\":\"https:\/\/schema.org\",\"@graph\":[{\"@type\":\"WebPage\",\"@id\":\"https:\/\/www.aadf.org\/sq\/project-lead-food-safety\/\",\"url\":\"https:\/\/www.aadf.org\/sq\/project-lead-food-safety\/\",\"name\":\"Project Lead Food Safety - Albanian - American Development Foundation\",\"isPartOf\":{\"@id\":\"https:\/\/www.aadf.org\/#website\"},\"datePublished\":\"2025-11-14T14:22:12+00:00\",\"dateModified\":\"2025-11-14T14:58:17+00:00\",\"breadcrumb\":{\"@id\":\"https:\/\/www.aadf.org\/sq\/project-lead-food-safety\/#breadcrumb\"},\"inLanguage\":\"sq-AL\",\"potentialAction\":[{\"@type\":\"ReadAction\",\"target\":[\"https:\/\/www.aadf.org\/sq\/project-lead-food-safety\/\"]}]},{\"@type\":\"BreadcrumbList\",\"@id\":\"https:\/\/www.aadf.org\/sq\/project-lead-food-safety\/#breadcrumb\",\"itemListElement\":[{\"@type\":\"ListItem\",\"position\":1,\"name\":\"Home\",\"item\":\"https:\/\/www.aadf.org\/sq\/\"},{\"@type\":\"ListItem\",\"position\":2,\"name\":\"Project Lead Food Safety\"}]},{\"@type\":\"WebSite\",\"@id\":\"https:\/\/www.aadf.org\/#website\",\"url\":\"https:\/\/www.aadf.org\/\",\"name\":\"Albanian - American Development Foundation\",\"description\":\"\",\"potentialAction\":[{\"@type\":\"SearchAction\",\"target\":{\"@type\":\"EntryPoint\",\"urlTemplate\":\"https:\/\/www.aadf.org\/?s={search_term_string}\"},\"query-input\":{\"@type\":\"PropertyValueSpecification\",\"valueRequired\":true,\"valueName\":\"search_term_string\"}}],\"inLanguage\":\"sq-AL\"}]}<\/script>\n<!-- \/ Yoast SEO plugin. -->","yoast_head_json":{"title":"Project Lead Food Safety - Albanian - American Development Foundation","robots":{"index":"index","follow":"follow","max-snippet":"max-snippet:-1","max-image-preview":"max-image-preview:large","max-video-preview":"max-video-preview:-1"},"canonical":"https:\/\/www.aadf.org\/sq\/project-lead-food-safety\/","og_locale":"sq_AL","og_type":"article","og_title":"Project Lead Food Safety - Albanian - American Development Foundation","og_description":"Fondacioni Shqiptaro-Amerikan p\u00ebr Zhvillim (AADF) u krijua n\u00eb vitin 2009 nga Fondi Shqiptaro-Amerikan i Nd\u00ebrmarrjeve, me mb\u00ebshtetjen dhe inkurajimin e Agjencis\u00eb s\u00eb Shteteve t\u00eb Bashkuara p\u00ebr Zhvillim Nd\u00ebrkomb\u00ebtar (USAID) dhe Qeveris\u00eb s\u00eb Shteteve t\u00eb Bashkuara. Misioni i AADF \u00ebsht\u00eb t\u00eb leht\u00ebsoj\u00eb zhvillimin e nj\u00eb ekonomie t\u00eb q\u00ebndrueshme t\u00eb sektorit privat dhe nj\u00eb shoq\u00ebrie demokratike n\u00eb [&hellip;]","og_url":"https:\/\/www.aadf.org\/sq\/project-lead-food-safety\/","og_site_name":"Albanian - American Development Foundation","article_modified_time":"2025-11-14T14:58:17+00:00","twitter_card":"summary_large_image","twitter_misc":{"Est. reading time":"1 minute"},"schema":{"@context":"https:\/\/schema.org","@graph":[{"@type":"WebPage","@id":"https:\/\/www.aadf.org\/sq\/project-lead-food-safety\/","url":"https:\/\/www.aadf.org\/sq\/project-lead-food-safety\/","name":"Project Lead Food Safety - Albanian - American Development Foundation","isPartOf":{"@id":"https:\/\/www.aadf.org\/#website"},"datePublished":"2025-11-14T14:22:12+00:00","dateModified":"2025-11-14T14:58:17+00:00","breadcrumb":{"@id":"https:\/\/www.aadf.org\/sq\/project-lead-food-safety\/#breadcrumb"},"inLanguage":"sq-AL","potentialAction":[{"@type":"ReadAction","target":["https:\/\/www.aadf.org\/sq\/project-lead-food-safety\/"]}]},{"@type":"BreadcrumbList","@id":"https:\/\/www.aadf.org\/sq\/project-lead-food-safety\/#breadcrumb","itemListElement":[{"@type":"ListItem","position":1,"name":"Home","item":"https:\/\/www.aadf.org\/sq\/"},{"@type":"ListItem","position":2,"name":"Project Lead Food Safety"}]},{"@type":"WebSite","@id":"https:\/\/www.aadf.org\/#website","url":"https:\/\/www.aadf.org\/","name":"Albanian - American Development Foundation","description":"","potentialAction":[{"@type":"SearchAction","target":{"@type":"EntryPoint","urlTemplate":"https:\/\/www.aadf.org\/?s={search_term_string}"},"query-input":{"@type":"PropertyValueSpecification","valueRequired":true,"valueName":"search_term_string"}}],"inLanguage":"sq-AL"}]}},"_links":{"self":[{"href":"https:\/\/www.aadf.org\/sq\/wp-json\/wp\/v2\/pages\/6600","targetHints":{"allow":["GET"]}}],"collection":[{"href":"https:\/\/www.aadf.org\/sq\/wp-json\/wp\/v2\/pages"}],"about":[{"href":"https:\/\/www.aadf.org\/sq\/wp-json\/wp\/v2\/types\/page"}],"author":[{"embeddable":true,"href":"https:\/\/www.aadf.org\/sq\/wp-json\/wp\/v2\/users\/16"}],"replies":[{"embeddable":true,"href":"https:\/\/www.aadf.org\/sq\/wp-json\/wp\/v2\/comments?post=6600"}],"version-history":[{"count":2,"href":"https:\/\/www.aadf.org\/sq\/wp-json\/wp\/v2\/pages\/6600\/revisions"}],"predecessor-version":[{"id":6626,"href":"https:\/\/www.aadf.org\/sq\/wp-json\/wp\/v2\/pages\/6600\/revisions\/6626"}],"wp:attachment":[{"href":"https:\/\/www.aadf.org\/sq\/wp-json\/wp\/v2\/media?parent=6600"}],"curies":[{"name":"wp","href":"https:\/\/api.w.org\/{rel}","templated":true}]}}