{"id":6612,"date":"2025-11-14T15:32:40","date_gmt":"2025-11-14T14:32:40","guid":{"rendered":"https:\/\/www.aadf.org\/?page_id=6612"},"modified":"2025-11-14T16:15:52","modified_gmt":"2025-11-14T15:15:52","slug":"project-lead-education-research-outreach-detajet","status":"publish","type":"page","link":"https:\/\/www.aadf.org\/sq\/project-lead-education-research-outreach-detajet\/","title":{"rendered":"Project Lead Education Research Outreach- Detajet"},"content":{"rendered":"<p><span style=\"font-weight: 400;\">Fondacioni Shqiptaro-Amerikan p\u00ebr Zhvillim (AADF) u krijua n\u00eb vitin 2009 nga Fondi Shqiptaro-Amerikan i Nd\u00ebrmarrjeve, me mb\u00ebshtetjen dhe inkurajimin e Agjencis\u00eb s\u00eb Shteteve t\u00eb Bashkuara p\u00ebr Zhvillim Nd\u00ebrkomb\u00ebtar (USAID) dhe Qeveris\u00eb s\u00eb Shteteve t\u00eb Bashkuara.<\/span><br \/>\nMisioni i AADF \u00ebsht\u00eb t\u00eb leht\u00ebsoj\u00eb zhvillimin e nj\u00eb ekonomie t\u00eb q\u00ebndrueshme t\u00eb sektorit privat dhe nj\u00eb shoq\u00ebrie demokratike n\u00eb Shqip\u00ebri, si dhe t\u00eb kontribuoj\u00eb n\u00eb stabilitetin e Evrop\u00ebs Juglindore.<\/p>\n<p>Si pjes\u00eb e portofolit t\u00eb sektorit t\u00eb Sip\u00ebrmarrjes dhe Arsimit, AADF po zbaton projektin TOKA, i cili p\u00ebrcakton nj\u00eb kuad\u00ebr bashk\u00ebpunimi q\u00eb bashkon aktor\u00ebt komb\u00ebtar\u00eb dhe vendor\u00eb, institucionet arsimore dhe k\u00ebrkimore, organizatat e fermer\u00ebve dhe sektorin privat. Kat\u00ebr shtyllat kryesore jan\u00eb:<\/p>\n<ol>\n<li style=\"font-weight: 400;\" aria-level=\"1\">Zhvillimi i Sektorit Bujq\u00ebsor<\/li>\n<li style=\"font-weight: 400;\" aria-level=\"1\">Sistemet e Njohurive dhe Inovacionit Bujq\u00ebsor (AKIS)<\/li>\n<li style=\"font-weight: 400;\" aria-level=\"1\">Siguria Ushqimore (Food Safety)<\/li>\n<li style=\"font-weight: 400;\" aria-level=\"1\">Nd\u00ebrtimi i Kapaciteteve \u2014 si nj\u00eb shtyll\u00eb e pavarur dhe nj\u00eb element nd\u00ebrsektorial i integruar me t\u00eb tjerat.<\/li>\n<\/ol>\n<p>P\u00ebr zbatimin e projektit \u201cTOKA\u201d, AADF k\u00ebrkon t\u00eb plot\u00ebsoj\u00eb pozicionin Project Lead Education, Research, Outreach, me vendndodhje n\u00eb Kor\u00e7\u00eb.<\/p>\n<p><b>P\u00ebrgjegj\u00ebsit\u00eb kryesore p\u00ebrfshijn\u00eb, por nuk kufizohen n\u00eb:<\/b><\/p>\n<ul>\n<li><span style=\"font-weight: 400;\"> Koordinimin e aktiviteteve n\u00eb trajektoren e arsimit, k\u00ebrkimit dhe outreach\u00a0\u00a0<\/span><\/li>\n<li><span style=\"font-weight: 400;\"> Koordinimin e takimeve dhe komunikimit mes pal\u00ebve t\u00eb interesit\u00a0\u00a0<\/span><\/li>\n<li><span style=\"font-weight: 400;\"> Mb\u00ebshtetjen n\u00eb hartimin, planifikimin, monitorimin dhe raportimin e aktiviteteve sipas planit t\u00eb miratuar t\u00eb pun\u00ebs dhe buxhetit\u00a0\u00a0<\/span><\/li>\n<li><span style=\"font-weight: 400;\"> Leht\u00ebsimin e bashk\u00ebpunimit midis prodhuesve lokal\u00eb, organizatave t\u00eb fermer\u00ebve, institucioneve publike dhe partner\u00ebve akademik\u00eb\u00a0\u00a0<\/span><\/li>\n<li><span style=\"font-weight: 400;\"> Mbik\u00ebqyrjen e aktiviteteve n\u00eb terren dhe sigurimin e dor\u00ebzimit me koh\u00eb t\u00eb rezultateve\u00a0\u00a0<\/span><\/li>\n<li><span style=\"font-weight: 400;\"> Asistenc\u00eb n\u00eb zhvillimin e moduleve t\u00eb trajnimit, sesioneve t\u00eb kapaciteteve, pun\u00ebtorive dhe iniciativave t\u00eb ndarjes s\u00eb njohurive\u00a0\u00a0<\/span><\/li>\n<li><span style=\"font-weight: 400;\"> P\u00ebrgatitjen e raporteve, prezantimeve dhe dokumenteve t\u00eb brendshme dhe t\u00eb jashtme\u00a0\u00a0<\/span><\/li>\n<li><span style=\"font-weight: 400;\"> Mb\u00ebshtetjen e mbledhjes s\u00eb t\u00eb dh\u00ebnave, indikator\u00ebve baz\u00eb dhe t\u00eb ndikimit\u00a0\u00a0<\/span><\/li>\n<li><span style=\"font-weight: 400;\"> Sigurimin e p\u00ebrputhshm\u00ebris\u00eb me procedurat dhe standardet e AADF<\/span><\/li>\n<\/ul>\n<p>Konsulenti do t\u00eb raportoj\u00eb te drejtuesi nd\u00ebrkomb\u00ebtar i Education, Research, Outreach, Wageningen University &amp; Research<\/p>\n<p><b>Kualifikimet dhe kompetencat e k\u00ebrkuara:<\/b><\/p>\n<ul>\n<li style=\"font-weight: 400;\" aria-level=\"1\">Diplom\u00eb Master; PhD n\u00eb fusha relevante (edukim, ekonomia e zhvillimit, inxhinieria bujq\u00ebsore, MBA)<\/li>\n<li style=\"font-weight: 400;\" aria-level=\"1\">Minimumi 10 vite p\u00ebrvoj\u00eb<\/li>\n<li style=\"font-weight: 400;\" aria-level=\"1\">P\u00ebrvoj\u00eb e d\u00ebshmuar n\u00eb k\u00ebrkim, outreach dhe edukim<\/li>\n<li style=\"font-weight: 400;\" aria-level=\"1\">Eksperienc\u00eb n\u00eb kontekste shum\u00ebpal\u00ebshe n\u00eb Shqip\u00ebri<\/li>\n<li style=\"font-weight: 400;\" aria-level=\"1\">Aft\u00ebsi t\u00eb forta analitike dhe komunikimi<\/li>\n<li style=\"font-weight: 400;\" aria-level=\"1\">Njohje shum\u00eb e mir\u00eb e gjuh\u00ebs angleze<\/li>\n<li style=\"font-weight: 400;\" aria-level=\"1\">P\u00ebrvoj\u00eb n\u00eb sektor\u00ebt agroushqimor\u00eb<\/li>\n<li style=\"font-weight: 400;\" aria-level=\"1\">Rrjet i gjer\u00eb profesional<\/li>\n<\/ul>\n<p><b>Instruksione Aplikimi:<\/b><\/p>\n<p><span style=\"font-weight: 400;\">Aplikanti duhet gjithashtu t\u00eb dor\u00ebzoj\u00eb nj\u00eb raport ose studim t\u00eb p\u00ebrgatitur (si autor ose bashk\u00ebautor) mbi tema t\u00eb ngjashme.<\/span><\/p>\n<p><span style=\"font-weight: 400;\">Aplikimet pranohen vet\u00ebm n\u00eb form\u00eb elektronike. <\/span><span style=\"font-weight: 400;\">T\u00eb gjith\u00eb aplikant\u00ebt do t\u00eb marrin nj\u00eb konfirmim t\u00eb marrjes s\u00eb aplikimit. Vet\u00ebm kandidat\u00ebt e p\u00ebrzgjedhur do t\u00eb kontaktohen p\u00ebr intervist\u00eb.<\/span><\/p>\n<p>Afati p\u00ebr aplikime: <b>10 dhjetor 2025, n\u00eb mesnat\u00eb<\/b>.<\/p>\n<h2><a style=\"font-size: 16px;\" href=\"https:\/\/www.aadf.org\/sq\/?page_id=6611\">Kthehu tek formulari<\/a><\/h2>\n","protected":false},"excerpt":{"rendered":"<p>Fondacioni Shqiptaro-Amerikan p\u00ebr Zhvillim (AADF) u krijua n\u00eb vitin 2009 nga Fondi Shqiptaro-Amerikan i Nd\u00ebrmarrjeve, me mb\u00ebshtetjen dhe inkurajimin e Agjencis\u00eb s\u00eb Shteteve t\u00eb Bashkuara p\u00ebr Zhvillim Nd\u00ebrkomb\u00ebtar (USAID) dhe Qeveris\u00eb s\u00eb Shteteve t\u00eb Bashkuara. Misioni i AADF \u00ebsht\u00eb t\u00eb leht\u00ebsoj\u00eb zhvillimin e nj\u00eb ekonomie t\u00eb q\u00ebndrueshme t\u00eb sektorit privat dhe nj\u00eb shoq\u00ebrie demokratike n\u00eb [&hellip;]<\/p>\n","protected":false},"author":16,"featured_media":0,"parent":0,"menu_order":0,"comment_status":"closed","ping_status":"closed","template":"","meta":{"_acf_changed":false,"footnotes":""},"class_list":["post-6612","page","type-page","status-publish","hentry"],"acf":[],"yoast_head":"<!-- This site is optimized with the Yoast SEO plugin v26.6 - https:\/\/yoast.com\/wordpress\/plugins\/seo\/ -->\n<title>Project Lead Education Research Outreach- Detajet - Albanian - American Development Foundation<\/title>\n<meta name=\"robots\" content=\"index, follow, max-snippet:-1, max-image-preview:large, max-video-preview:-1\" \/>\n<link rel=\"canonical\" href=\"https:\/\/www.aadf.org\/sq\/project-lead-education-research-outreach-detajet\/\" \/>\n<meta property=\"og:locale\" content=\"sq_AL\" \/>\n<meta property=\"og:type\" content=\"article\" \/>\n<meta property=\"og:title\" content=\"Project Lead Education Research Outreach- Detajet - Albanian - American Development Foundation\" \/>\n<meta property=\"og:description\" content=\"Fondacioni Shqiptaro-Amerikan p\u00ebr Zhvillim (AADF) u krijua n\u00eb vitin 2009 nga Fondi Shqiptaro-Amerikan i Nd\u00ebrmarrjeve, me mb\u00ebshtetjen dhe inkurajimin e Agjencis\u00eb s\u00eb Shteteve t\u00eb Bashkuara p\u00ebr Zhvillim Nd\u00ebrkomb\u00ebtar (USAID) dhe Qeveris\u00eb s\u00eb Shteteve t\u00eb Bashkuara. Misioni i AADF \u00ebsht\u00eb t\u00eb leht\u00ebsoj\u00eb zhvillimin e nj\u00eb ekonomie t\u00eb q\u00ebndrueshme t\u00eb sektorit privat dhe nj\u00eb shoq\u00ebrie demokratike n\u00eb [&hellip;]\" \/>\n<meta property=\"og:url\" content=\"https:\/\/www.aadf.org\/sq\/project-lead-education-research-outreach-detajet\/\" \/>\n<meta property=\"og:site_name\" content=\"Albanian - American Development Foundation\" \/>\n<meta property=\"article:modified_time\" content=\"2025-11-14T15:15:52+00:00\" \/>\n<meta name=\"twitter:card\" content=\"summary_large_image\" \/>\n<meta name=\"twitter:label1\" content=\"Est. reading time\" \/>\n\t<meta name=\"twitter:data1\" content=\"2 minutes\" \/>\n<script type=\"application\/ld+json\" class=\"yoast-schema-graph\">{\"@context\":\"https:\/\/schema.org\",\"@graph\":[{\"@type\":\"WebPage\",\"@id\":\"https:\/\/www.aadf.org\/sq\/project-lead-education-research-outreach-detajet\/\",\"url\":\"https:\/\/www.aadf.org\/sq\/project-lead-education-research-outreach-detajet\/\",\"name\":\"Project Lead Education Research Outreach- Detajet - Albanian - American Development Foundation\",\"isPartOf\":{\"@id\":\"https:\/\/www.aadf.org\/#website\"},\"datePublished\":\"2025-11-14T14:32:40+00:00\",\"dateModified\":\"2025-11-14T15:15:52+00:00\",\"breadcrumb\":{\"@id\":\"https:\/\/www.aadf.org\/sq\/project-lead-education-research-outreach-detajet\/#breadcrumb\"},\"inLanguage\":\"sq-AL\",\"potentialAction\":[{\"@type\":\"ReadAction\",\"target\":[\"https:\/\/www.aadf.org\/sq\/project-lead-education-research-outreach-detajet\/\"]}]},{\"@type\":\"BreadcrumbList\",\"@id\":\"https:\/\/www.aadf.org\/sq\/project-lead-education-research-outreach-detajet\/#breadcrumb\",\"itemListElement\":[{\"@type\":\"ListItem\",\"position\":1,\"name\":\"Home\",\"item\":\"https:\/\/www.aadf.org\/sq\/\"},{\"@type\":\"ListItem\",\"position\":2,\"name\":\"Project Lead Education Research Outreach- Detajet\"}]},{\"@type\":\"WebSite\",\"@id\":\"https:\/\/www.aadf.org\/#website\",\"url\":\"https:\/\/www.aadf.org\/\",\"name\":\"Albanian - American Development Foundation\",\"description\":\"\",\"potentialAction\":[{\"@type\":\"SearchAction\",\"target\":{\"@type\":\"EntryPoint\",\"urlTemplate\":\"https:\/\/www.aadf.org\/?s={search_term_string}\"},\"query-input\":{\"@type\":\"PropertyValueSpecification\",\"valueRequired\":true,\"valueName\":\"search_term_string\"}}],\"inLanguage\":\"sq-AL\"}]}<\/script>\n<!-- \/ Yoast SEO plugin. -->","yoast_head_json":{"title":"Project Lead Education Research Outreach- Detajet - Albanian - American Development Foundation","robots":{"index":"index","follow":"follow","max-snippet":"max-snippet:-1","max-image-preview":"max-image-preview:large","max-video-preview":"max-video-preview:-1"},"canonical":"https:\/\/www.aadf.org\/sq\/project-lead-education-research-outreach-detajet\/","og_locale":"sq_AL","og_type":"article","og_title":"Project Lead Education Research Outreach- Detajet - Albanian - American Development Foundation","og_description":"Fondacioni Shqiptaro-Amerikan p\u00ebr Zhvillim (AADF) u krijua n\u00eb vitin 2009 nga Fondi Shqiptaro-Amerikan i Nd\u00ebrmarrjeve, me mb\u00ebshtetjen dhe inkurajimin e Agjencis\u00eb s\u00eb Shteteve t\u00eb Bashkuara p\u00ebr Zhvillim Nd\u00ebrkomb\u00ebtar (USAID) dhe Qeveris\u00eb s\u00eb Shteteve t\u00eb Bashkuara. Misioni i AADF \u00ebsht\u00eb t\u00eb leht\u00ebsoj\u00eb zhvillimin e nj\u00eb ekonomie t\u00eb q\u00ebndrueshme t\u00eb sektorit privat dhe nj\u00eb shoq\u00ebrie demokratike n\u00eb [&hellip;]","og_url":"https:\/\/www.aadf.org\/sq\/project-lead-education-research-outreach-detajet\/","og_site_name":"Albanian - American Development Foundation","article_modified_time":"2025-11-14T15:15:52+00:00","twitter_card":"summary_large_image","twitter_misc":{"Est. reading time":"2 minutes"},"schema":{"@context":"https:\/\/schema.org","@graph":[{"@type":"WebPage","@id":"https:\/\/www.aadf.org\/sq\/project-lead-education-research-outreach-detajet\/","url":"https:\/\/www.aadf.org\/sq\/project-lead-education-research-outreach-detajet\/","name":"Project Lead Education Research Outreach- Detajet - Albanian - American Development Foundation","isPartOf":{"@id":"https:\/\/www.aadf.org\/#website"},"datePublished":"2025-11-14T14:32:40+00:00","dateModified":"2025-11-14T15:15:52+00:00","breadcrumb":{"@id":"https:\/\/www.aadf.org\/sq\/project-lead-education-research-outreach-detajet\/#breadcrumb"},"inLanguage":"sq-AL","potentialAction":[{"@type":"ReadAction","target":["https:\/\/www.aadf.org\/sq\/project-lead-education-research-outreach-detajet\/"]}]},{"@type":"BreadcrumbList","@id":"https:\/\/www.aadf.org\/sq\/project-lead-education-research-outreach-detajet\/#breadcrumb","itemListElement":[{"@type":"ListItem","position":1,"name":"Home","item":"https:\/\/www.aadf.org\/sq\/"},{"@type":"ListItem","position":2,"name":"Project Lead Education Research Outreach- Detajet"}]},{"@type":"WebSite","@id":"https:\/\/www.aadf.org\/#website","url":"https:\/\/www.aadf.org\/","name":"Albanian - American Development Foundation","description":"","potentialAction":[{"@type":"SearchAction","target":{"@type":"EntryPoint","urlTemplate":"https:\/\/www.aadf.org\/?s={search_term_string}"},"query-input":{"@type":"PropertyValueSpecification","valueRequired":true,"valueName":"search_term_string"}}],"inLanguage":"sq-AL"}]}},"_links":{"self":[{"href":"https:\/\/www.aadf.org\/sq\/wp-json\/wp\/v2\/pages\/6612","targetHints":{"allow":["GET"]}}],"collection":[{"href":"https:\/\/www.aadf.org\/sq\/wp-json\/wp\/v2\/pages"}],"about":[{"href":"https:\/\/www.aadf.org\/sq\/wp-json\/wp\/v2\/types\/page"}],"author":[{"embeddable":true,"href":"https:\/\/www.aadf.org\/sq\/wp-json\/wp\/v2\/users\/16"}],"replies":[{"embeddable":true,"href":"https:\/\/www.aadf.org\/sq\/wp-json\/wp\/v2\/comments?post=6612"}],"version-history":[{"count":1,"href":"https:\/\/www.aadf.org\/sq\/wp-json\/wp\/v2\/pages\/6612\/revisions"}],"predecessor-version":[{"id":6613,"href":"https:\/\/www.aadf.org\/sq\/wp-json\/wp\/v2\/pages\/6612\/revisions\/6613"}],"wp:attachment":[{"href":"https:\/\/www.aadf.org\/sq\/wp-json\/wp\/v2\/media?parent=6612"}],"curies":[{"name":"wp","href":"https:\/\/api.w.org\/{rel}","templated":true}]}}