{"id":6822,"date":"2026-01-29T21:43:04","date_gmt":"2026-01-29T20:43:04","guid":{"rendered":"https:\/\/www.aadf.org\/?page_id=6822"},"modified":"2026-02-03T10:49:10","modified_gmt":"2026-02-03T09:49:10","slug":"specialist-i-teknologjise-se-informacionit-2","status":"publish","type":"page","link":"https:\/\/www.aadf.org\/sq\/specialist-i-teknologjise-se-informacionit-2\/","title":{"rendered":"Specialist i teknologjis\u00eb s\u00eb informacionit"},"content":{"rendered":"<p>Fondacioni Shqiptaro-Amerikan p\u00ebr Zhvillim (AADF) \u00ebsht\u00eb nj\u00eb organizat\u00eb jofitimprur\u00ebse q\u00eb mb\u00ebshtet projekte zhvillimi n\u00eb Shqip\u00ebri, p\u00ebrmes investimeve n\u00eb programe dhe projekte q\u00eb forcojn\u00eb komunitetet, p\u00ebrmir\u00ebsojn\u00eb sh\u00ebrbimet publike dhe nxisin zhvillimin afatgjat\u00eb social dhe ekonomik.<\/p>\n<p><strong>P\u00ebrshkrimi i Pozicionit<\/strong><\/p>\n<p>Ky pozicion \u00ebsht\u00eb p\u00ebrgjegj\u00ebs p\u00ebr funksionimin e q\u00ebndruesh\u00ebm, t\u00eb sigurt dhe efikas t\u00eb infrastruktur\u00ebs IT dhe sistemeve digjitale t\u00eb AADF. Roli p\u00ebrfshin ofrimin e mb\u00ebshtetjes teknike n\u00eb terren, mir\u00ebmbajtjen e server\u00ebve, kompjuter\u00ebve, printer\u00ebve, rrjeteve dhe sistemeve t\u00eb siguris\u00eb, si dhe koordinimin dhe mb\u00ebshtetjen e platformave digjitale t\u00eb AADF, p\u00ebrfshir\u00eb sistemet ekzistuese dhe zgjidhjet e reja si platformat CRM\/ERP.<\/p>\n<p><a href=\"https:\/\/www.aadf.org\/sq\/specialist-i-teknologjise-se-informacionit\/\">Lexo m\u00eb shum\u00eb<\/a><\/p>\n<p><span class=\"a_GcMg font-feature-liga-off font-feature-clig-off font-feature-calt-off text-decoration-none text-strikethrough-none\"><\/span><\/p>\n<p><a href=\"https:\/\/www.aadf.org\/sq\/njoftimi-i-privatesise-se-te-dhenave-dhe-pelqimi-per-perdorimin-e-te-dhenave-te-aplikimit-per-pune\/\"><b>Njoftim mbi Privat\u00ebsin\u00eb e t\u00eb Dh\u00ebnave dhe P\u00eblqimi p\u00ebr P\u00ebrdorimin e t\u00eb Dh\u00ebnave t\u00eb Aplikimit p\u00ebr Pun\u00eb\u00a0<\/b><\/a><\/p>\n","protected":false},"excerpt":{"rendered":"<p>Fondacioni Shqiptaro-Amerikan p\u00ebr Zhvillim (AADF) \u00ebsht\u00eb nj\u00eb organizat\u00eb jofitimprur\u00ebse q\u00eb mb\u00ebshtet projekte zhvillimi n\u00eb Shqip\u00ebri, p\u00ebrmes investimeve n\u00eb programe dhe projekte q\u00eb forcojn\u00eb komunitetet, p\u00ebrmir\u00ebsojn\u00eb sh\u00ebrbimet publike dhe nxisin zhvillimin afatgjat\u00eb social dhe ekonomik. P\u00ebrshkrimi i Pozicionit Ky pozicion \u00ebsht\u00eb p\u00ebrgjegj\u00ebs p\u00ebr funksionimin e q\u00ebndruesh\u00ebm, t\u00eb sigurt dhe efikas t\u00eb infrastruktur\u00ebs IT dhe sistemeve digjitale [&hellip;]<\/p>\n","protected":false},"author":16,"featured_media":0,"parent":0,"menu_order":0,"comment_status":"closed","ping_status":"closed","template":"","meta":{"_acf_changed":false,"footnotes":""},"class_list":["post-6822","page","type-page","status-publish","hentry"],"acf":[],"yoast_head":"<!-- This site is optimized with the Yoast SEO plugin v27.5 - https:\/\/yoast.com\/product\/yoast-seo-wordpress\/ -->\n<title>Specialist i teknologjis\u00eb s\u00eb informacionit - Albanian - American Development Foundation<\/title>\n<meta name=\"description\" content=\"Ky pozicion \u00ebsht\u00eb p\u00ebrgjegj\u00ebs p\u00ebr garantimin e funksionimit t\u00eb q\u00ebndruesh\u00ebm, t\u00eb sigurt dhe efikas t\u00eb infrastruktur\u00ebs IT.\" \/>\n<meta name=\"robots\" content=\"index, follow, max-snippet:-1, max-image-preview:large, max-video-preview:-1\" \/>\n<link rel=\"canonical\" href=\"https:\/\/www.aadf.org\/sq\/specialist-i-teknologjise-se-informacionit-2\/\" \/>\n<meta property=\"og:locale\" content=\"sq_AL\" \/>\n<meta property=\"og:type\" content=\"article\" \/>\n<meta property=\"og:title\" content=\"Specialist i teknologjis\u00eb s\u00eb informacionit - Albanian - American Development Foundation\" \/>\n<meta property=\"og:description\" content=\"Ky pozicion \u00ebsht\u00eb p\u00ebrgjegj\u00ebs p\u00ebr garantimin e funksionimit t\u00eb q\u00ebndruesh\u00ebm, t\u00eb sigurt dhe efikas t\u00eb infrastruktur\u00ebs IT.\" \/>\n<meta property=\"og:url\" content=\"https:\/\/www.aadf.org\/sq\/specialist-i-teknologjise-se-informacionit-2\/\" \/>\n<meta property=\"og:site_name\" content=\"Albanian - American Development Foundation\" \/>\n<meta property=\"article:modified_time\" content=\"2026-02-03T09:49:10+00:00\" \/>\n<meta name=\"twitter:card\" content=\"summary_large_image\" \/>\n<meta name=\"twitter:label1\" content=\"Est. reading time\" \/>\n\t<meta name=\"twitter:data1\" content=\"1 minute\" \/>\n<script type=\"application\/ld+json\" class=\"yoast-schema-graph\">{\"@context\":\"https:\\\/\\\/schema.org\",\"@graph\":[{\"@type\":\"WebPage\",\"@id\":\"https:\\\/\\\/www.aadf.org\\\/sq\\\/specialist-i-teknologjise-se-informacionit-2\\\/\",\"url\":\"https:\\\/\\\/www.aadf.org\\\/sq\\\/specialist-i-teknologjise-se-informacionit-2\\\/\",\"name\":\"Specialist i teknologjis\u00eb s\u00eb informacionit - Albanian - American Development Foundation\",\"isPartOf\":{\"@id\":\"https:\\\/\\\/www.aadf.org\\\/#website\"},\"datePublished\":\"2026-01-29T20:43:04+00:00\",\"dateModified\":\"2026-02-03T09:49:10+00:00\",\"description\":\"Ky pozicion \u00ebsht\u00eb p\u00ebrgjegj\u00ebs p\u00ebr garantimin e funksionimit t\u00eb q\u00ebndruesh\u00ebm, t\u00eb sigurt dhe efikas t\u00eb infrastruktur\u00ebs IT.\",\"breadcrumb\":{\"@id\":\"https:\\\/\\\/www.aadf.org\\\/sq\\\/specialist-i-teknologjise-se-informacionit-2\\\/#breadcrumb\"},\"inLanguage\":\"sq-AL\",\"potentialAction\":[{\"@type\":\"ReadAction\",\"target\":[\"https:\\\/\\\/www.aadf.org\\\/sq\\\/specialist-i-teknologjise-se-informacionit-2\\\/\"]}]},{\"@type\":\"BreadcrumbList\",\"@id\":\"https:\\\/\\\/www.aadf.org\\\/sq\\\/specialist-i-teknologjise-se-informacionit-2\\\/#breadcrumb\",\"itemListElement\":[{\"@type\":\"ListItem\",\"position\":1,\"name\":\"Home\",\"item\":\"https:\\\/\\\/www.aadf.org\\\/sq\\\/\"},{\"@type\":\"ListItem\",\"position\":2,\"name\":\"Specialist i teknologjis\u00eb s\u00eb informacionit\"}]},{\"@type\":\"WebSite\",\"@id\":\"https:\\\/\\\/www.aadf.org\\\/#website\",\"url\":\"https:\\\/\\\/www.aadf.org\\\/\",\"name\":\"Albanian - American Development Foundation\",\"description\":\"\",\"potentialAction\":[{\"@type\":\"SearchAction\",\"target\":{\"@type\":\"EntryPoint\",\"urlTemplate\":\"https:\\\/\\\/www.aadf.org\\\/?s={search_term_string}\"},\"query-input\":{\"@type\":\"PropertyValueSpecification\",\"valueRequired\":true,\"valueName\":\"search_term_string\"}}],\"inLanguage\":\"sq-AL\"}]}<\/script>\n<!-- \/ Yoast SEO plugin. -->","yoast_head_json":{"title":"Specialist i teknologjis\u00eb s\u00eb informacionit - Albanian - American Development Foundation","description":"Ky pozicion \u00ebsht\u00eb p\u00ebrgjegj\u00ebs p\u00ebr garantimin e funksionimit t\u00eb q\u00ebndruesh\u00ebm, t\u00eb sigurt dhe efikas t\u00eb infrastruktur\u00ebs IT.","robots":{"index":"index","follow":"follow","max-snippet":"max-snippet:-1","max-image-preview":"max-image-preview:large","max-video-preview":"max-video-preview:-1"},"canonical":"https:\/\/www.aadf.org\/sq\/specialist-i-teknologjise-se-informacionit-2\/","og_locale":"sq_AL","og_type":"article","og_title":"Specialist i teknologjis\u00eb s\u00eb informacionit - Albanian - American Development Foundation","og_description":"Ky pozicion \u00ebsht\u00eb p\u00ebrgjegj\u00ebs p\u00ebr garantimin e funksionimit t\u00eb q\u00ebndruesh\u00ebm, t\u00eb sigurt dhe efikas t\u00eb infrastruktur\u00ebs IT.","og_url":"https:\/\/www.aadf.org\/sq\/specialist-i-teknologjise-se-informacionit-2\/","og_site_name":"Albanian - American Development Foundation","article_modified_time":"2026-02-03T09:49:10+00:00","twitter_card":"summary_large_image","twitter_misc":{"Est. reading time":"1 minute"},"schema":{"@context":"https:\/\/schema.org","@graph":[{"@type":"WebPage","@id":"https:\/\/www.aadf.org\/sq\/specialist-i-teknologjise-se-informacionit-2\/","url":"https:\/\/www.aadf.org\/sq\/specialist-i-teknologjise-se-informacionit-2\/","name":"Specialist i teknologjis\u00eb s\u00eb informacionit - Albanian - American Development Foundation","isPartOf":{"@id":"https:\/\/www.aadf.org\/#website"},"datePublished":"2026-01-29T20:43:04+00:00","dateModified":"2026-02-03T09:49:10+00:00","description":"Ky pozicion \u00ebsht\u00eb p\u00ebrgjegj\u00ebs p\u00ebr garantimin e funksionimit t\u00eb q\u00ebndruesh\u00ebm, t\u00eb sigurt dhe efikas t\u00eb infrastruktur\u00ebs IT.","breadcrumb":{"@id":"https:\/\/www.aadf.org\/sq\/specialist-i-teknologjise-se-informacionit-2\/#breadcrumb"},"inLanguage":"sq-AL","potentialAction":[{"@type":"ReadAction","target":["https:\/\/www.aadf.org\/sq\/specialist-i-teknologjise-se-informacionit-2\/"]}]},{"@type":"BreadcrumbList","@id":"https:\/\/www.aadf.org\/sq\/specialist-i-teknologjise-se-informacionit-2\/#breadcrumb","itemListElement":[{"@type":"ListItem","position":1,"name":"Home","item":"https:\/\/www.aadf.org\/sq\/"},{"@type":"ListItem","position":2,"name":"Specialist i teknologjis\u00eb s\u00eb informacionit"}]},{"@type":"WebSite","@id":"https:\/\/www.aadf.org\/#website","url":"https:\/\/www.aadf.org\/","name":"Albanian - American Development Foundation","description":"","potentialAction":[{"@type":"SearchAction","target":{"@type":"EntryPoint","urlTemplate":"https:\/\/www.aadf.org\/?s={search_term_string}"},"query-input":{"@type":"PropertyValueSpecification","valueRequired":true,"valueName":"search_term_string"}}],"inLanguage":"sq-AL"}]}},"_links":{"self":[{"href":"https:\/\/www.aadf.org\/sq\/wp-json\/wp\/v2\/pages\/6822","targetHints":{"allow":["GET"]}}],"collection":[{"href":"https:\/\/www.aadf.org\/sq\/wp-json\/wp\/v2\/pages"}],"about":[{"href":"https:\/\/www.aadf.org\/sq\/wp-json\/wp\/v2\/types\/page"}],"author":[{"embeddable":true,"href":"https:\/\/www.aadf.org\/sq\/wp-json\/wp\/v2\/users\/16"}],"replies":[{"embeddable":true,"href":"https:\/\/www.aadf.org\/sq\/wp-json\/wp\/v2\/comments?post=6822"}],"version-history":[{"count":6,"href":"https:\/\/www.aadf.org\/sq\/wp-json\/wp\/v2\/pages\/6822\/revisions"}],"predecessor-version":[{"id":6872,"href":"https:\/\/www.aadf.org\/sq\/wp-json\/wp\/v2\/pages\/6822\/revisions\/6872"}],"wp:attachment":[{"href":"https:\/\/www.aadf.org\/sq\/wp-json\/wp\/v2\/media?parent=6822"}],"curies":[{"name":"wp","href":"https:\/\/api.w.org\/{rel}","templated":true}]}}