{"id":6839,"date":"2026-01-30T15:55:26","date_gmt":"2026-01-30T14:55:26","guid":{"rendered":"https:\/\/www.aadf.org\/?page_id=6839"},"modified":"2026-01-30T16:05:14","modified_gmt":"2026-01-30T15:05:14","slug":"koordinator-projekti","status":"publish","type":"page","link":"https:\/\/www.aadf.org\/sq\/koordinator-projekti\/","title":{"rendered":"Koordinator Projekti"},"content":{"rendered":"<p>Fondacioni Shqiptaro-Amerikan p\u00ebr Zhvillim (AADF) u krijua n\u00eb vitin 2009 nga Fondi Shqiptaro-Amerikan i Nd\u00ebrmarrjeve, me mb\u00ebshtetjen dhe inkurajimin e Agjencis\u00eb s\u00eb Shteteve t\u00eb Bashkuara p\u00ebr Zhvillim Nd\u00ebrkomb\u00ebtar (USAID) dhe Qeveris\u00eb s\u00eb Shteteve t\u00eb Bashkuara.<br \/>\nMisioni i AADF \u00ebsht\u00eb t\u00eb leht\u00ebsoj\u00eb zhvillimin e nj\u00eb ekonomie t\u00eb q\u00ebndrueshme t\u00eb sektorit privat dhe nj\u00eb shoq\u00ebrie demokratike n\u00eb Shqip\u00ebri, si dhe t\u00eb kontribuoj\u00eb n\u00eb stabilitetin e Evrop\u00ebs Juglindore.<\/p>\n<p>AADF ushtron ndikim n\u00eb tre sektor\u00eb kryesor\u00eb n\u00eb vend: Arsim &amp; Lidership, Sip\u00ebrmarrje, Trash\u00ebgimi Kulturore &amp; Eko-Turiz\u00ebm. Programet dhe projektet aktive t\u00eb AADF synojn\u00eb t\u2019i shnd\u00ebrrojn\u00eb k\u00ebta sektor\u00eb n\u00eb motor\u00eb t\u00eb zhvillimit social dhe ekonomik t\u00eb vendit.<\/p>\n<h3 data-start=\"931\" data-end=\"957\">P\u00cbRSHKRIMI I POZICIONIT<\/h3>\n<p data-start=\"959\" data-end=\"1111\">Koordinatori i Projektit \u00ebsht\u00eb p\u00ebrgjegj\u00ebs p\u00ebr administrimin e detyrave t\u00eb p\u00ebrditshme gjat\u00eb t\u00eb gjitha fazave t\u00eb menaxhimit t\u00eb projektit.<\/p>\n<p><a href=\"https:\/\/www.aadf.org\/sq\/?page_id=6840\">Lexo m\u00eb shum\u00eb<\/a><\/p>\n<p><span class=\"a_GcMg font-feature-liga-off font-feature-clig-off font-feature-calt-off text-decoration-none text-strikethrough-none\"><\/span><\/p>\n<p><a href=\"https:\/\/www.aadf.org\/sq\/njoftimi-i-privatesise-se-te-dhenave-dhe-pelqimi-per-perdorimin-e-te-dhenave-te-aplikimit-per-pune\/\"><b>Njoftim mbi Privat\u00ebsin\u00eb e t\u00eb Dh\u00ebnave dhe P\u00eblqimi p\u00ebr P\u00ebrdorimin e t\u00eb Dh\u00ebnave t\u00eb Aplikimit p\u00ebr Pun\u00eb\u00a0<\/b><\/a><\/p>\n","protected":false},"excerpt":{"rendered":"<p>Fondacioni Shqiptaro-Amerikan p\u00ebr Zhvillim (AADF) u krijua n\u00eb vitin 2009 nga Fondi Shqiptaro-Amerikan i Nd\u00ebrmarrjeve, me mb\u00ebshtetjen dhe inkurajimin e Agjencis\u00eb s\u00eb Shteteve t\u00eb Bashkuara p\u00ebr Zhvillim Nd\u00ebrkomb\u00ebtar (USAID) dhe Qeveris\u00eb s\u00eb Shteteve t\u00eb Bashkuara. Misioni i AADF \u00ebsht\u00eb t\u00eb leht\u00ebsoj\u00eb zhvillimin e nj\u00eb ekonomie t\u00eb q\u00ebndrueshme t\u00eb sektorit privat dhe nj\u00eb shoq\u00ebrie demokratike n\u00eb [&hellip;]<\/p>\n","protected":false},"author":16,"featured_media":0,"parent":0,"menu_order":0,"comment_status":"closed","ping_status":"closed","template":"","meta":{"_acf_changed":false,"footnotes":""},"class_list":["post-6839","page","type-page","status-publish","hentry"],"acf":[],"yoast_head":"<!-- This site is optimized with the Yoast SEO plugin v27.5 - https:\/\/yoast.com\/product\/yoast-seo-wordpress\/ -->\n<title>Koordinator Projekti - Albanian - American Development Foundation<\/title>\n<meta name=\"description\" content=\"Koordinatori i Projektit \u00ebsht\u00eb p\u00ebrgjegj\u00ebs p\u00ebr administrimin e detyrave t\u00eb p\u00ebrditshme gjat\u00eb t\u00eb gjitha fazave t\u00eb menaxhimit t\u00eb projektit.\" \/>\n<meta name=\"robots\" content=\"index, follow, max-snippet:-1, max-image-preview:large, max-video-preview:-1\" \/>\n<link rel=\"canonical\" href=\"https:\/\/www.aadf.org\/sq\/koordinator-projekti\/\" \/>\n<meta property=\"og:locale\" content=\"sq_AL\" \/>\n<meta property=\"og:type\" content=\"article\" \/>\n<meta property=\"og:title\" content=\"Koordinator Projekti - Albanian - American Development Foundation\" \/>\n<meta property=\"og:description\" content=\"Koordinatori i Projektit \u00ebsht\u00eb p\u00ebrgjegj\u00ebs p\u00ebr administrimin e detyrave t\u00eb p\u00ebrditshme gjat\u00eb t\u00eb gjitha fazave t\u00eb menaxhimit t\u00eb projektit.\" \/>\n<meta property=\"og:url\" content=\"https:\/\/www.aadf.org\/sq\/koordinator-projekti\/\" \/>\n<meta property=\"og:site_name\" content=\"Albanian - American Development Foundation\" \/>\n<meta property=\"article:modified_time\" content=\"2026-01-30T15:05:14+00:00\" \/>\n<meta name=\"twitter:card\" content=\"summary_large_image\" \/>\n<meta name=\"twitter:label1\" content=\"Est. reading time\" \/>\n\t<meta name=\"twitter:data1\" content=\"1 minute\" \/>\n<script type=\"application\/ld+json\" class=\"yoast-schema-graph\">{\"@context\":\"https:\\\/\\\/schema.org\",\"@graph\":[{\"@type\":\"WebPage\",\"@id\":\"https:\\\/\\\/www.aadf.org\\\/sq\\\/koordinator-projekti\\\/\",\"url\":\"https:\\\/\\\/www.aadf.org\\\/sq\\\/koordinator-projekti\\\/\",\"name\":\"Koordinator Projekti - Albanian - American Development Foundation\",\"isPartOf\":{\"@id\":\"https:\\\/\\\/www.aadf.org\\\/#website\"},\"datePublished\":\"2026-01-30T14:55:26+00:00\",\"dateModified\":\"2026-01-30T15:05:14+00:00\",\"description\":\"Koordinatori i Projektit \u00ebsht\u00eb p\u00ebrgjegj\u00ebs p\u00ebr administrimin e detyrave t\u00eb p\u00ebrditshme gjat\u00eb t\u00eb gjitha fazave t\u00eb menaxhimit t\u00eb projektit.\",\"breadcrumb\":{\"@id\":\"https:\\\/\\\/www.aadf.org\\\/sq\\\/koordinator-projekti\\\/#breadcrumb\"},\"inLanguage\":\"sq-AL\",\"potentialAction\":[{\"@type\":\"ReadAction\",\"target\":[\"https:\\\/\\\/www.aadf.org\\\/sq\\\/koordinator-projekti\\\/\"]}]},{\"@type\":\"BreadcrumbList\",\"@id\":\"https:\\\/\\\/www.aadf.org\\\/sq\\\/koordinator-projekti\\\/#breadcrumb\",\"itemListElement\":[{\"@type\":\"ListItem\",\"position\":1,\"name\":\"Home\",\"item\":\"https:\\\/\\\/www.aadf.org\\\/sq\\\/\"},{\"@type\":\"ListItem\",\"position\":2,\"name\":\"Koordinator Projekti\"}]},{\"@type\":\"WebSite\",\"@id\":\"https:\\\/\\\/www.aadf.org\\\/#website\",\"url\":\"https:\\\/\\\/www.aadf.org\\\/\",\"name\":\"Albanian - American Development Foundation\",\"description\":\"\",\"potentialAction\":[{\"@type\":\"SearchAction\",\"target\":{\"@type\":\"EntryPoint\",\"urlTemplate\":\"https:\\\/\\\/www.aadf.org\\\/?s={search_term_string}\"},\"query-input\":{\"@type\":\"PropertyValueSpecification\",\"valueRequired\":true,\"valueName\":\"search_term_string\"}}],\"inLanguage\":\"sq-AL\"}]}<\/script>\n<!-- \/ Yoast SEO plugin. -->","yoast_head_json":{"title":"Koordinator Projekti - Albanian - American Development Foundation","description":"Koordinatori i Projektit \u00ebsht\u00eb p\u00ebrgjegj\u00ebs p\u00ebr administrimin e detyrave t\u00eb p\u00ebrditshme gjat\u00eb t\u00eb gjitha fazave t\u00eb menaxhimit t\u00eb projektit.","robots":{"index":"index","follow":"follow","max-snippet":"max-snippet:-1","max-image-preview":"max-image-preview:large","max-video-preview":"max-video-preview:-1"},"canonical":"https:\/\/www.aadf.org\/sq\/koordinator-projekti\/","og_locale":"sq_AL","og_type":"article","og_title":"Koordinator Projekti - Albanian - American Development Foundation","og_description":"Koordinatori i Projektit \u00ebsht\u00eb p\u00ebrgjegj\u00ebs p\u00ebr administrimin e detyrave t\u00eb p\u00ebrditshme gjat\u00eb t\u00eb gjitha fazave t\u00eb menaxhimit t\u00eb projektit.","og_url":"https:\/\/www.aadf.org\/sq\/koordinator-projekti\/","og_site_name":"Albanian - American Development Foundation","article_modified_time":"2026-01-30T15:05:14+00:00","twitter_card":"summary_large_image","twitter_misc":{"Est. reading time":"1 minute"},"schema":{"@context":"https:\/\/schema.org","@graph":[{"@type":"WebPage","@id":"https:\/\/www.aadf.org\/sq\/koordinator-projekti\/","url":"https:\/\/www.aadf.org\/sq\/koordinator-projekti\/","name":"Koordinator Projekti - Albanian - American Development Foundation","isPartOf":{"@id":"https:\/\/www.aadf.org\/#website"},"datePublished":"2026-01-30T14:55:26+00:00","dateModified":"2026-01-30T15:05:14+00:00","description":"Koordinatori i Projektit \u00ebsht\u00eb p\u00ebrgjegj\u00ebs p\u00ebr administrimin e detyrave t\u00eb p\u00ebrditshme gjat\u00eb t\u00eb gjitha fazave t\u00eb menaxhimit t\u00eb projektit.","breadcrumb":{"@id":"https:\/\/www.aadf.org\/sq\/koordinator-projekti\/#breadcrumb"},"inLanguage":"sq-AL","potentialAction":[{"@type":"ReadAction","target":["https:\/\/www.aadf.org\/sq\/koordinator-projekti\/"]}]},{"@type":"BreadcrumbList","@id":"https:\/\/www.aadf.org\/sq\/koordinator-projekti\/#breadcrumb","itemListElement":[{"@type":"ListItem","position":1,"name":"Home","item":"https:\/\/www.aadf.org\/sq\/"},{"@type":"ListItem","position":2,"name":"Koordinator Projekti"}]},{"@type":"WebSite","@id":"https:\/\/www.aadf.org\/#website","url":"https:\/\/www.aadf.org\/","name":"Albanian - American Development Foundation","description":"","potentialAction":[{"@type":"SearchAction","target":{"@type":"EntryPoint","urlTemplate":"https:\/\/www.aadf.org\/?s={search_term_string}"},"query-input":{"@type":"PropertyValueSpecification","valueRequired":true,"valueName":"search_term_string"}}],"inLanguage":"sq-AL"}]}},"_links":{"self":[{"href":"https:\/\/www.aadf.org\/sq\/wp-json\/wp\/v2\/pages\/6839","targetHints":{"allow":["GET"]}}],"collection":[{"href":"https:\/\/www.aadf.org\/sq\/wp-json\/wp\/v2\/pages"}],"about":[{"href":"https:\/\/www.aadf.org\/sq\/wp-json\/wp\/v2\/types\/page"}],"author":[{"embeddable":true,"href":"https:\/\/www.aadf.org\/sq\/wp-json\/wp\/v2\/users\/16"}],"replies":[{"embeddable":true,"href":"https:\/\/www.aadf.org\/sq\/wp-json\/wp\/v2\/comments?post=6839"}],"version-history":[{"count":1,"href":"https:\/\/www.aadf.org\/sq\/wp-json\/wp\/v2\/pages\/6839\/revisions"}],"predecessor-version":[{"id":6841,"href":"https:\/\/www.aadf.org\/sq\/wp-json\/wp\/v2\/pages\/6839\/revisions\/6841"}],"wp:attachment":[{"href":"https:\/\/www.aadf.org\/sq\/wp-json\/wp\/v2\/media?parent=6839"}],"curies":[{"name":"wp","href":"https:\/\/api.w.org\/{rel}","templated":true}]}}